{"id":4182,"date":"2015-06-20T16:11:19","date_gmt":"2015-06-20T15:11:19","guid":{"rendered":"http:\/\/anpp.wp\/?page_id=4182"},"modified":"2025-12-25T11:23:06","modified_gmt":"2025-12-25T10:23:06","slug":"presentation-de-lanpp","status":"publish","type":"page","link":"https:\/\/anpp.dz\/fr\/presentation-de-lanpp\/","title":{"rendered":"Pr\u00e9sentation de l&#8217;ANPP"},"content":{"rendered":"<div class=\"wpb-content-wrapper\">[vc_row][vc_column][vc_column_text css=&#8221;&#8221;]<h2 class=\"wp-block-heading has-text-align-center\">Cr\u00e9ation de l\u2019Agence Nationale des Produits Pharmaceutiques\n\n<img loading=\"lazy\" decoding=\"async\" class=\"aligncenter wp-image-19969 size-full\" src=\"https:\/\/anpp.dz\/wp-content\/uploads\/2024\/10\/IMG_4665-scaled.jpg\" alt=\"\" width=\"2560\" height=\"1439\" srcset=\"https:\/\/anpp.dz\/wp-content\/uploads\/2024\/10\/IMG_4665-scaled.jpg 2560w, https:\/\/anpp.dz\/wp-content\/uploads\/2024\/10\/IMG_4665-300x169.jpg 300w, https:\/\/anpp.dz\/wp-content\/uploads\/2024\/10\/IMG_4665-1024x576.jpg 1024w, https:\/\/anpp.dz\/wp-content\/uploads\/2024\/10\/IMG_4665-768x432.jpg 768w, https:\/\/anpp.dz\/wp-content\/uploads\/2024\/10\/IMG_4665-1536x864.jpg 1536w, https:\/\/anpp.dz\/wp-content\/uploads\/2024\/10\/IMG_4665-2048x1151.jpg 2048w, https:\/\/anpp.dz\/wp-content\/uploads\/2024\/10\/IMG_4665-310x174.jpg 310w\" sizes=\"auto, (max-width: 2560px) 100vw, 2560px\" \/><\/h2>\n<!-- \/wp:post-content --><!-- wp:paragraph -->Par <strong>loi n\u00b018-11 du 2 juillet 2018<\/strong> relative \u00e0 la sant\u00e9, en son <strong>article 223<\/strong>.\n\n<!-- \/wp:paragraph --><!-- wp:paragraph -->L\u2019agence est un \u00e9tablissement public \u00e0 gestion sp\u00e9cifique dot\u00e9 de la personnalit\u00e9 morale et de l\u2019autonomie financi\u00e8re, plac\u00e9 sous la tutelle du minist\u00e8re de la sant\u00e9 <strong>(Art 224 de la loi n\u00b018-11).<\/strong>\n\n<!-- \/wp:paragraph --><!-- wp:paragraph -->Cette tutelle a \u00e9t\u00e9 transf\u00e9r\u00e9e vers le <a href=\"https:\/\/www.miph.gov.dz\/fr\/\" target=\"_blank\" rel=\"noreferrer noopener\"><strong>minist\u00e9re de l\u2019industrie pharmaceutique<\/strong><\/a> par <strong>l\u2019ordonnance n\u00b020-02 du 30 ao\u00fbt 2020<\/strong> modifiant et compl\u00e9tant <strong>la loi n\u00b0 18-11 du 18 du 2 juillet 2018<\/strong> relative \u00e0 la sant\u00e9, article 1er.\n\n<!-- \/wp:paragraph --><!-- wp:heading {\"textAlign\":\"center\"} -->[\/vc_column_text][vc_gallery type=&#8221;image_grid&#8221; images=&#8221;19995,19996,20001,19981,19983,19985,19987,20003,19993,19973,19975,19969,19954,19952,19965,19968,19948,19944,19938,19940,19942&#8243; img_size=&#8221;400*300&#8243; css=&#8221;&#8221; title=&#8221;M\u00e9diath\u00e8que Direction de l&#8217;ANPP&#8221;][\/vc_column][\/vc_row]<\/div>","protected":false},"excerpt":{"rendered":"<p>[vc_row][vc_column][vc_column_text css=&#8221;&#8221;] Cr\u00e9ation de l\u2019Agence Nationale des Produits Pharmaceutiques Par loi n\u00b018-11 du 2 juillet 2018 relative \u00e0 la sant\u00e9, en son article 223. L\u2019agence est un \u00e9tablissement public \u00e0 gestion sp\u00e9cifique dot\u00e9 de la personnalit\u00e9 morale et de l\u2019autonomie financi\u00e8re, plac\u00e9 sous la tutelle du minist\u00e8re de la sant\u00e9 (Art 224 de la loi [&hellip;]<\/p>\n","protected":false},"author":1,"featured_media":0,"parent":0,"menu_order":0,"comment_status":"closed","ping_status":"closed","template":"","meta":{"footnotes":""},"class_list":["post-4182","page","type-page","status-publish","hentry"],"_links":{"self":[{"href":"https:\/\/anpp.dz\/fr\/wp-json\/wp\/v2\/pages\/4182","targetHints":{"allow":["GET"]}}],"collection":[{"href":"https:\/\/anpp.dz\/fr\/wp-json\/wp\/v2\/pages"}],"about":[{"href":"https:\/\/anpp.dz\/fr\/wp-json\/wp\/v2\/types\/page"}],"author":[{"embeddable":true,"href":"https:\/\/anpp.dz\/fr\/wp-json\/wp\/v2\/users\/1"}],"replies":[{"embeddable":true,"href":"https:\/\/anpp.dz\/fr\/wp-json\/wp\/v2\/comments?post=4182"}],"version-history":[{"count":50,"href":"https:\/\/anpp.dz\/fr\/wp-json\/wp\/v2\/pages\/4182\/revisions"}],"predecessor-version":[{"id":21281,"href":"https:\/\/anpp.dz\/fr\/wp-json\/wp\/v2\/pages\/4182\/revisions\/21281"}],"wp:attachment":[{"href":"https:\/\/anpp.dz\/fr\/wp-json\/wp\/v2\/media?parent=4182"}],"curies":[{"name":"wp","href":"https:\/\/api.w.org\/{rel}","templated":true}]}}