{"id":20926,"date":"2025-12-25T02:21:11","date_gmt":"2025-12-25T01:21:11","guid":{"rendered":"https:\/\/anpp.dz\/?page_id=20926"},"modified":"2026-03-13T16:28:08","modified_gmt":"2026-03-13T15:28:08","slug":"annexe-constantine","status":"publish","type":"page","link":"https:\/\/anpp.dz\/fr\/annexe-constantine\/","title":{"rendered":"Annexe Constantine"},"content":{"rendered":"<div class=\"wpb-content-wrapper\">[vc_row][vc_column][vc_column_text css=&#8221;&#8221;]<h2><strong><span class=\"a_GcMg font-feature-liga-off font-feature-clig-off font-feature-calt-off text-decoration-none text-strikethrough-none\">CR\u00c9ATION DE L\u2019ANNEXE DE CONSTANTINE :<\/span><\/strong><\/h2>\n&#8211;<strong>Arr\u00eat\u00e9 du 12 Joumada Ethania 1443 &#8211; Correspondant au 16 janvier 2022 portant cr\u00e9ation d&#8217;annexes r\u00e9gionales de l&#8217;agence nationale des produits pharmaceutiques.<\/strong>\n\n<strong>-Article 1er \u2014 En application des dispositions de l&#8217;article 4 du d\u00e9cret ex\u00e9cutif n\u00b0 19-190 du 30 Chaoual 1440 correspondant au 3 juillet 2019 fixant les missions, l&#8217;organisation et le fonctionnement de l&#8217;agence nationale des produits pharmaceutiques, le pr\u00e9sent arr\u00eat\u00e9 a pour objet la cr\u00e9ation d&#8217;annexes r\u00e9gionales de l&#8217;agence nationale des produits pharmaceutiques.<\/strong>[\/vc_column_text][\/vc_column][\/vc_row][vc_row css=&#8221;.vc_custom_1667833021083{margin-bottom: 20px !important;background-color: #fdf6ed !important;}&#8221;][vc_column width=&#8221;5\/6&#8243;][vc_column_text css=&#8221;&#8221;]<a href=\"https:\/\/www.joradp.dz\/FTP\/jo-francais\/2022\/F2022057.pdf#page=21\"><strong>Arr\u00eat\u00e9 du 12 Joumada Ethania 1443 \u2013 Correspondant au 16 janvier 2022 portant cr\u00e9ation d\u2019annexes r\u00e9gionales de l\u2019agence nationale des produits pharmaceutiques.<\/strong><\/a>[\/vc_column_text][\/vc_column][vc_column width=&#8221;1\/6&#8243;][vc_single_image image=&#8221;17930&#8243;][\/vc_column][\/vc_row][vc_row][vc_column][vc_column_text css=&#8221;&#8221;]<h2 class=\"cvGsUA direction-ltr align-start para-style-body\">COMPETENCES T\u00c9RRITORIALES&nbsp;:<\/h2>\n<strong>&#8211;<span class=\"a_GcMg font-feature-liga-off font-feature-clig-off font-feature-calt-off text-decoration-underline text-strikethrough-none\">26 wilayas<\/span><span class=\"a_GcMg font-feature-liga-off font-feature-clig-off font-feature-calt-off text-decoration-underline text-strikethrough-none\"> en activit\u00e9&nbsp;\n\n<\/span><\/strong>[\/vc_column_text][\/vc_column][\/vc_row][vc_row][vc_column][vc_single_image image=&#8221;21369&#8243; img_size=&#8221;1000*500&#8243; style=&#8221;vc_box_rounded&#8221; css=&#8221;&#8221; title=&#8221;ORGANIGRAMME ANNEXE R\u00c9GIONALE &#8220;CONSTANTINE&#8220; :&#8221;][\/vc_column][\/vc_row][vc_row][vc_column][vc_gallery type=&#8221;image_grid&#8221; images=&#8221;21080,21052,21054,21056,21058,21062,21064,21068,21070,21072,21074,21076,21078,21082,21084,21086,21088,21090,21092,21094,21096,21098,21100,21102,21104,21106,21108&#8243; img_size=&#8221;400*300&#8243; css=&#8221;&#8221; title=&#8221;M\u00c9DIATH\u00c8QUE ANNEXE CONSTANTINE&#8221;][\/vc_column][\/vc_row][vc_row][vc_column][vc_column_text css=&#8221;&#8221;]<!-- \/wp:post-content -->&nbsp;\n\n<!-- wp:paragraph -->\n<h2 class=\"wp-block-heading has-text-align-center\" style=\"text-align: left;\"><a href=\"https:\/\/maps.app.goo.gl\/maHdGmaLgdGhfZBg9\">ADRESSE ANNEXE CONSTANTINE :<\/a><\/h2>\n&nbsp;[\/vc_column_text][vc_goo_maps location=&#8221;Agence Nationale des Produits Pharmaceutiques &#8211; Constantine&#8221; zoom=&#8221;15&#8243; css=&#8221;&#8221;][\/vc_column][\/vc_row]<\/div>","protected":false},"excerpt":{"rendered":"<p>[vc_row][vc_column][vc_column_text css=&#8221;&#8221;] CR\u00c9ATION DE L\u2019ANNEXE DE CONSTANTINE : &#8211;Arr\u00eat\u00e9 du 12 Joumada Ethania 1443 &#8211; Correspondant au 16 janvier 2022 portant cr\u00e9ation d&#8217;annexes r\u00e9gionales de l&#8217;agence nationale des produits pharmaceutiques. -Article 1er \u2014 En application des dispositions de l&#8217;article 4 du d\u00e9cret ex\u00e9cutif n\u00b0 19-190 du 30 Chaoual 1440 correspondant au 3 juillet 2019 fixant [&hellip;]<\/p>\n","protected":false},"author":1,"featured_media":20859,"parent":0,"menu_order":0,"comment_status":"closed","ping_status":"closed","template":"","meta":{"footnotes":""},"class_list":["post-20926","page","type-page","status-publish","has-post-thumbnail","hentry"],"_links":{"self":[{"href":"https:\/\/anpp.dz\/fr\/wp-json\/wp\/v2\/pages\/20926","targetHints":{"allow":["GET"]}}],"collection":[{"href":"https:\/\/anpp.dz\/fr\/wp-json\/wp\/v2\/pages"}],"about":[{"href":"https:\/\/anpp.dz\/fr\/wp-json\/wp\/v2\/types\/page"}],"author":[{"embeddable":true,"href":"https:\/\/anpp.dz\/fr\/wp-json\/wp\/v2\/users\/1"}],"replies":[{"embeddable":true,"href":"https:\/\/anpp.dz\/fr\/wp-json\/wp\/v2\/comments?post=20926"}],"version-history":[{"count":16,"href":"https:\/\/anpp.dz\/fr\/wp-json\/wp\/v2\/pages\/20926\/revisions"}],"predecessor-version":[{"id":21375,"href":"https:\/\/anpp.dz\/fr\/wp-json\/wp\/v2\/pages\/20926\/revisions\/21375"}],"wp:featuredmedia":[{"embeddable":true,"href":"https:\/\/anpp.dz\/fr\/wp-json\/wp\/v2\/media\/20859"}],"wp:attachment":[{"href":"https:\/\/anpp.dz\/fr\/wp-json\/wp\/v2\/media?parent=20926"}],"curies":[{"name":"wp","href":"https:\/\/api.w.org\/{rel}","templated":true}]}}