{"id":20908,"date":"2025-12-25T01:57:12","date_gmt":"2025-12-25T00:57:12","guid":{"rendered":"https:\/\/anpp.dz\/?page_id=20908"},"modified":"2026-01-26T15:51:43","modified_gmt":"2026-01-26T14:51:43","slug":"mot-du-directeur-general","status":"publish","type":"page","link":"https:\/\/anpp.dz\/fr\/mot-du-directeur-general\/","title":{"rendered":"Mot du Directeur G\u00e9n\u00e9ral de l\u2019ANPP"},"content":{"rendered":"<div class=\"wpb-content-wrapper\">[vc_row][vc_column][vc_column_text css=&#8221;&#8221;]<h2 class=\"wp-block-heading has-text-align-center\">Mot du Directeur G\u00e9n\u00e9ral de l\u2019ANPP<\/h2>\n<!-- \/wp:post-content -->\n<p><!-- wp:paragraph --><img loading=\"lazy\" decoding=\"async\" class=\"aligncenter wp-image-21269\" src=\"https:\/\/anpp.dz\/wp-content\/uploads\/2025\/12\/WhatsApp-Image-2025-12-25-at-09.40.23.jpeg\" alt=\"\" width=\"700\" height=\"493\" srcset=\"https:\/\/anpp.dz\/wp-content\/uploads\/2025\/12\/WhatsApp-Image-2025-12-25-at-09.40.23.jpeg 1080w, https:\/\/anpp.dz\/wp-content\/uploads\/2025\/12\/WhatsApp-Image-2025-12-25-at-09.40.23-300x211.jpeg 300w, https:\/\/anpp.dz\/wp-content\/uploads\/2025\/12\/WhatsApp-Image-2025-12-25-at-09.40.23-1024x721.jpeg 1024w, https:\/\/anpp.dz\/wp-content\/uploads\/2025\/12\/WhatsApp-Image-2025-12-25-at-09.40.23-768x540.jpeg 768w, https:\/\/anpp.dz\/wp-content\/uploads\/2025\/12\/WhatsApp-Image-2025-12-25-at-09.40.23-310x218.jpeg 310w\" sizes=\"auto, (max-width: 700px) 100vw, 700px\" \/><\/p>\n<p>&nbsp;<\/p>\n<h3 style=\"text-align: center;\"><b><br>Bienvenue sur le site officiel de l\u2019Agence Nationale des Produits Pharmaceutiques (ANPP).<\/b><\/h3>\n<h3 style=\"text-align: center;\"><span style=\"font-weight: 400;\"><br>Notre mission est d\u2019assurer la <\/span><b>s\u00e9curit\u00e9, la qualit\u00e9 et l\u2019efficacit\u00e9<\/b><span style=\"font-weight: 400;\"> des produits pharmaceutiques mis \u00e0 la disposition des citoyens, tout en veillant \u00e0 <\/span><b>accompagner le d\u00e9veloppement du secteur pharmaceutique national<\/b><span style=\"font-weight: 400;\">.<\/span><\/h3>\n<h3 style=\"text-align: center;\"><span style=\"font-weight: 400;\">\u00c0 travers ce site, nous souhaitons offrir un espace d\u2019information <\/span><b>transparent, accessible et interactif<\/b><span style=\"font-weight: 400;\">, destin\u00e9 aussi bien aux professionnels de l\u2019industrie pharmaceutique et de la sant\u00e9 qu\u2019aux partenaires institutionnels et au grand public.<\/span><\/h3>\n<h3 style=\"text-align: center;\"><span style=\"font-weight: 400;\">L\u2019ANPP \u0153uvre chaque jour pour <\/span><b>renforcer la confiance<\/b><span style=\"font-weight: 400;\"> entre les acteurs du domaine pharmaceutique, <\/span><b>favoriser l\u2019innovation<\/b><span style=\"font-weight: 400;\"> et <\/span><b>soutenir la coop\u00e9ration<\/b><span style=\"font-weight: 400;\"> au niveau national et international.<\/span><\/h3>\n<h3 style=\"text-align: center;\"><span style=\"font-weight: 400;\">Nous vous invitons \u00e0 d\u00e9couvrir nos missions, nos activit\u00e9s et nos projets \u00e0 travers les diff\u00e9rentes rubriques de ce site, et \u00e0 suivre avec nous l\u2019\u00e9volution de l\u2019industrie pharmaceutique avec une <\/span><b>pharmacie alg\u00e9rienne moderne, performante et au service du citoyen.<\/b><\/h3>\n<p>&nbsp;<\/p>\n<h3 style=\"text-align: right;\"><b><\/b><span style=\"font-weight: 400;\"><br><\/span><b><br>Mr Delih Cherif<br>Directeur G\u00e9n\u00e9ral<\/b><span style=\"font-weight: 400;\"><br><\/span><b>Agence Nationale des Produits Pharmaceutiques (ANPP)<\/b><\/h3>[\/vc_column_text][\/vc_column][\/vc_row]<\/div>","protected":false},"excerpt":{"rendered":"<p>[vc_row][vc_column][vc_column_text css=&#8221;&#8221;] Mot du Directeur G\u00e9n\u00e9ral de l\u2019ANPP &nbsp; Bienvenue sur le site officiel de l\u2019Agence Nationale des Produits Pharmaceutiques (ANPP). Notre mission est d\u2019assurer la s\u00e9curit\u00e9, la qualit\u00e9 et l\u2019efficacit\u00e9 des produits pharmaceutiques mis \u00e0 la disposition des citoyens, tout en veillant \u00e0 accompagner le d\u00e9veloppement du secteur pharmaceutique national. \u00c0 travers ce site, [&hellip;]<\/p>\n","protected":false},"author":7,"featured_media":20859,"parent":0,"menu_order":0,"comment_status":"closed","ping_status":"closed","template":"","meta":{"footnotes":""},"class_list":["post-20908","page","type-page","status-publish","has-post-thumbnail","hentry"],"_links":{"self":[{"href":"https:\/\/anpp.dz\/fr\/wp-json\/wp\/v2\/pages\/20908","targetHints":{"allow":["GET"]}}],"collection":[{"href":"https:\/\/anpp.dz\/fr\/wp-json\/wp\/v2\/pages"}],"about":[{"href":"https:\/\/anpp.dz\/fr\/wp-json\/wp\/v2\/types\/page"}],"author":[{"embeddable":true,"href":"https:\/\/anpp.dz\/fr\/wp-json\/wp\/v2\/users\/7"}],"replies":[{"embeddable":true,"href":"https:\/\/anpp.dz\/fr\/wp-json\/wp\/v2\/comments?post=20908"}],"version-history":[{"count":20,"href":"https:\/\/anpp.dz\/fr\/wp-json\/wp\/v2\/pages\/20908\/revisions"}],"predecessor-version":[{"id":21786,"href":"https:\/\/anpp.dz\/fr\/wp-json\/wp\/v2\/pages\/20908\/revisions\/21786"}],"wp:featuredmedia":[{"embeddable":true,"href":"https:\/\/anpp.dz\/fr\/wp-json\/wp\/v2\/media\/20859"}],"wp:attachment":[{"href":"https:\/\/anpp.dz\/fr\/wp-json\/wp\/v2\/media?parent=20908"}],"curies":[{"name":"wp","href":"https:\/\/api.w.org\/{rel}","templated":true}]}}