{"id":20902,"date":"2025-12-25T01:35:11","date_gmt":"2025-12-25T00:35:11","guid":{"rendered":"https:\/\/anpp.dz\/?page_id=20902"},"modified":"2025-12-25T11:27:25","modified_gmt":"2025-12-25T10:27:25","slug":"missions","status":"publish","type":"page","link":"https:\/\/anpp.dz\/fr\/missions\/","title":{"rendered":"Missions"},"content":{"rendered":"<div class=\"wpb-content-wrapper\"><p>[vc_row full_width=&#8221;stretch_row&#8221; css_animation=&#8221;fadeIn&#8221; css=&#8221;.vc_custom_1766629697650{margin-bottom: 50px !important;padding-top: 60px !important;padding-bottom: 60px !important;background-color: #FFFFFF !important;background-position: 0 0 !important;background-repeat: no-repeat !important;}&#8221; el_class=&#8221;bg-center&#8221;][vc_column]\t\t<div class=\"ts-heading heading-1 heading-center text-default \">\n\t\t\t<h1 class=\"heading\">Nos Missions<\/h1>\n\t\t<\/div>\n\t\t[vc_row_inner][vc_column_inner width=&#8221;1\/3&#8243;][mvc_infobox link=&#8221;link_box&#8221; title_color=&#8221;#000000&#8243; info_title=&#8221;Enregistrement des Produits Pharmaceutiques&#8221; image_size=&#8221;150&#8243; btn_url=&#8221;url:%23&#8243; image_id=&#8221;21242&#8243; caption_url=&#8221;&#8221;][\/mvc_infobox][\/vc_column_inner][vc_column_inner width=&#8221;1\/3&#8243;][mvc_infobox link=&#8221;link_box&#8221; title_color=&#8221;#000000&#8243; info_title=&#8221;Homologation des Dispositifs M\u00e9dicaux&#8221; image_id=&#8221;21244&#8243; image_size=&#8221;150&#8243; btn_url=&#8221;url:%23&#8243; caption_url=&#8221;&#8221;][\/mvc_infobox][\/vc_column_inner][vc_column_inner width=&#8221;1\/3&#8243;][mvc_infobox link=&#8221;link_box&#8221; title_color=&#8221;#000000&#8243; info_title=&#8221;Contr\u00f4le de la Qualit\u00e9 et de l&#8217;Expertise&#8221; image_id=&#8221;21246&#8243; image_size=&#8221;150&#8243; btn_url=&#8221;url:%23&#8243; caption_url=&#8221;&#8221;][\/mvc_infobox][\/vc_column_inner][\/vc_row_inner][vc_row_inner][vc_column_inner][\/vc_column_inner][\/vc_row_inner][\/vc_column][\/vc_row][vc_row][vc_column][vc_column_text css=&#8221;&#8221;]<\/p>\r\n<h2 class=\"wp-block-heading has-text-align-center\">Missions Principales<\/h2>\r\n<!-- \/wp:post-content -->\r\n<p><!-- wp:paragraph --><strong>Enregistrement des produits pharmaceutiques<\/strong>\u00a0et octroi de la d\u00e9cision d\u2019enregistrement , de son renouvellement, de sa suspension, de son retrait, de sa cession et de son transfert, apr\u00e8s avis de la commission d\u2019enregistrement des produits pharmaceutiques.<\/p>\r\n<!-- \/wp:paragraph -->\r\n<p><!-- wp:paragraph --><strong>Homologation des dispositifs m\u00e9dicaux<\/strong>\u00a0et l\u2019octroi de la d\u00e9cision d\u2019homologation, de son renouvellement, de sa suspension, de son retrait, de sa cession et de son transfert, apr\u00e8s avis de la commission d\u2019homologation des dispositifs m\u00e9dicaux.<\/p>\r\n<!-- \/wp:paragraph -->\r\n<p><!-- wp:paragraph --><strong>Contr\u00f4le de la qualit\u00e9 et de l\u2019expertise<\/strong>\u00a0des produits pharmaceutiques et des dispositifs m\u00e9dicaux et la tenue des substances \u00e9talons et des produits de r\u00e9f\u00e9rence \u00e0 l\u2019\u00e9chelle nationale.<\/p>\r\n<!-- \/wp:paragraph -->\r\n<p><!-- wp:paragraph --><strong>Effectuer des missions d\u2019audits et d\u2019inspections<\/strong>\u00a0sur sites r\u00e9alis\u00e9es par des inspecteurs relevant de l\u2019agence et portant, notamment sur le contr\u00f4le de l\u2019application des r\u00e8gles de bonnes pratiques pharmaceutiques et les normes des dispositifs m\u00e9dicaux, conform\u00e9ment \u00e0 la l\u00e9gislation et \u00e0 la r\u00e9glementation en vigueur.<\/p>\r\n<!-- \/wp:paragraph -->\r\n<p><!-- wp:paragraph --><strong>Contribuer \u00e0 l\u2019\u00e9laboration<\/strong>\u00a0des strat\u00e9gies de d\u00e9veloppement du secteur pharmaceutique.<\/p>\r\n<!-- \/wp:paragraph -->\r\n<p><!-- wp:paragraph --><strong>Saisir les autorit\u00e9s comp\u00e9tentes<\/strong>\u00a0afin de prendre les mesures n\u00e9cessaires visant \u00e0 pr\u00e9server la sant\u00e9 publique lorsqu\u2019un produit pharmaceutique ou un dispositif m\u00e9dical pr\u00e9sente ou est soup\u00e7onn\u00e9 de pr\u00e9senter un danger pour la sant\u00e9 humaine.<\/p>\r\n<!-- \/wp:paragraph -->\r\n<p><!-- wp:paragraph --><strong>Emettre un avis<\/strong> sur les autorisations temporaires d\u2019utilisation <strong>(ATU)<\/strong> de m\u00e9dicaments non enregistr\u00e9s.<\/p>\r\n<!-- \/wp:paragraph -->\r\n<p><!-- wp:paragraph --><strong>Contribuer \u00e0 la d\u00e9finition des r\u00e8gles de bonnes pratiques<\/strong>\u00a0de fabrication, de stockage, de distribution et de dispensation des produits pharmaceutiques.<\/p>\r\n<!-- \/wp:paragraph -->\r\n<p><!-- wp:paragraph --><strong>Proc\u00e9der \u00e0 l\u2019\u00e9valuation scientifique<\/strong>\u00a0des b\u00e9n\u00e9fices, des risques et de la valeur th\u00e9rapeutique des produits pharmaceutiques et des dispositifs m\u00e9dicaux ainsi qu\u2019\u00e0 leur \u00e9valuation m\u00e9dico-\u00e9conomique.<\/p>\r\n<!-- \/wp:paragraph -->\r\n<p><!-- wp:paragraph --><strong>De contribuer \u00e0 l\u2019\u00e9tablissement des nomenclatures<\/strong> des produits pharmaceutiques et des dispositifs m\u00e9dicaux et \u00e0 leur actualisation.<\/p>\r\n<!-- \/wp:paragraph -->\r\n<p><!-- wp:paragraph --><strong>De contribuer \u00e0 l\u2019\u00e9laboration<\/strong>\u00a0de la liste des produits pharmaceutiques et des dispositifs m\u00e9dicaux essentiels.<\/p>\r\n<!-- \/wp:paragraph -->\r\n<p><!-- wp:paragraph --><strong>De contribuer \u00e0 l\u2019\u00e9laboration<\/strong>\u00a0du formulaire national des m\u00e9dicaments et de la pharmacop\u00e9e.<\/p>\r\n<!-- \/wp:paragraph -->\r\n<p><!-- wp:paragraph --><strong>De d\u00e9livrer l\u2019attestation des prix<\/strong> des m\u00e9dicaments \u00e0 l\u2019enregistrement, une fois fix\u00e9s par le comit\u00e9 \u00e9conomique intersectoriel des m\u00e9dicaments.<\/p>\r\n<!-- \/wp:paragraph -->\r\n<p><!-- wp:paragraph --><strong>De participer \u00e0 l\u2019\u00e9laboration<\/strong>\u00a0de la liste des m\u00e9dicaments remboursables par les organismes de s\u00e9curit\u00e9 sociale.<\/p>\r\n<!-- \/wp:paragraph -->\r\n<p><!-- wp:paragraph --><strong>De d\u00e9livrer les autorisations pr\u00e9alables<\/strong>\u00a0de promotion et de publicit\u00e9 des produits pharmaceutiques enregistr\u00e9s en direction des professionnels de la sant\u00e9.<\/p>\r\n<!-- \/wp:paragraph -->\r\n<p><!-- wp:paragraph --><strong>D\u2019\u00e9mettre un avis sur les demandes<\/strong>\u00a0de r\u00e9alisation des \u00e9tudes cliniques et des \u00e9tudes de bio\u00e9quivalence.<\/p>\r\n<!-- \/wp:paragraph -->\r\n<p><!-- wp:paragraph --><strong>D\u2019\u00e9mettre un avis<\/strong>\u00a0sur les normes, les r\u00e8gles de bonnes pratiques, les proc\u00e9dures et les m\u00e9thodes applicables aux \u00e9tudes cliniques portant sur les produits pharmaceutiques et les dispositifs m\u00e9dicaux.<\/p>\r\n<!-- \/wp:paragraph -->\r\n<p><!-- wp:paragraph --><strong>D\u2019entreprendre<\/strong>\u00a0toute \u00e9tude, recherche, action de formation ou d\u2019information dans les domaines de sa comp\u00e9tence et de contribuer \u00e0 la promotion de la recherche scientifique dans le domaine des produits pharmaceutiques et des dispositifs m\u00e9dicaux et de constituer les bases de donn\u00e9es y aff\u00e9rentes.<\/p>\r\n<!-- \/wp:paragraph -->\r\n<p><!-- wp:paragraph --><strong>D\u2019organiser<\/strong>\u00a0des s\u00e9minaires, des colloques, des journ\u00e9es d\u2019\u00e9tudes et autres manifestations en relation avec ses missions.<\/p>\r\n<!-- \/wp:paragraph -->\r\n<p><!-- wp:paragraph --><strong>De participer \u00e0 l\u2019\u00e9laboration<\/strong>\u00a0des projets de textes l\u00e9gislatifs et r\u00e9glementaires r\u00e9gissant les produits pharmaceutiques et les dispositifs m\u00e9dicaux.<\/p>\r\n<!-- \/wp:paragraph -->\r\n<p><!-- wp:paragraph --><strong>De mettre en \u0153uvre<\/strong>\u00a0les actions de coop\u00e9ration internationale, conform\u00e9ment \u00e0 la l\u00e9gislation et \u00e0 la r\u00e9glementation en vigueur.<\/p>\r\n<!-- \/wp:paragraph -->\r\n<p><!-- wp:paragraph --><strong>D\u2019\u00e9tablir un rapport annuel<\/strong>\u00a0sur ses activit\u00e9s qu\u2019elle adresse au ministre charg\u00e9 de l\u2019industrie pharmaceutique.<\/p>\r\n<p><!-- \/wp:paragraph -->\u00a0[\/vc_column_text][\/vc_column][\/vc_row]<\/p><\/div>","protected":false},"excerpt":{"rendered":"<p>[vc_row full_width=&#8221;stretch_row&#8221; css_animation=&#8221;fadeIn&#8221; css=&#8221;.vc_custom_1766629697650{margin-bottom: 50px !important;padding-top: 60px !important;padding-bottom: 60px !important;background-color: #FFFFFF !important;background-position: 0 0 !important;background-repeat: no-repeat !important;}&#8221; el_class=&#8221;bg-center&#8221;][vc_column][vc_row_inner][vc_column_inner width=&#8221;1\/3&#8243;][mvc_infobox link=&#8221;link_box&#8221; title_color=&#8221;#000000&#8243; info_title=&#8221;Enregistrement des Produits Pharmaceutiques&#8221; image_size=&#8221;150&#8243; btn_url=&#8221;url:%23&#8243; image_id=&#8221;21242&#8243; caption_url=&#8221;&#8221;][\/mvc_infobox][\/vc_column_inner][vc_column_inner width=&#8221;1\/3&#8243;][mvc_infobox link=&#8221;link_box&#8221; title_color=&#8221;#000000&#8243; info_title=&#8221;Homologation des Dispositifs M\u00e9dicaux&#8221; image_id=&#8221;21244&#8243; image_size=&#8221;150&#8243; btn_url=&#8221;url:%23&#8243; caption_url=&#8221;&#8221;][\/mvc_infobox][\/vc_column_inner][vc_column_inner width=&#8221;1\/3&#8243;][mvc_infobox link=&#8221;link_box&#8221; title_color=&#8221;#000000&#8243; info_title=&#8221;Contr\u00f4le de la Qualit\u00e9 et de l&#8217;Expertise&#8221; image_id=&#8221;21246&#8243; image_size=&#8221;150&#8243; btn_url=&#8221;url:%23&#8243; caption_url=&#8221;&#8221;][\/mvc_infobox][\/vc_column_inner][\/vc_row_inner][vc_row_inner][vc_column_inner][\/vc_column_inner][\/vc_row_inner][\/vc_column][\/vc_row][vc_row][vc_column][vc_column_text css=&#8221;&#8221;] [&hellip;]<\/p>\n","protected":false},"author":7,"featured_media":0,"parent":0,"menu_order":0,"comment_status":"closed","ping_status":"closed","template":"","meta":{"footnotes":""},"class_list":["post-20902","page","type-page","status-publish","hentry"],"_links":{"self":[{"href":"https:\/\/anpp.dz\/fr\/wp-json\/wp\/v2\/pages\/20902","targetHints":{"allow":["GET"]}}],"collection":[{"href":"https:\/\/anpp.dz\/fr\/wp-json\/wp\/v2\/pages"}],"about":[{"href":"https:\/\/anpp.dz\/fr\/wp-json\/wp\/v2\/types\/page"}],"author":[{"embeddable":true,"href":"https:\/\/anpp.dz\/fr\/wp-json\/wp\/v2\/users\/7"}],"replies":[{"embeddable":true,"href":"https:\/\/anpp.dz\/fr\/wp-json\/wp\/v2\/comments?post=20902"}],"version-history":[{"count":10,"href":"https:\/\/anpp.dz\/fr\/wp-json\/wp\/v2\/pages\/20902\/revisions"}],"predecessor-version":[{"id":21286,"href":"https:\/\/anpp.dz\/fr\/wp-json\/wp\/v2\/pages\/20902\/revisions\/21286"}],"wp:attachment":[{"href":"https:\/\/anpp.dz\/fr\/wp-json\/wp\/v2\/media?parent=20902"}],"curies":[{"name":"wp","href":"https:\/\/api.w.org\/{rel}","templated":true}]}}