{"id":20656,"date":"2025-07-28T19:02:07","date_gmt":"2025-07-28T18:02:07","guid":{"rendered":"https:\/\/anpp.dz\/?page_id=20656"},"modified":"2025-12-25T01:22:08","modified_gmt":"2025-12-25T00:22:08","slug":"telechargements-dce","status":"publish","type":"page","link":"https:\/\/anpp.dz\/fr\/telechargements-dce\/","title":{"rendered":"T\u00e9l\u00e9chargements DCE"},"content":{"rendered":"\r\n<div class=\"wp-block-wpfd-wpfd-category\"><script type=\"text\/x-handlebars-template\"        id=\"wpfd-template-table-categories-267\">    <div class=\"wpfd-categories hide\">{{#if category}}{{#with category}}{{#if parent}}<a class=\"catlink backcategory\" href=\"#\" data-idcat=\"{{parent}}\">                        <i class=\"zmdi zmdi-chevron-left\"><\/i><span>Retour<\/span><\/a>{{\/if}}{{\/with}}{{\/if}}{{#if category.desc}}<div class=\"wpfd-category-desc\">{{category.desc}}<\/div>{{\/if}}<\/div><\/script><script type=\"text\/x-handlebars-template\" id=\"wpfd-template-table-267\">    {{#if files}}    {{#each files}}    <tr class=\"file {{class}} {{ext}}\" data-id=\"{{ID}}\" data-catid=\"{{catid}}\">        <input type=\"hidden\" class=\"wpfd_file_preview_link_download\" value=\"{{linkdownload}}\" data-filetitle=\"{{post_title}}\" data-fileicons=\"ext ext-{{ext}} wpfd-icon-set-svg\" \/>    <td class=\"file_title\"><label class=\"wpfd_checkbox\"><input class=\"cbox_file_download\" type=\"checkbox\" data-id=\"{{ID}}\" \/><span><\/span><\/label><a class=\"wpfd_downloadlink\" href=\"{{linkdownload}}\" title=\"{{post_title}}\" target=\"{{#if remote_file}}_blank{{\/if}}\"><span class=\"extcol\">{{#if file_custom_icon}}<span class=\"icon-custom\"><img decoding=\"async\" src=\"{{file_custom_icon}}\"><\/span>{{else}}<span class=\"ext ext-{{ext}} wpfd-icon-set-svg\"><\/span>{{\/if}}<\/span>{{{crop_title}}}<\/a><\/td><td class=\"file_created\">{{created}}<\/td>                    <td class=\"col-download\">                <a class=\"downloadlink wpfd_downloadlink\"  href=\"{{linkdownload}}\" style=\"background-color:rgba(16, 49, 120, 1);color:#ffffff;\" target=\"{{#if remote_file}}_blank{{\/if}}\">T\u00e9l\u00e9charger<i class=\"zmdi zmdi-cloud-download wpfd-download\"><\/i><\/a>{{#if openpdflink}}<a class=\"openlink wpfd_previewlink\" href=\"{{openpdflink}}\" target=\"_blank\">Aper\u00e7u                            <i class=\"zmdi zmdi-filter-center-focus wpfd-preview\"><\/i>                        <\/a>{{else}}{{#if viewerlink}}<a                            href=\"{{viewerlink}}\"                            class=\"openlink wpfd_previewlink\"                            target=\"_blank\"                            data-id=\"{{ID}}\"                            data-catid=\"{{catid}}\"                            data-file-type=\"{{ext}}\">Aper\u00e7u<i class=\"zmdi zmdi-filter-center-focus wpfd-preview\"><\/i>                        <\/a>{{\/if}}{{\/if}}            <\/td>            <\/tr>    {{\/each}}    {{\/if}}<\/script><div class=\"wpfd-content wpfd-content-table wpfd-content-multi colstyle-hide\" data-category=\"267\"              style=\"background-color: rgba(255, 255, 255, 0);\"><input type=\"hidden\" id=\"current_category_267\" value=\"267\" \/>                    <input type=\"hidden\" id=\"current_category_slug_267\" value=\"telechargement-1753724351\" \/>                    <input type=\"hidden\" id=\"current_ordering_267\" value=\"created_time\" \/>                    <input type=\"hidden\" id=\"current_ordering_direction_267\" value=\"desc\" \/>                    <input type=\"hidden\" id=\"page_limit_267\" value=\"50\" \/><input type=\"hidden\" id=\"wpfd_display_empty_category_message\" value=\"0\" \/><input type=\"hidden\" id=\"wpfd_empty_category_message_val\" value=\"This file category has no files to display\" \/><input type=\"hidden\" id=\"wpfd_display_empty_folder\" value=\"0\" \/><input type=\"hidden\" id=\"wpfd_is_empty_subcategories\" value=\"1\" \/><input type=\"hidden\" id=\"wpfd_is_empty_files\" value=\"1\" \/><input type=\"hidden\" id=\"wpfd_root_category_id\" class=\"wpfd_root_category_id\" value=\"267\" \/><input type=\"hidden\" id=\"wpfd_root_category_theme\" class=\"wpfd_root_category_theme\" value=\"table\" \/><input type=\"hidden\" id=\"wpfd_root_category_clone_theme_type\" class=\"wpfd_root_category_clone_theme_type\" value=\"none\" \/><input type=\"hidden\" id=\"wpfd_root_category_type\" class=\"wpfd_root_category_type\" value=\"267\" \/><a data-catid=\"\"                       class=\"table-download-category \"                       href=\"https:\/\/anpp.dz\/download\/wpfdcat\/267\/telechargement\">Tout t\u00e9l\u00e9charger                        <i class=\"zmdi zmdi-check-all wpfd-download-category\"><\/i>                    <\/a><div class=\"wpfd-container\">        <div class=\"wpfd-open-tree\"><\/div>    <div class=\"wpfd-container-table  \">        <div class=\"wpfd-categories hide\"><div class=\"wpfd-category-desc\"><\/div><\/div>        <table class=\"wpfd-search-result wpfd-table wpfd-table-bordered wpfd-table-striped wpfd-table-0 mediaTable wpfd-theme-rows\">            <thead>                <tr>                    <th class=\"essential persist file_title\">Titre<\/th><th class=\"optional file_created\">Date d&#039;ajout<\/th><th class=\"essential file_download file_download_tbl\">T\u00e9l\u00e9charger<\/th>                <\/tr>            <\/thead>            <tbody>                                            <tr class=\"file docx\" data-id=\"21722\"                    data-catid=\"267\">                                        <input type=\"hidden\" class=\"wpfd_file_preview_link_download\" value=\"https:\/\/anpp.dz\/download\/267\/telechargement\/21722\/formulaire-de-reception-des-dm-importes-soumis-au-controle-de-liberation-de-lot-2.docx\"                           data-filetitle=\"Formulaire de r\u00e9ception des DM import\u00e9s soumis au contr\u00f4le de lib\u00e9ration de lot.\" data-fileicons=\"ext ext-docx wpfd-icon-set-svg\" \/>                    <td class=\"file_title\"><label class=\"wpfd_checkbox\"><input class=\"cbox_file_download\" type=\"checkbox\" data-id=\"21722\" data-catid=\"267\" \/><span><\/span><\/label><a class=\"wpfd_downloadlink\" href=\"https:\/\/anpp.dz\/download\/267\/telechargement\/21722\/formulaire-de-reception-des-dm-importes-soumis-au-controle-de-liberation-de-lot-2.docx\" title=\"Formulaire de r\u00e9ception des DM import\u00e9s soumis au contr\u00f4le de lib\u00e9ration de lot.\" target=\"\"><span class=\"extcol\"><span class=\"ext ext-docx wpfd-icon-set-svg\"><\/span>Formulaire de r\u00e9ception des DM import\u00e9s soumis au contr\u00f4le de lib\u00e9ration de lot.<\/span><\/a><\/td><td class=\"file_created\">08-01-2026<\/td>                                            <td class=\"file_download_tbl col-download\">                            <a class=\"downloadlink wpfd_downloadlink\"  href=\"https:\/\/anpp.dz\/download\/267\/telechargement\/21722\/formulaire-de-reception-des-dm-importes-soumis-au-controle-de-liberation-de-lot-2.docx\" style=\"background-color:rgba(16, 49, 120, 1);color:#ffffff;\" target=\"\">T\u00e9l\u00e9charger<i class=\"zmdi zmdi-cloud-download wpfd-download\"><\/i><\/a>                        <\/td>                                    <\/tr>                                                            <tr class=\"file xlsx\" data-id=\"20705\"                    data-catid=\"267\">                                        <input type=\"hidden\" class=\"wpfd_file_preview_link_download\" value=\"https:\/\/anpp.dz\/download\/267\/telechargement\/20705\/canevas-declaration-dm-non-homologues.xlsx\"                           data-filetitle=\"CANEVAS DECLARATION DM NON HOMOLOGUES\" data-fileicons=\"ext ext-xlsx wpfd-icon-set-svg\" \/>                    <td class=\"file_title\"><label class=\"wpfd_checkbox\"><input class=\"cbox_file_download\" type=\"checkbox\" data-id=\"20705\" data-catid=\"267\" \/><span><\/span><\/label><a class=\"wpfd_downloadlink\" href=\"https:\/\/anpp.dz\/download\/267\/telechargement\/20705\/canevas-declaration-dm-non-homologues.xlsx\" title=\"CANEVAS DECLARATION DM NON HOMOLOGUES\" target=\"\"><span class=\"extcol\"><span class=\"ext ext-xlsx wpfd-icon-set-svg\"><\/span>CANEVAS DECLARATION DM NON HOMOLOGUES<\/span><\/a><\/td><td class=\"file_created\">27-08-2025<\/td>                                            <td class=\"file_download_tbl col-download\">                            <a class=\"downloadlink wpfd_downloadlink\"  href=\"https:\/\/anpp.dz\/download\/267\/telechargement\/20705\/canevas-declaration-dm-non-homologues.xlsx\" style=\"background-color:rgba(16, 49, 120, 1);color:#ffffff;\" target=\"\">T\u00e9l\u00e9charger<i class=\"zmdi zmdi-cloud-download wpfd-download\"><\/i><\/a>                        <\/td>                                    <\/tr>                                                            <tr class=\"file pdf\" data-id=\"20654\"                    data-catid=\"267\">                                        <input type=\"hidden\" class=\"wpfd_file_preview_link_download\" value=\"https:\/\/anpp.dz\/download\/267\/telechargement\/20654\/table-dechantillonnage-des-pp-2.pdf\"                           data-filetitle=\"Table d&#039;\u00e9chantillonnage des PP\" data-fileicons=\"ext ext-pdf wpfd-icon-set-svg\" \/>                    <td class=\"file_title\"><label class=\"wpfd_checkbox\"><input class=\"cbox_file_download\" type=\"checkbox\" data-id=\"20654\" data-catid=\"267\" \/><span><\/span><\/label><a class=\"wpfd_downloadlink\" href=\"https:\/\/anpp.dz\/download\/267\/telechargement\/20654\/table-dechantillonnage-des-pp-2.pdf\" title=\"Table d&#039;\u00e9chantillonnage des PP\" target=\"\"><span class=\"extcol\"><span class=\"ext ext-pdf wpfd-icon-set-svg\"><\/span>Table d&#039;\u00e9chantillonnage des PP<\/span><\/a><\/td><td class=\"file_created\">28-07-2025<\/td>                                            <td class=\"file_download_tbl col-download\">                            <a class=\"downloadlink wpfd_downloadlink\"  href=\"https:\/\/anpp.dz\/download\/267\/telechargement\/20654\/table-dechantillonnage-des-pp-2.pdf\" style=\"background-color:rgba(16, 49, 120, 1);color:#ffffff;\" target=\"\">T\u00e9l\u00e9charger<i class=\"zmdi zmdi-cloud-download wpfd-download\"><\/i><\/a><a class=\"openlink wpfd_previewlink\" href=\"https:\/\/anpp.dz\/wp-admin\/admin-ajax.php?juwpfisadmin=false&#038;action=wpfd&#038;task=file.download&#038;wpfd_category_id=267&#038;wpfd_file_id=20654&#038;token=&#038;preview=1\" target=\"_blank\">Aper\u00e7u                            <i class=\"zmdi zmdi-filter-center-focus wpfd-preview\"><\/i>                        <\/a>                        <\/td>                                    <\/tr>                                                            <tr class=\"file docx\" data-id=\"20627\"                    data-catid=\"267\">                                        <input type=\"hidden\" class=\"wpfd_file_preview_link_download\" value=\"https:\/\/anpp.dz\/download\/267\/telechargement\/20627\/template-ca-sr-secondaire.docx\"                           data-filetitle=\"TEMPLATE CA SR secondaire\" data-fileicons=\"ext ext-docx wpfd-icon-set-svg\" \/>                    <td class=\"file_title\"><label class=\"wpfd_checkbox\"><input class=\"cbox_file_download\" type=\"checkbox\" data-id=\"20627\" data-catid=\"267\" \/><span><\/span><\/label><a class=\"wpfd_downloadlink\" href=\"https:\/\/anpp.dz\/download\/267\/telechargement\/20627\/template-ca-sr-secondaire.docx\" title=\"TEMPLATE CA SR secondaire\" target=\"\"><span class=\"extcol\"><span class=\"ext ext-docx wpfd-icon-set-svg\"><\/span>TEMPLATE CA SR secondaire<\/span><\/a><\/td><td class=\"file_created\">22-07-2025<\/td>                                            <td class=\"file_download_tbl col-download\">                            <a class=\"downloadlink wpfd_downloadlink\"  href=\"https:\/\/anpp.dz\/download\/267\/telechargement\/20627\/template-ca-sr-secondaire.docx\" style=\"background-color:rgba(16, 49, 120, 1);color:#ffffff;\" target=\"\">T\u00e9l\u00e9charger<i class=\"zmdi zmdi-cloud-download wpfd-download\"><\/i><\/a>                        <\/td>                                    <\/tr>                                                            <tr class=\"file docx\" data-id=\"20560\"                    data-catid=\"267\">                                        <input type=\"hidden\" class=\"wpfd_file_preview_link_download\" value=\"https:\/\/anpp.dz\/download\/267\/telechargement\/20560\/formulaire-de-reception-des-pp-importes-soumis-au-controle-de-liberation-de-lot.docx\"                           data-filetitle=\"Formulaire de r\u00e9ception des PP import\u00e9s soumis au contr\u00f4le de lib\u00e9ration de lot\" data-fileicons=\"ext ext-docx wpfd-icon-set-svg\" \/>                    <td class=\"file_title\"><label class=\"wpfd_checkbox\"><input class=\"cbox_file_download\" type=\"checkbox\" data-id=\"20560\" data-catid=\"267\" \/><span><\/span><\/label><a class=\"wpfd_downloadlink\" href=\"https:\/\/anpp.dz\/download\/267\/telechargement\/20560\/formulaire-de-reception-des-pp-importes-soumis-au-controle-de-liberation-de-lot.docx\" title=\"Formulaire de r\u00e9ception des PP import\u00e9s soumis au contr\u00f4le de lib\u00e9ration de lot\" target=\"\"><span class=\"extcol\"><span class=\"ext ext-docx wpfd-icon-set-svg\"><\/span>Formulaire de r\u00e9ception des PP import\u00e9s soumis au contr\u00f4le de lib\u00e9ration de lot<\/span><\/a><\/td><td class=\"file_created\">09-07-2025<\/td>                                            <td class=\"file_download_tbl col-download\">                            <a class=\"downloadlink wpfd_downloadlink\"  href=\"https:\/\/anpp.dz\/download\/267\/telechargement\/20560\/formulaire-de-reception-des-pp-importes-soumis-au-controle-de-liberation-de-lot.docx\" style=\"background-color:rgba(16, 49, 120, 1);color:#ffffff;\" target=\"\">T\u00e9l\u00e9charger<i class=\"zmdi zmdi-cloud-download wpfd-download\"><\/i><\/a>                        <\/td>                                    <\/tr>                                                            <tr class=\"file xlsx\" data-id=\"20326\"                    data-catid=\"267\">                                        <input type=\"hidden\" class=\"wpfd_file_preview_link_download\" value=\"https:\/\/anpp.dz\/download\/267\/telechargement\/20326\/canevas-declaration-journaliere-pp-dm-revision.xlsx\"                           data-filetitle=\"CANEVAS D\u00e9claration journali\u00e8re PP-DM (R\u00e9vision)\" data-fileicons=\"ext ext-xlsx wpfd-icon-set-svg\" \/>                    <td class=\"file_title\"><label class=\"wpfd_checkbox\"><input class=\"cbox_file_download\" type=\"checkbox\" data-id=\"20326\" data-catid=\"267\" \/><span><\/span><\/label><a class=\"wpfd_downloadlink\" href=\"https:\/\/anpp.dz\/download\/267\/telechargement\/20326\/canevas-declaration-journaliere-pp-dm-revision.xlsx\" title=\"CANEVAS D\u00e9claration journali\u00e8re PP-DM (R\u00e9vision)\" target=\"\"><span class=\"extcol\"><span class=\"ext ext-xlsx wpfd-icon-set-svg\"><\/span>CANEVAS D\u00e9claration journali\u00e8re PP-DM (R\u00e9vision)<\/span><\/a><\/td><td class=\"file_created\">05-05-2025<\/td>                                            <td class=\"file_download_tbl col-download\">                            <a class=\"downloadlink wpfd_downloadlink\"  href=\"https:\/\/anpp.dz\/download\/267\/telechargement\/20326\/canevas-declaration-journaliere-pp-dm-revision.xlsx\" style=\"background-color:rgba(16, 49, 120, 1);color:#ffffff;\" target=\"\">T\u00e9l\u00e9charger<i class=\"zmdi zmdi-cloud-download wpfd-download\"><\/i><\/a>                        <\/td>                                    <\/tr>                                                            <tr class=\"file xlsx\" data-id=\"18752\"                    data-catid=\"267\">                                        <input type=\"hidden\" class=\"wpfd_file_preview_link_download\" value=\"https:\/\/anpp.dz\/download\/267\/telechargement\/18752\/canevas-declaration-journaliere-pp.xlsx\"                           data-filetitle=\"CANEVAS D\u00e9claration journali\u00e8re PP\" data-fileicons=\"ext ext-xlsx wpfd-icon-set-svg\" \/>                    <td class=\"file_title\"><label class=\"wpfd_checkbox\"><input class=\"cbox_file_download\" type=\"checkbox\" data-id=\"18752\" data-catid=\"267\" \/><span><\/span><\/label><a class=\"wpfd_downloadlink\" href=\"https:\/\/anpp.dz\/download\/267\/telechargement\/18752\/canevas-declaration-journaliere-pp.xlsx\" title=\"CANEVAS D\u00e9claration journali\u00e8re PP\" target=\"\"><span class=\"extcol\"><span class=\"ext ext-xlsx wpfd-icon-set-svg\"><\/span>CANEVAS D\u00e9claration journali\u00e8re PP<\/span><\/a><\/td><td class=\"file_created\">24-11-2023<\/td>                                            <td class=\"file_download_tbl col-download\">                            <a class=\"downloadlink wpfd_downloadlink\"  href=\"https:\/\/anpp.dz\/download\/267\/telechargement\/18752\/canevas-declaration-journaliere-pp.xlsx\" style=\"background-color:rgba(16, 49, 120, 1);color:#ffffff;\" target=\"\">T\u00e9l\u00e9charger<i class=\"zmdi zmdi-cloud-download wpfd-download\"><\/i><\/a>                        <\/td>                                    <\/tr>                                                            <tr class=\"file docx\" data-id=\"18523\"                    data-catid=\"267\">                                        <input type=\"hidden\" class=\"wpfd_file_preview_link_download\" value=\"https:\/\/anpp.dz\/download\/267\/telechargement\/18523\/canevas-de-declaration-quotidienne-produit-pharmaceutique.docx\"                           data-filetitle=\"canevas de declaration quotidienne produit pharmaceutique\" data-fileicons=\"ext ext-docx wpfd-icon-set-svg\" \/>                    <td class=\"file_title\"><label class=\"wpfd_checkbox\"><input class=\"cbox_file_download\" type=\"checkbox\" data-id=\"18523\" data-catid=\"267\" \/><span><\/span><\/label><a class=\"wpfd_downloadlink\" href=\"https:\/\/anpp.dz\/download\/267\/telechargement\/18523\/canevas-de-declaration-quotidienne-produit-pharmaceutique.docx\" title=\"canevas de declaration quotidienne produit pharmaceutique\" target=\"\"><span class=\"extcol\"><span class=\"ext ext-docx wpfd-icon-set-svg\"><\/span>canevas de declaration quotidienne produit pharmaceutique<\/span><\/a><\/td><td class=\"file_created\">15-08-2023<\/td>                                            <td class=\"file_download_tbl col-download\">                            <a class=\"downloadlink wpfd_downloadlink\"  href=\"https:\/\/anpp.dz\/download\/267\/telechargement\/18523\/canevas-de-declaration-quotidienne-produit-pharmaceutique.docx\" style=\"background-color:rgba(16, 49, 120, 1);color:#ffffff;\" target=\"\">T\u00e9l\u00e9charger<i class=\"zmdi zmdi-cloud-download wpfd-download\"><\/i><\/a>                        <\/td>                                    <\/tr>                                                            <tr class=\"file docx\" data-id=\"18522\"                    data-catid=\"267\">                                        <input type=\"hidden\" class=\"wpfd_file_preview_link_download\" value=\"https:\/\/anpp.dz\/download\/267\/telechargement\/18522\/certificat-de-liberation-de-lot-du-produit-pharmaceutique.docx\"                           data-filetitle=\"certificat de lib\u00e9ration de lot du produit pharmaceutique\" data-fileicons=\"ext ext-docx wpfd-icon-set-svg\" \/>                    <td class=\"file_title\"><label class=\"wpfd_checkbox\"><input class=\"cbox_file_download\" type=\"checkbox\" data-id=\"18522\" data-catid=\"267\" \/><span><\/span><\/label><a class=\"wpfd_downloadlink\" href=\"https:\/\/anpp.dz\/download\/267\/telechargement\/18522\/certificat-de-liberation-de-lot-du-produit-pharmaceutique.docx\" title=\"certificat de lib\u00e9ration de lot du produit pharmaceutique\" target=\"\"><span class=\"extcol\"><span class=\"ext ext-docx wpfd-icon-set-svg\"><\/span>certificat de lib\u00e9ration de lot du produit pharmaceutique<\/span><\/a><\/td><td class=\"file_created\">15-08-2023<\/td>                                            <td class=\"file_download_tbl col-download\">                            <a class=\"downloadlink wpfd_downloadlink\"  href=\"https:\/\/anpp.dz\/download\/267\/telechargement\/18522\/certificat-de-liberation-de-lot-du-produit-pharmaceutique.docx\" style=\"background-color:rgba(16, 49, 120, 1);color:#ffffff;\" target=\"\">T\u00e9l\u00e9charger<i class=\"zmdi zmdi-cloud-download wpfd-download\"><\/i><\/a>                        <\/td>                                    <\/tr>                                                            <tr class=\"file docx\" data-id=\"18524\"                    data-catid=\"267\">                                        <input type=\"hidden\" class=\"wpfd_file_preview_link_download\" value=\"https:\/\/anpp.dz\/download\/267\/telechargement\/18524\/composition-du-dossier-de-liberation-de-lot.docx\"                           data-filetitle=\"composition du dossier de lib\u00e9ration de lot\" data-fileicons=\"ext ext-docx wpfd-icon-set-svg\" \/>                    <td class=\"file_title\"><label class=\"wpfd_checkbox\"><input class=\"cbox_file_download\" type=\"checkbox\" data-id=\"18524\" data-catid=\"267\" \/><span><\/span><\/label><a class=\"wpfd_downloadlink\" href=\"https:\/\/anpp.dz\/download\/267\/telechargement\/18524\/composition-du-dossier-de-liberation-de-lot.docx\" title=\"composition du dossier de lib\u00e9ration de lot\" target=\"\"><span class=\"extcol\"><span class=\"ext ext-docx wpfd-icon-set-svg\"><\/span>composition du dossier de lib\u00e9ration de lot<\/span><\/a><\/td><td class=\"file_created\">15-08-2023<\/td>                                            <td class=\"file_download_tbl col-download\">                            <a class=\"downloadlink wpfd_downloadlink\"  href=\"https:\/\/anpp.dz\/download\/267\/telechargement\/18524\/composition-du-dossier-de-liberation-de-lot.docx\" style=\"background-color:rgba(16, 49, 120, 1);color:#ffffff;\" target=\"\">T\u00e9l\u00e9charger<i class=\"zmdi zmdi-cloud-download wpfd-download\"><\/i><\/a>                        <\/td>                                    <\/tr>                                                            <tr class=\"file docx\" data-id=\"18520\"                    data-catid=\"267\">                                        <input type=\"hidden\" class=\"wpfd_file_preview_link_download\" value=\"https:\/\/anpp.dz\/download\/267\/telechargement\/18520\/canevas-de-certificat-de-liberation-de-lot.docx\"                           data-filetitle=\"canevas de certificat de liberation de lot\" data-fileicons=\"ext ext-docx wpfd-icon-set-svg\" \/>                    <td class=\"file_title\"><label class=\"wpfd_checkbox\"><input class=\"cbox_file_download\" type=\"checkbox\" data-id=\"18520\" data-catid=\"267\" \/><span><\/span><\/label><a class=\"wpfd_downloadlink\" href=\"https:\/\/anpp.dz\/download\/267\/telechargement\/18520\/canevas-de-certificat-de-liberation-de-lot.docx\" title=\"canevas de certificat de liberation de lot\" target=\"\"><span class=\"extcol\"><span class=\"ext ext-docx wpfd-icon-set-svg\"><\/span>canevas de certificat de liberation de lot<\/span><\/a><\/td><td class=\"file_created\">15-08-2023<\/td>                                            <td class=\"file_download_tbl col-download\">                            <a class=\"downloadlink wpfd_downloadlink\"  href=\"https:\/\/anpp.dz\/download\/267\/telechargement\/18520\/canevas-de-certificat-de-liberation-de-lot.docx\" style=\"background-color:rgba(16, 49, 120, 1);color:#ffffff;\" target=\"\">T\u00e9l\u00e9charger<i class=\"zmdi zmdi-cloud-download wpfd-download\"><\/i><\/a>                        <\/td>                                    <\/tr>                                                            <tr class=\"file docx\" data-id=\"18521\"                    data-catid=\"267\">                                        <input type=\"hidden\" class=\"wpfd_file_preview_link_download\" value=\"https:\/\/anpp.dz\/download\/267\/telechargement\/18521\/canevas-de-declaration-quotidienne-dispositif-medical.docx\"                           data-filetitle=\"canevas de declaration quotidienne dispositif m\u00e9dical\" data-fileicons=\"ext ext-docx wpfd-icon-set-svg\" \/>                    <td class=\"file_title\"><label class=\"wpfd_checkbox\"><input class=\"cbox_file_download\" type=\"checkbox\" data-id=\"18521\" data-catid=\"267\" \/><span><\/span><\/label><a class=\"wpfd_downloadlink\" href=\"https:\/\/anpp.dz\/download\/267\/telechargement\/18521\/canevas-de-declaration-quotidienne-dispositif-medical.docx\" title=\"canevas de declaration quotidienne dispositif m\u00e9dical\" target=\"\"><span class=\"extcol\"><span class=\"ext ext-docx wpfd-icon-set-svg\"><\/span>canevas de declaration quotidienne dispositif m\u00e9dical<\/span><\/a><\/td><td class=\"file_created\">15-08-2023<\/td>                                            <td class=\"file_download_tbl col-download\">                            <a class=\"downloadlink wpfd_downloadlink\"  href=\"https:\/\/anpp.dz\/download\/267\/telechargement\/18521\/canevas-de-declaration-quotidienne-dispositif-medical.docx\" style=\"background-color:rgba(16, 49, 120, 1);color:#ffffff;\" target=\"\">T\u00e9l\u00e9charger<i class=\"zmdi zmdi-cloud-download wpfd-download\"><\/i><\/a>                        <\/td>                                    <\/tr>                                        <\/tbody>        <\/table>            <\/div><\/div><\/div><\/div>\r\n","protected":false},"excerpt":{"rendered":"Tout t\u00e9l\u00e9charger TitreDate d&#039;ajoutT\u00e9l\u00e9charger Formulaire de r\u00e9ception des DM import\u00e9s soumis au contr\u00f4le de lib\u00e9ration de lot.08-01-2026 T\u00e9l\u00e9charger CANEVAS DECLARATION DM NON HOMOLOGUES27-08-2025 T\u00e9l\u00e9charger Table d&#039;\u00e9chantillonnage des PP28-07-2025 T\u00e9l\u00e9chargerAper\u00e7u TEMPLATE CA SR secondaire22-07-2025 T\u00e9l\u00e9charger Formulaire de r\u00e9ception des PP import\u00e9s soumis au contr\u00f4le de lib\u00e9ration de lot09-07-2025 T\u00e9l\u00e9charger CANEVAS D\u00e9claration journali\u00e8re PP-DM (R\u00e9vision)05-05-2025 T\u00e9l\u00e9charger CANEVAS [...]","protected":false},"author":1,"featured_media":0,"parent":0,"menu_order":0,"comment_status":"closed","ping_status":"closed","template":"","meta":{"footnotes":""},"class_list":["post-20656","page","type-page","status-publish","hentry"],"_links":{"self":[{"href":"https:\/\/anpp.dz\/fr\/wp-json\/wp\/v2\/pages\/20656","targetHints":{"allow":["GET"]}}],"collection":[{"href":"https:\/\/anpp.dz\/fr\/wp-json\/wp\/v2\/pages"}],"about":[{"href":"https:\/\/anpp.dz\/fr\/wp-json\/wp\/v2\/types\/page"}],"author":[{"embeddable":true,"href":"https:\/\/anpp.dz\/fr\/wp-json\/wp\/v2\/users\/1"}],"replies":[{"embeddable":true,"href":"https:\/\/anpp.dz\/fr\/wp-json\/wp\/v2\/comments?post=20656"}],"version-history":[{"count":2,"href":"https:\/\/anpp.dz\/fr\/wp-json\/wp\/v2\/pages\/20656\/revisions"}],"predecessor-version":[{"id":20658,"href":"https:\/\/anpp.dz\/fr\/wp-json\/wp\/v2\/pages\/20656\/revisions\/20658"}],"wp:attachment":[{"href":"https:\/\/anpp.dz\/fr\/wp-json\/wp\/v2\/media?parent=20656"}],"curies":[{"name":"wp","href":"https:\/\/api.w.org\/{rel}","templated":true}]}}