{"id":20398,"date":"2025-05-18T14:55:36","date_gmt":"2025-05-18T13:55:36","guid":{"rendered":"https:\/\/anpp.dz\/?page_id=20398"},"modified":"2025-12-25T11:36:16","modified_gmt":"2025-12-25T10:36:16","slug":"test-page","status":"publish","type":"page","link":"https:\/\/anpp.dz\/fr\/test-page\/","title":{"rendered":"Test"},"content":{"rendered":"<div class=\"wpb-content-wrapper\">[vc_row][vc_column][vc_column_text][\/vc_column_text][\/vc_column][\/vc_row][vc_row][vc_column][vc_empty_space height=&#8221;50 px&#8221;][\/vc_column][\/vc_row][vc_row][vc_column width=&#8221;1\/3&#8243;][vc_single_image image=&#8221;20958&#8243; img_size=&#8221;200&#215;100&#8243;][vc_empty_space height=&#8221;15px&#8221; el_class=&#8221;hidden-phone&#8221;][vc_column_text css=&#8221;.vc_custom_1766658750302{margin-bottom: 15px !important;}&#8221;]<p style=\"margin-bottom: 5px;\"><a href=\"https:\/\/maps.app.goo.gl\/buUAVsAjmwNqka9m7\">Lot G\u00e9raud Petit Staoueli<\/a><br>Dely Ibrahim,<br>Alger &#8211; Alg\u00e9rie<\/p>[\/vc_column_text][vc_empty_space height=&#8221;15px&#8221; el_class=&#8221;hidden-phone&#8221;]<section class=\"widget-container socialmediasize ts-social-icons\"><h3 class=\"widget-title heading-title hidden\">Social Icons<\/h3>\t\t\t\r\n\t\t\t<div class=\"social-icons show-tooltip columns-4\">\r\n\t\t\t\t<ul class=\"list-icons\">\r\n\t\t\t\t\t\t\t\t\t\t\t<li class=\"facebook\"><a href=\"https:\/\/www.facebook.com\/ANPP.AGENCE\" target=\"_blank\" title=\"\" ><i class=\"fab fa-facebook-f\"><\/i><span class=\"ts-tooltip social-tooltip\">Facebook<\/span><\/a><\/li>\t\t\t\t\r\n\t\t\t\t\t\t\t\t\t\t\t\t\t\t\t\t\t\t\t\t\t<li class=\"youtube\"><a href=\"#\" target=\"_blank\" title=\"\" ><i class=\"fab fa-youtube\"><\/i><span class=\"ts-tooltip social-tooltip\">Youtube<\/span><\/a><\/li>\r\n\t\t\t\t\t\t\t\t\t\t\t\t\t\t\t\t\t\t\t\t\t<li class=\"linkedin\"><a href=\"https:\/\/dz.linkedin.com\/company\/agence-nationale-des-produits-pharmaceutiques\" target=\"_blank\" title=\"\" ><i class=\"fab fa-linkedin-in\"><\/i><span class=\"ts-tooltip social-tooltip\">LinkedIn<\/span><\/a><\/li>\r\n\t\t\t\t\t\t\t\t\t\t\t\t\t\t\t\t<li class=\"twitter\"><a href=\"#\" target=\"_blank\" title=\"\" ><i class=\"fab fa-twitter\"><\/i><span class=\"ts-tooltip social-tooltip\">Twitter<\/span><\/a><\/li>\r\n\t\t\t\t\t\t\t\t\t\t\t\t\t\t\t\t\t\t\t\t\r\n\t\t\t\t\t\t\t\t\t\t\t\t\t\t\t\t\t\t\t<\/ul>\r\n\t\t\t<\/div>\r\n\r\n\t\t\t<\/section>[\/vc_column][vc_column width=&#8221;1\/3&#8243;][vc_custom_heading text=&#8221;Besoin d&#8217;aide?&#8221; font_container=&#8221;tag:h5|text_align:left&#8221; use_theme_fonts=&#8221;yes&#8221;][vc_column_text css=&#8221;.vc_custom_1684674966193{margin-bottom: 0px !important;}&#8221;]<p style=\"margin-bottom: 5px; line-height: 36px;\"><a href=\"tel:+21323367522\"><i class=\"fas fa-phone\" style=\"margin-right: 5px;\"><\/i> <strong>(+213) 23 36 75 22<\/strong><\/a>\n<a href=\"mailto:direction_generale@anpp.dz\"><i class=\"fas fa-envelope\" style=\"margin-right: 5px;\"><\/i><strong>direction_generale@anpp.dz<\/strong>\u00a0<\/a>\nDimanche- Jeudi : 8h30-16h30<\/p>\n\n\n<hr style=\"height: 1px; border-width: 0; color: #f0f2f5; background-color: #f0f2f5; margin-bottom: 18px;\" \/>[\/vc_column_text][\/vc_column][vc_column width=&#8221;1\/3&#8243;][vc_goo_maps location=&#8221;Lot G\u00e9raud Petit Staoueli Dely Ibrahim, Alger \u2013 Alg\u00e9rie&#8221; zoom=&#8221;14&#8243; css=&#8221;&#8221;][\/vc_column][\/vc_row][vc_row][vc_column][vc_empty_space height=&#8221;20px&#8221; el_class=&#8221;visible-phone&#8221;][vc_column_text]<p style=\"text-align: center;\">Tous les formulaires disponibles sur ce site web sont con\u00e7us en conformit\u00e9 avec la Loi n\u00b0 18-07 du 25 Ramadhan 1439 (correspondant au 10 juin 2018), relative \u00e0 la protection des personnes physiques lors du traitement des donn\u00e9es \u00e0 caract\u00e8re personnel.<\/p>[\/vc_column_text][\/vc_column][\/vc_row][vc_row][vc_column][vc_column_text][\/vc_column_text][\/vc_column][\/vc_row]<\/div>","protected":false},"excerpt":{"rendered":"<p>[vc_row][vc_column][vc_column_text][\/vc_column_text][\/vc_column][\/vc_row][vc_row][vc_column][vc_empty_space height=&#8221;50 px&#8221;][\/vc_column][\/vc_row][vc_row][vc_column width=&#8221;1\/3&#8243;][vc_single_image image=&#8221;20958&#8243; img_size=&#8221;200&#215;100&#8243;][vc_empty_space height=&#8221;15px&#8221; el_class=&#8221;hidden-phone&#8221;][vc_column_text css=&#8221;.vc_custom_1766658750302{margin-bottom: 15px !important;}&#8221;] Lot G\u00e9raud Petit StaoueliDely Ibrahim,Alger &#8211; Alg\u00e9rie [\/vc_column_text][vc_empty_space height=&#8221;15px&#8221; el_class=&#8221;hidden-phone&#8221;][\/vc_column][vc_column width=&#8221;1\/3&#8243;][vc_custom_heading text=&#8221;Besoin d&#8217;aide?&#8221; font_container=&#8221;tag:h5|text_align:left&#8221; use_theme_fonts=&#8221;yes&#8221;][vc_column_text css=&#8221;.vc_custom_1684674966193{margin-bottom: 0px !important;}&#8221;] (+213) 23 36 75 22 direction_generale@anpp.dz\u00a0 Dimanche- Jeudi : 8h30-16h30 [\/vc_column_text][\/vc_column][vc_column width=&#8221;1\/3&#8243;][vc_goo_maps location=&#8221;Lot G\u00e9raud Petit Staoueli Dely Ibrahim, Alger \u2013 Alg\u00e9rie&#8221; zoom=&#8221;14&#8243; css=&#8221;&#8221;][\/vc_column][\/vc_row][vc_row][vc_column][vc_empty_space height=&#8221;20px&#8221; el_class=&#8221;visible-phone&#8221;][vc_column_text] Tous [&hellip;]<\/p>\n","protected":false},"author":1,"featured_media":0,"parent":0,"menu_order":0,"comment_status":"closed","ping_status":"closed","template":"","meta":{"footnotes":""},"class_list":["post-20398","page","type-page","status-publish","hentry"],"_links":{"self":[{"href":"https:\/\/anpp.dz\/fr\/wp-json\/wp\/v2\/pages\/20398","targetHints":{"allow":["GET"]}}],"collection":[{"href":"https:\/\/anpp.dz\/fr\/wp-json\/wp\/v2\/pages"}],"about":[{"href":"https:\/\/anpp.dz\/fr\/wp-json\/wp\/v2\/types\/page"}],"author":[{"embeddable":true,"href":"https:\/\/anpp.dz\/fr\/wp-json\/wp\/v2\/users\/1"}],"replies":[{"embeddable":true,"href":"https:\/\/anpp.dz\/fr\/wp-json\/wp\/v2\/comments?post=20398"}],"version-history":[{"count":6,"href":"https:\/\/anpp.dz\/fr\/wp-json\/wp\/v2\/pages\/20398\/revisions"}],"predecessor-version":[{"id":21291,"href":"https:\/\/anpp.dz\/fr\/wp-json\/wp\/v2\/pages\/20398\/revisions\/21291"}],"wp:attachment":[{"href":"https:\/\/anpp.dz\/fr\/wp-json\/wp\/v2\/media?parent=20398"}],"curies":[{"name":"wp","href":"https:\/\/api.w.org\/{rel}","templated":true}]}}