{"id":20345,"date":"2025-05-12T11:04:48","date_gmt":"2025-05-12T10:04:48","guid":{"rendered":"https:\/\/anpp.dz\/?page_id=20345"},"modified":"2025-05-12T11:04:49","modified_gmt":"2025-05-12T10:04:49","slug":"plan-de-site","status":"publish","type":"page","link":"https:\/\/anpp.dz\/fr\/plan-de-site\/","title":{"rendered":"Plan de site"},"content":{"rendered":"\n<div class=\"wsp-container\"><h2 class=\"wsp-pages-title\">Pages<\/h2>\n<ul class=\"wsp-pages-list\">\n<li class=\"page_item page-item-20604\"><a href=\"https:\/\/anpp.dz\/fr\/a-propos-direction-enregistrement\/\">\u00c0 Propos \u2013 Direction d\u2019Enregistrement<\/a><\/li>\n<li class=\"page_item page-item-15598\"><a href=\"https:\/\/anpp.dz\/fr\/\">Accueil<\/a><\/li>\n<li class=\"page_item page-item-17691 current_page_parent\"><a href=\"https:\/\/anpp.dz\/fr\/actualites\/\">Actualit\u00e9s<\/a><\/li>\n<li class=\"page_item page-item-20926\"><a href=\"https:\/\/anpp.dz\/fr\/annexe-constantine\/\">Annexe Constantine<\/a><\/li>\n<li class=\"page_item page-item-20921\"><a href=\"https:\/\/anpp.dz\/fr\/annexe-oran\/\">Annexe Oran<\/a><\/li>\n<li class=\"page_item page-item-17943\"><a href=\"https:\/\/anpp.dz\/fr\/arretes\/\">Arr\u00eat\u00e9s<\/a><\/li>\n<li class=\"page_item page-item-19659\"><a href=\"https:\/\/anpp.dz\/fr\/comm-illicite-pp\/\">Commercialisation Illicite des Produits Pharmaceutiques<\/a><\/li>\n<li class=\"page_item page-item-1613\"><a href=\"https:\/\/anpp.dz\/fr\/contactez-nous\/\">Contactez-nous<\/a><\/li>\n<li class=\"page_item page-item-18108\"><a href=\"https:\/\/anpp.dz\/fr\/decisions\/\">D\u00e9cisions<\/a><\/li>\n<li class=\"page_item page-item-17920\"><a href=\"https:\/\/anpp.dz\/fr\/decrets\/\">D\u00e9crets<\/a><\/li>\n<li class=\"page_item page-item-18612\"><a href=\"https:\/\/anpp.dz\/fr\/rdv-dossiers-dm\/\">Formulaire de RDV : r\u00e9ception des dossiers des dispositifs m\u00e9dicaux<\/a><\/li>\n<li class=\"page_item page-item-18137\"><a href=\"https:\/\/anpp.dz\/fr\/rdv-dossiers-pp\/\">Formulaire de RDV : r\u00e9ception des dossiers des produits pharmaceutiques.<\/a><\/li>\n<li class=\"page_item page-item-20786\"><a href=\"https:\/\/anpp.dz\/fr\/guide\/\">Guide<\/a><\/li>\n<li class=\"page_item page-item-20892\"><a href=\"https:\/\/anpp.dz\/fr\/guidelines\/\">Guidelines<\/a><\/li>\n<li class=\"page_item page-item-20736\"><a href=\"https:\/\/anpp.dz\/fr\/lignes-directrices-direction-vtvi\/\">Lignes directrices \u2013 Direction VTVI<\/a><\/li>\n<li class=\"page_item page-item-17947\"><a href=\"https:\/\/anpp.dz\/fr\/lois\/\">Lois<\/a><\/li>\n<li class=\"page_item page-item-20902\"><a href=\"https:\/\/anpp.dz\/fr\/missions\/\">Missions<\/a><\/li>\n<li class=\"page_item page-item-20908\"><a href=\"https:\/\/anpp.dz\/fr\/mot-du-directeur-general\/\">Mot du Directeur G\u00e9n\u00e9ral de l\u2019ANPP<\/a><\/li>\n<li class=\"page_item page-item-17885\"><a href=\"https:\/\/anpp.dz\/fr\/notes\/\">Notes aux Etablissements Pharmaceutiques<\/a><\/li>\n<li class=\"page_item page-item-20887\"><a href=\"https:\/\/anpp.dz\/fr\/ordonnances\/\">Ordonnances<\/a><\/li>\n<li class=\"page_item page-item-17843\"><a href=\"https:\/\/anpp.dz\/fr\/organigramme\/\">Organigramme<\/a><\/li>\n<li class=\"page_item page-item-20345\"><a href=\"https:\/\/anpp.dz\/fr\/plan-de-site\/\">Plan de site<\/a><\/li>\n<li class=\"page_item page-item-4182\"><a href=\"https:\/\/anpp.dz\/fr\/presentation-de-lanpp\/\">Pr\u00e9sentation de l&#8217;ANPP<\/a><\/li>\n<li class=\"page_item page-item-20472\"><a href=\"https:\/\/anpp.dz\/fr\/receuil-des-exigences-legales\/\">Receuil des Exigences Legales<\/a><\/li>\n<li class=\"page_item page-item-20656\"><a href=\"https:\/\/anpp.dz\/fr\/telechargements-dce\/\">T\u00e9l\u00e9chargements DCE<\/a><\/li>\n<li class=\"page_item page-item-18569\"><a href=\"https:\/\/anpp.dz\/fr\/telechargements-dm\/\">T\u00e9l\u00e9chargements DM<\/a><\/li>\n<li class=\"page_item page-item-22137\"><a href=\"https:\/\/anpp.dz\/fr\/telechargements-dvtiv\/\">T\u00e9l\u00e9chargements DVTIV<\/a><\/li>\n<li class=\"page_item page-item-18535\"><a href=\"https:\/\/anpp.dz\/fr\/telechargements-pp\/\">T\u00e9l\u00e9chargements PP<\/a><\/li>\n<li class=\"page_item page-item-20398\"><a href=\"https:\/\/anpp.dz\/fr\/test-page\/\">Test<\/a><\/li>\n<li class=\"page_item page-item-17953\"><a href=\"https:\/\/anpp.dz\/fr\/textes-reglementaires-dm\/\">Textes R\u00e9glementaires relatifs aux Dispositifs M\u00e9dicaux<\/a><\/li>\n<li class=\"page_item page-item-17950\"><a href=\"https:\/\/anpp.dz\/fr\/textes-reglementaires-pp\/\">Textes R\u00e9glementaires relatifs aux Produits Pharmaceutiques<\/a><\/li>\n<li class=\"page_item page-item-18301\"><a href=\"https:\/\/anpp.dz\/fr\/visa-de-publicite\/\">Visa de publicit\u00e9<\/a><\/li>\n<\/ul>\n<\/div>\n\n\n\n<p><\/p>\n","protected":false},"excerpt":{"rendered":"Pages \u00c0 Propos \u2013 Direction d\u2019Enregistrement Accueil Actualit\u00e9s Annexe Constantine Annexe Oran Arr\u00eat\u00e9s Commercialisation Illicite des Produits Pharmaceutiques Contactez-nous D\u00e9cisions D\u00e9crets Formulaire de RDV : r\u00e9ception des dossiers des dispositifs m\u00e9dicaux Formulaire de RDV : r\u00e9ception des dossiers des produits pharmaceutiques. Guide Guidelines Lignes directrices \u2013 Direction VTVI Lois Missions Mot du Directeur G\u00e9n\u00e9ral de [...]","protected":false},"author":1,"featured_media":0,"parent":0,"menu_order":0,"comment_status":"closed","ping_status":"closed","template":"","meta":{"footnotes":""},"class_list":["post-20345","page","type-page","status-publish","hentry"],"_links":{"self":[{"href":"https:\/\/anpp.dz\/fr\/wp-json\/wp\/v2\/pages\/20345","targetHints":{"allow":["GET"]}}],"collection":[{"href":"https:\/\/anpp.dz\/fr\/wp-json\/wp\/v2\/pages"}],"about":[{"href":"https:\/\/anpp.dz\/fr\/wp-json\/wp\/v2\/types\/page"}],"author":[{"embeddable":true,"href":"https:\/\/anpp.dz\/fr\/wp-json\/wp\/v2\/users\/1"}],"replies":[{"embeddable":true,"href":"https:\/\/anpp.dz\/fr\/wp-json\/wp\/v2\/comments?post=20345"}],"version-history":[{"count":1,"href":"https:\/\/anpp.dz\/fr\/wp-json\/wp\/v2\/pages\/20345\/revisions"}],"predecessor-version":[{"id":20346,"href":"https:\/\/anpp.dz\/fr\/wp-json\/wp\/v2\/pages\/20345\/revisions\/20346"}],"wp:attachment":[{"href":"https:\/\/anpp.dz\/fr\/wp-json\/wp\/v2\/media?parent=20345"}],"curies":[{"name":"wp","href":"https:\/\/api.w.org\/{rel}","templated":true}]}}