{"id":18612,"date":"2023-10-01T14:49:49","date_gmt":"2023-10-01T13:49:49","guid":{"rendered":"https:\/\/anpp.dz\/?page_id=18612"},"modified":"2025-05-18T14:35:59","modified_gmt":"2025-05-18T13:35:59","slug":"rdv-dossiers-dm","status":"publish","type":"page","link":"https:\/\/anpp.dz\/fr\/rdv-dossiers-dm\/","title":{"rendered":"Formulaire de RDV : r\u00e9ception des dossiers des dispositifs m\u00e9dicaux"},"content":{"rendered":"\n\n\n<div style=\"height:55px\" aria-hidden=\"true\" class=\"wp-block-spacer\"><\/div>\n\n\n\n\n\n\n\n\n<div class=\"wp-block-image\">\n<figure class=\"aligncenter size-large\"><img loading=\"lazy\" decoding=\"async\" width=\"724\" height=\"1024\" src=\"https:\/\/anpp.dz\/wp-content\/uploads\/2024\/03\/NOTE-RELATIVES-AUX-OPERATEUR-DES-DM-724x1024.jpg\" alt=\"\" class=\"wp-image-18951\" srcset=\"https:\/\/anpp.dz\/wp-content\/uploads\/2024\/03\/NOTE-RELATIVES-AUX-OPERATEUR-DES-DM-724x1024.jpg 724w, https:\/\/anpp.dz\/wp-content\/uploads\/2024\/03\/NOTE-RELATIVES-AUX-OPERATEUR-DES-DM-212x300.jpg 212w, https:\/\/anpp.dz\/wp-content\/uploads\/2024\/03\/NOTE-RELATIVES-AUX-OPERATEUR-DES-DM-768x1086.jpg 768w, https:\/\/anpp.dz\/wp-content\/uploads\/2024\/03\/NOTE-RELATIVES-AUX-OPERATEUR-DES-DM-1086x1536.jpg 1086w, https:\/\/anpp.dz\/wp-content\/uploads\/2024\/03\/NOTE-RELATIVES-AUX-OPERATEUR-DES-DM-1448x2048.jpg 1448w, https:\/\/anpp.dz\/wp-content\/uploads\/2024\/03\/NOTE-RELATIVES-AUX-OPERATEUR-DES-DM-310x438.jpg 310w, https:\/\/anpp.dz\/wp-content\/uploads\/2024\/03\/NOTE-RELATIVES-AUX-OPERATEUR-DES-DM-scaled.jpg 1810w\" sizes=\"auto, (max-width: 724px) 100vw, 724px\" \/><\/figure>\n<\/div>","protected":false},"excerpt":{"rendered":"Formulaire de RDV : r\u00e9ception des dossiers des dispositifs m\u00e9dicaux. Le formulaire de prise de rendez-vous est accessible chaque jeudi \u00e0 partir de 11h00 jusqu'au mardi 11h00.Merci. Les jours de r\u00e9ception des dossiers sont les suivants : lundi, mardi et jeudi [ea_bootstrap width=\"100%\" service=\"3\" min_date=\"2024-03-25\" max_date=\"2024-03-28\" cal_auto_select]","protected":false},"author":1,"featured_media":0,"parent":0,"menu_order":0,"comment_status":"closed","ping_status":"closed","template":"","meta":{"footnotes":""},"class_list":["post-18612","page","type-page","status-publish","hentry"],"_links":{"self":[{"href":"https:\/\/anpp.dz\/fr\/wp-json\/wp\/v2\/pages\/18612","targetHints":{"allow":["GET"]}}],"collection":[{"href":"https:\/\/anpp.dz\/fr\/wp-json\/wp\/v2\/pages"}],"about":[{"href":"https:\/\/anpp.dz\/fr\/wp-json\/wp\/v2\/types\/page"}],"author":[{"embeddable":true,"href":"https:\/\/anpp.dz\/fr\/wp-json\/wp\/v2\/users\/1"}],"replies":[{"embeddable":true,"href":"https:\/\/anpp.dz\/fr\/wp-json\/wp\/v2\/comments?post=18612"}],"version-history":[{"count":84,"href":"https:\/\/anpp.dz\/fr\/wp-json\/wp\/v2\/pages\/18612\/revisions"}],"predecessor-version":[{"id":20389,"href":"https:\/\/anpp.dz\/fr\/wp-json\/wp\/v2\/pages\/18612\/revisions\/20389"}],"wp:attachment":[{"href":"https:\/\/anpp.dz\/fr\/wp-json\/wp\/v2\/media?parent=18612"}],"curies":[{"name":"wp","href":"https:\/\/api.w.org\/{rel}","templated":true}]}}