{"id":18569,"date":"2023-09-07T09:53:26","date_gmt":"2023-09-07T08:53:26","guid":{"rendered":"https:\/\/anpp.dz\/?page_id=18569"},"modified":"2025-12-25T01:22:25","modified_gmt":"2025-12-25T00:22:25","slug":"telechargements-dm","status":"publish","type":"page","link":"https:\/\/anpp.dz\/fr\/telechargements-dm\/","title":{"rendered":"T\u00e9l\u00e9chargements DM"},"content":{"rendered":"\r\n<div class=\"wp-block-wpfd-wpfd-category\"><script type=\"text\/x-handlebars-template\"        id=\"wpfd-template-table-categories-171\">    <div class=\"wpfd-categories hide\">{{#if category}}{{#with category}}{{#if parent}}<a class=\"catlink backcategory\" href=\"#\" data-idcat=\"{{parent}}\">                        <i class=\"zmdi zmdi-chevron-left\"><\/i><span>Retour<\/span><\/a>{{\/if}}{{\/with}}{{\/if}}{{#if category.desc}}<div class=\"wpfd-category-desc\">{{category.desc}}<\/div>{{\/if}}<\/div><\/script><script type=\"text\/x-handlebars-template\" id=\"wpfd-template-table-171\">    {{#if files}}    {{#each files}}    <tr class=\"file {{class}} {{ext}}\" data-id=\"{{ID}}\" data-catid=\"{{catid}}\">        <input type=\"hidden\" class=\"wpfd_file_preview_link_download\" value=\"{{linkdownload}}\" data-filetitle=\"{{post_title}}\" data-fileicons=\"ext ext-{{ext}} wpfd-icon-set-svg\" \/>    <td class=\"file_title\"><label class=\"wpfd_checkbox\"><input class=\"cbox_file_download\" type=\"checkbox\" data-id=\"{{ID}}\" \/><span><\/span><\/label><a class=\"wpfd_downloadlink\" href=\"{{linkdownload}}\" title=\"{{post_title}}\" target=\"{{#if remote_file}}_blank{{\/if}}\"><span class=\"extcol\">{{#if file_custom_icon}}<span class=\"icon-custom\"><img decoding=\"async\" src=\"{{file_custom_icon}}\"><\/span>{{else}}<span class=\"ext ext-{{ext}} wpfd-icon-set-svg\"><\/span>{{\/if}}<\/span>{{{crop_title}}}<\/a><\/td><td class=\"file_created\">{{created}}<\/td>                    <td class=\"col-download\">                <a class=\"downloadlink wpfd_downloadlink\"  href=\"{{linkdownload}}\" style=\"background-color:rgba(16, 49, 120, 1);color:#ffffff;\" target=\"{{#if remote_file}}_blank{{\/if}}\">T\u00e9l\u00e9charger<i class=\"zmdi zmdi-cloud-download wpfd-download\"><\/i><\/a>{{#if openpdflink}}<a class=\"openlink wpfd_previewlink\" href=\"{{openpdflink}}\" target=\"_blank\">Aper\u00e7u                            <i class=\"zmdi zmdi-filter-center-focus wpfd-preview\"><\/i>                        <\/a>{{else}}{{#if viewerlink}}<a                            href=\"{{viewerlink}}\"                            class=\"openlink wpfd_previewlink\"                            target=\"_blank\"                            data-id=\"{{ID}}\"                            data-catid=\"{{catid}}\"                            data-file-type=\"{{ext}}\">Aper\u00e7u<i class=\"zmdi zmdi-filter-center-focus wpfd-preview\"><\/i>                        <\/a>{{\/if}}{{\/if}}            <\/td>            <\/tr>    {{\/each}}    {{\/if}}<\/script><div class=\"wpfd-content wpfd-content-table wpfd-content-multi colstyle-hide\" data-category=\"171\"              style=\"background-color: rgba(255, 255, 255, 0);\"><input type=\"hidden\" id=\"current_category_171\" value=\"171\" \/>                    <input type=\"hidden\" id=\"current_category_slug_171\" value=\"telechargement-1756286195\" \/>                    <input type=\"hidden\" id=\"current_ordering_171\" value=\"created_time\" \/>                    <input type=\"hidden\" id=\"current_ordering_direction_171\" value=\"desc\" \/>                    <input type=\"hidden\" id=\"page_limit_171\" value=\"50\" \/><input type=\"hidden\" id=\"wpfd_display_empty_category_message\" value=\"0\" \/><input type=\"hidden\" id=\"wpfd_empty_category_message_val\" value=\"This file category has no files to display\" \/><input type=\"hidden\" id=\"wpfd_display_empty_folder\" value=\"0\" \/><input type=\"hidden\" id=\"wpfd_is_empty_subcategories\" value=\"1\" \/><input type=\"hidden\" id=\"wpfd_is_empty_files\" value=\"1\" \/><input type=\"hidden\" id=\"wpfd_root_category_id\" class=\"wpfd_root_category_id\" value=\"171\" \/><input type=\"hidden\" id=\"wpfd_root_category_theme\" class=\"wpfd_root_category_theme\" value=\"table\" \/><input type=\"hidden\" id=\"wpfd_root_category_clone_theme_type\" class=\"wpfd_root_category_clone_theme_type\" value=\"none\" \/><input type=\"hidden\" id=\"wpfd_root_category_type\" class=\"wpfd_root_category_type\" value=\"171\" \/><a data-catid=\"\"                       class=\"table-download-category \"                       href=\"https:\/\/anpp.dz\/download\/wpfdcat\/171\/telechargement\">Tout t\u00e9l\u00e9charger                        <i class=\"zmdi zmdi-check-all wpfd-download-category\"><\/i>                    <\/a><div class=\"wpfd-container\">        <div class=\"wpfd-open-tree\"><\/div>    <div class=\"wpfd-container-table  \">        <div class=\"wpfd-categories hide\"><div class=\"wpfd-category-desc\"><\/div><\/div>        <table class=\"wpfd-search-result wpfd-table wpfd-table-bordered wpfd-table-striped wpfd-table-0 mediaTable wpfd-theme-rows\">            <thead>                <tr>                    <th class=\"essential persist file_title\">Titre<\/th><th class=\"optional file_created\">Date d&#039;ajout<\/th><th class=\"essential file_download file_download_tbl\">T\u00e9l\u00e9charger<\/th>                <\/tr>            <\/thead>            <tbody>                                            <tr class=\"file docx\" data-id=\"20175\"                    data-catid=\"171\">                                        <input type=\"hidden\" class=\"wpfd_file_preview_link_download\" value=\"https:\/\/anpp.dz\/download\/171\/telechargement\/20175\/formulaire-de-demande-dhomologation.docx\"                           data-filetitle=\"FORMULAIRE DE DEMANDE D\u2019HOMOLOGATION\" data-fileicons=\"ext ext-docx wpfd-icon-set-svg\" \/>                    <td class=\"file_title\"><label class=\"wpfd_checkbox\"><input class=\"cbox_file_download\" type=\"checkbox\" data-id=\"20175\" data-catid=\"171\" \/><span><\/span><\/label><a class=\"wpfd_downloadlink\" href=\"https:\/\/anpp.dz\/download\/171\/telechargement\/20175\/formulaire-de-demande-dhomologation.docx\" title=\"FORMULAIRE DE DEMANDE D\u2019HOMOLOGATION\" target=\"\"><span class=\"extcol\"><span class=\"ext ext-docx wpfd-icon-set-svg\"><\/span>FORMULAIRE DE DEMANDE D\u2019HOMOLOGATION<\/span><\/a><\/td><td class=\"file_created\">30-01-2025<\/td>                                            <td class=\"file_download_tbl col-download\">                            <a class=\"downloadlink wpfd_downloadlink\"  href=\"https:\/\/anpp.dz\/download\/171\/telechargement\/20175\/formulaire-de-demande-dhomologation.docx\" style=\"background-color:rgba(16, 49, 120, 1);color:#ffffff;\" target=\"\">T\u00e9l\u00e9charger<i class=\"zmdi zmdi-cloud-download wpfd-download\"><\/i><\/a>                        <\/td>                                    <\/tr>                                                            <tr class=\"file docx\" data-id=\"20176\"                    data-catid=\"171\">                                        <input type=\"hidden\" class=\"wpfd_file_preview_link_download\" value=\"https:\/\/anpp.dz\/download\/171\/telechargement\/20176\/recepisse-de-depot-des-dossiers-soumis-a-lhomologation.docx\"                           data-filetitle=\"RECEPISSE DE DEPOT DES DOSSIERS SOUMIS A L\u2019HOMOLOGATION\" data-fileicons=\"ext ext-docx wpfd-icon-set-svg\" \/>                    <td class=\"file_title\"><label class=\"wpfd_checkbox\"><input class=\"cbox_file_download\" type=\"checkbox\" data-id=\"20176\" data-catid=\"171\" \/><span><\/span><\/label><a class=\"wpfd_downloadlink\" href=\"https:\/\/anpp.dz\/download\/171\/telechargement\/20176\/recepisse-de-depot-des-dossiers-soumis-a-lhomologation.docx\" title=\"RECEPISSE DE DEPOT DES DOSSIERS SOUMIS A L\u2019HOMOLOGATION\" target=\"\"><span class=\"extcol\"><span class=\"ext ext-docx wpfd-icon-set-svg\"><\/span>RECEPISSE DE DEPOT DES DOSSIERS SOUMIS A L\u2019HOMOLOGATION<\/span><\/a><\/td><td class=\"file_created\">30-01-2025<\/td>                                            <td class=\"file_download_tbl col-download\">                            <a class=\"downloadlink wpfd_downloadlink\"  href=\"https:\/\/anpp.dz\/download\/171\/telechargement\/20176\/recepisse-de-depot-des-dossiers-soumis-a-lhomologation.docx\" style=\"background-color:rgba(16, 49, 120, 1);color:#ffffff;\" target=\"\">T\u00e9l\u00e9charger<i class=\"zmdi zmdi-cloud-download wpfd-download\"><\/i><\/a>                        <\/td>                                    <\/tr>                                                            <tr class=\"file xlsx\" data-id=\"18751\"                    data-catid=\"171\">                                        <input type=\"hidden\" class=\"wpfd_file_preview_link_download\" value=\"https:\/\/anpp.dz\/download\/171\/telechargement\/18751\/canevas-declaration-journaliere-dm.xlsx\"                           data-filetitle=\"CANEVAS D\u00e9claration journali\u00e8re DM\" data-fileicons=\"ext ext-xlsx wpfd-icon-set-svg\" \/>                    <td class=\"file_title\"><label class=\"wpfd_checkbox\"><input class=\"cbox_file_download\" type=\"checkbox\" data-id=\"18751\" data-catid=\"171\" \/><span><\/span><\/label><a class=\"wpfd_downloadlink\" href=\"https:\/\/anpp.dz\/download\/171\/telechargement\/18751\/canevas-declaration-journaliere-dm.xlsx\" title=\"CANEVAS D\u00e9claration journali\u00e8re DM\" target=\"\"><span class=\"extcol\"><span class=\"ext ext-xlsx wpfd-icon-set-svg\"><\/span>CANEVAS D\u00e9claration journali\u00e8re DM<\/span><\/a><\/td><td class=\"file_created\">24-11-2023<\/td>                                            <td class=\"file_download_tbl col-download\">                            <a class=\"downloadlink wpfd_downloadlink\"  href=\"https:\/\/anpp.dz\/download\/171\/telechargement\/18751\/canevas-declaration-journaliere-dm.xlsx\" style=\"background-color:rgba(16, 49, 120, 1);color:#ffffff;\" target=\"\">T\u00e9l\u00e9charger<i class=\"zmdi zmdi-cloud-download wpfd-download\"><\/i><\/a>                        <\/td>                                    <\/tr>                                                            <tr class=\"file docx\" data-id=\"18561\"                    data-catid=\"171\">                                        <input type=\"hidden\" class=\"wpfd_file_preview_link_download\" value=\"https:\/\/anpp.dz\/download\/171\/telechargement\/18561\/demande-homologation.docx\"                           data-filetitle=\"Demande Homologation\" data-fileicons=\"ext ext-docx wpfd-icon-set-svg\" \/>                    <td class=\"file_title\"><label class=\"wpfd_checkbox\"><input class=\"cbox_file_download\" type=\"checkbox\" data-id=\"18561\" data-catid=\"171\" \/><span><\/span><\/label><a class=\"wpfd_downloadlink\" href=\"https:\/\/anpp.dz\/download\/171\/telechargement\/18561\/demande-homologation.docx\" title=\"Demande Homologation\" target=\"\"><span class=\"extcol\"><span class=\"ext ext-docx wpfd-icon-set-svg\"><\/span>Demande Homologation<\/span><\/a><\/td><td class=\"file_created\">30-08-2023<\/td>                                            <td class=\"file_download_tbl col-download\">                            <a class=\"downloadlink wpfd_downloadlink\"  href=\"https:\/\/anpp.dz\/download\/171\/telechargement\/18561\/demande-homologation.docx\" style=\"background-color:rgba(16, 49, 120, 1);color:#ffffff;\" target=\"\">T\u00e9l\u00e9charger<i class=\"zmdi zmdi-cloud-download wpfd-download\"><\/i><\/a>                        <\/td>                                    <\/tr>                                                            <tr class=\"file docx\" data-id=\"18559\"                    data-catid=\"171\">                                        <input type=\"hidden\" class=\"wpfd_file_preview_link_download\" value=\"https:\/\/anpp.dz\/download\/171\/telechargement\/18559\/bv-tranfert-dm.docx\"                           data-filetitle=\"BV Tranfert DM\" data-fileicons=\"ext ext-docx wpfd-icon-set-svg\" \/>                    <td class=\"file_title\"><label class=\"wpfd_checkbox\"><input class=\"cbox_file_download\" type=\"checkbox\" data-id=\"18559\" data-catid=\"171\" \/><span><\/span><\/label><a class=\"wpfd_downloadlink\" href=\"https:\/\/anpp.dz\/download\/171\/telechargement\/18559\/bv-tranfert-dm.docx\" title=\"BV Tranfert DM\" target=\"\"><span class=\"extcol\"><span class=\"ext ext-docx wpfd-icon-set-svg\"><\/span>BV Tranfert DM<\/span><\/a><\/td><td class=\"file_created\">30-08-2023<\/td>                                            <td class=\"file_download_tbl col-download\">                            <a class=\"downloadlink wpfd_downloadlink\"  href=\"https:\/\/anpp.dz\/download\/171\/telechargement\/18559\/bv-tranfert-dm.docx\" style=\"background-color:rgba(16, 49, 120, 1);color:#ffffff;\" target=\"\">T\u00e9l\u00e9charger<i class=\"zmdi zmdi-cloud-download wpfd-download\"><\/i><\/a>                        <\/td>                                    <\/tr>                                                            <tr class=\"file docx\" data-id=\"18558\"                    data-catid=\"171\">                                        <input type=\"hidden\" class=\"wpfd_file_preview_link_download\" value=\"https:\/\/anpp.dz\/download\/171\/telechargement\/18558\/bv-renouvellement-dm.docx\"                           data-filetitle=\"BV Renouvellement DM\" data-fileicons=\"ext ext-docx wpfd-icon-set-svg\" \/>                    <td class=\"file_title\"><label class=\"wpfd_checkbox\"><input class=\"cbox_file_download\" type=\"checkbox\" data-id=\"18558\" data-catid=\"171\" \/><span><\/span><\/label><a class=\"wpfd_downloadlink\" href=\"https:\/\/anpp.dz\/download\/171\/telechargement\/18558\/bv-renouvellement-dm.docx\" title=\"BV Renouvellement DM\" target=\"\"><span class=\"extcol\"><span class=\"ext ext-docx wpfd-icon-set-svg\"><\/span>BV Renouvellement DM<\/span><\/a><\/td><td class=\"file_created\">30-08-2023<\/td>                                            <td class=\"file_download_tbl col-download\">                            <a class=\"downloadlink wpfd_downloadlink\"  href=\"https:\/\/anpp.dz\/download\/171\/telechargement\/18558\/bv-renouvellement-dm.docx\" style=\"background-color:rgba(16, 49, 120, 1);color:#ffffff;\" target=\"\">T\u00e9l\u00e9charger<i class=\"zmdi zmdi-cloud-download wpfd-download\"><\/i><\/a>                        <\/td>                                    <\/tr>                                                            <tr class=\"file docx\" data-id=\"18557\"                    data-catid=\"171\">                                        <input type=\"hidden\" class=\"wpfd_file_preview_link_download\" value=\"https:\/\/anpp.dz\/download\/171\/telechargement\/18557\/bv-modification-dm.docx\"                           data-filetitle=\"BV Modification DM\" data-fileicons=\"ext ext-docx wpfd-icon-set-svg\" \/>                    <td class=\"file_title\"><label class=\"wpfd_checkbox\"><input class=\"cbox_file_download\" type=\"checkbox\" data-id=\"18557\" data-catid=\"171\" \/><span><\/span><\/label><a class=\"wpfd_downloadlink\" href=\"https:\/\/anpp.dz\/download\/171\/telechargement\/18557\/bv-modification-dm.docx\" title=\"BV Modification DM\" target=\"\"><span class=\"extcol\"><span class=\"ext ext-docx wpfd-icon-set-svg\"><\/span>BV Modification DM<\/span><\/a><\/td><td class=\"file_created\">30-08-2023<\/td>                                            <td class=\"file_download_tbl col-download\">                            <a class=\"downloadlink wpfd_downloadlink\"  href=\"https:\/\/anpp.dz\/download\/171\/telechargement\/18557\/bv-modification-dm.docx\" style=\"background-color:rgba(16, 49, 120, 1);color:#ffffff;\" target=\"\">T\u00e9l\u00e9charger<i class=\"zmdi zmdi-cloud-download wpfd-download\"><\/i><\/a>                        <\/td>                                    <\/tr>                                        <\/tbody>        <\/table>            <\/div><\/div><\/div><\/div>\r\n","protected":false},"excerpt":{"rendered":"Tout t\u00e9l\u00e9charger TitreDate d&#039;ajoutT\u00e9l\u00e9charger FORMULAIRE DE DEMANDE D\u2019HOMOLOGATION30-01-2025 T\u00e9l\u00e9charger RECEPISSE DE DEPOT DES DOSSIERS SOUMIS A L\u2019HOMOLOGATION30-01-2025 T\u00e9l\u00e9charger CANEVAS D\u00e9claration journali\u00e8re DM24-11-2023 T\u00e9l\u00e9charger Demande Homologation30-08-2023 T\u00e9l\u00e9charger BV Tranfert DM30-08-2023 T\u00e9l\u00e9charger BV Renouvellement DM30-08-2023 T\u00e9l\u00e9charger BV Modification DM30-08-2023 T\u00e9l\u00e9charger","protected":false},"author":1,"featured_media":0,"parent":0,"menu_order":0,"comment_status":"closed","ping_status":"closed","template":"","meta":{"footnotes":""},"class_list":["post-18569","page","type-page","status-publish","hentry"],"_links":{"self":[{"href":"https:\/\/anpp.dz\/fr\/wp-json\/wp\/v2\/pages\/18569","targetHints":{"allow":["GET"]}}],"collection":[{"href":"https:\/\/anpp.dz\/fr\/wp-json\/wp\/v2\/pages"}],"about":[{"href":"https:\/\/anpp.dz\/fr\/wp-json\/wp\/v2\/types\/page"}],"author":[{"embeddable":true,"href":"https:\/\/anpp.dz\/fr\/wp-json\/wp\/v2\/users\/1"}],"replies":[{"embeddable":true,"href":"https:\/\/anpp.dz\/fr\/wp-json\/wp\/v2\/comments?post=18569"}],"version-history":[{"count":2,"href":"https:\/\/anpp.dz\/fr\/wp-json\/wp\/v2\/pages\/18569\/revisions"}],"predecessor-version":[{"id":18571,"href":"https:\/\/anpp.dz\/fr\/wp-json\/wp\/v2\/pages\/18569\/revisions\/18571"}],"wp:attachment":[{"href":"https:\/\/anpp.dz\/fr\/wp-json\/wp\/v2\/media?parent=18569"}],"curies":[{"name":"wp","href":"https:\/\/api.w.org\/{rel}","templated":true}]}}