{"id":18535,"date":"2023-08-15T12:07:25","date_gmt":"2023-08-15T11:07:25","guid":{"rendered":"https:\/\/anpp.dz\/?page_id=18535"},"modified":"2025-12-25T01:22:44","modified_gmt":"2025-12-25T00:22:44","slug":"telechargements-pp","status":"publish","type":"page","link":"https:\/\/anpp.dz\/fr\/telechargements-pp\/","title":{"rendered":"T\u00e9l\u00e9chargements PP"},"content":{"rendered":"\r\n<div class=\"wp-block-wpfd-wpfd-category\"><script type=\"text\/x-handlebars-template\"        id=\"wpfd-template-table-categories-170\">    <div class=\"wpfd-categories hide\">{{#if category}}{{#with category}}{{#if parent}}<a class=\"catlink backcategory\" href=\"#\" data-idcat=\"{{parent}}\">                        <i class=\"zmdi zmdi-chevron-left\"><\/i><span>Retour<\/span><\/a>{{\/if}}{{\/with}}{{\/if}}{{#if category.desc}}<div class=\"wpfd-category-desc\">{{category.desc}}<\/div>{{\/if}}<\/div><\/script><script type=\"text\/x-handlebars-template\" id=\"wpfd-template-table-170\">    {{#if files}}    {{#each files}}    <tr class=\"file {{class}} {{ext}}\" data-id=\"{{ID}}\" data-catid=\"{{catid}}\">        <input type=\"hidden\" class=\"wpfd_file_preview_link_download\" value=\"{{linkdownload}}\" data-filetitle=\"{{post_title}}\" data-fileicons=\"ext ext-{{ext}} wpfd-icon-set-svg\" \/>    <td class=\"file_title\"><label class=\"wpfd_checkbox\"><input class=\"cbox_file_download\" type=\"checkbox\" data-id=\"{{ID}}\" \/><span><\/span><\/label><a class=\"wpfd_downloadlink\" href=\"{{linkdownload}}\" title=\"{{post_title}}\" target=\"{{#if remote_file}}_blank{{\/if}}\"><span class=\"extcol\">{{#if file_custom_icon}}<span class=\"icon-custom\"><img decoding=\"async\" src=\"{{file_custom_icon}}\"><\/span>{{else}}<span class=\"ext ext-{{ext}} wpfd-icon-set-svg\"><\/span>{{\/if}}<\/span>{{{crop_title}}}<\/a><\/td><td class=\"file_created\">{{created}}<\/td>                    <td class=\"col-download\">                <a class=\"downloadlink wpfd_downloadlink\"  href=\"{{linkdownload}}\" style=\"background-color:rgba(16, 49, 120, 1);color:#ffffff;\" target=\"{{#if remote_file}}_blank{{\/if}}\">T\u00e9l\u00e9charger<i class=\"zmdi zmdi-cloud-download wpfd-download\"><\/i><\/a>{{#if openpdflink}}<a class=\"openlink wpfd_previewlink\" href=\"{{openpdflink}}\" target=\"_blank\">Aper\u00e7u                            <i class=\"zmdi zmdi-filter-center-focus wpfd-preview\"><\/i>                        <\/a>{{else}}{{#if viewerlink}}<a                            href=\"{{viewerlink}}\"                            class=\"openlink wpfd_previewlink\"                            target=\"_blank\"                            data-id=\"{{ID}}\"                            data-catid=\"{{catid}}\"                            data-file-type=\"{{ext}}\">Aper\u00e7u<i class=\"zmdi zmdi-filter-center-focus wpfd-preview\"><\/i>                        <\/a>{{\/if}}{{\/if}}            <\/td>            <\/tr>    {{\/each}}    {{\/if}}<\/script><div class=\"wpfd-content wpfd-content-table wpfd-content-multi colstyle-hide\" data-category=\"170\"              style=\"background-color: rgba(255, 255, 255, 0);\"><input type=\"hidden\" id=\"current_category_170\" value=\"170\" \/>                    <input type=\"hidden\" id=\"current_category_slug_170\" value=\"telechargement\" \/>                    <input type=\"hidden\" id=\"current_ordering_170\" value=\"created_time\" \/>                    <input type=\"hidden\" id=\"current_ordering_direction_170\" value=\"desc\" \/>                    <input type=\"hidden\" id=\"page_limit_170\" value=\"50\" \/><input type=\"hidden\" id=\"wpfd_display_empty_category_message\" value=\"0\" \/><input type=\"hidden\" id=\"wpfd_empty_category_message_val\" value=\"This file category has no files to display\" \/><input type=\"hidden\" id=\"wpfd_display_empty_folder\" value=\"0\" \/><input type=\"hidden\" id=\"wpfd_is_empty_subcategories\" value=\"1\" \/><input type=\"hidden\" id=\"wpfd_is_empty_files\" value=\"1\" \/><input type=\"hidden\" id=\"wpfd_root_category_id\" class=\"wpfd_root_category_id\" value=\"170\" \/><input type=\"hidden\" id=\"wpfd_root_category_theme\" class=\"wpfd_root_category_theme\" value=\"table\" \/><input type=\"hidden\" id=\"wpfd_root_category_clone_theme_type\" class=\"wpfd_root_category_clone_theme_type\" value=\"none\" \/><input type=\"hidden\" id=\"wpfd_root_category_type\" class=\"wpfd_root_category_type\" value=\"170\" \/><a data-catid=\"\"                       class=\"table-download-category \"                       href=\"https:\/\/anpp.dz\/download\/wpfdcat\/170\/telechargement\">Tout t\u00e9l\u00e9charger                        <i class=\"zmdi zmdi-check-all wpfd-download-category\"><\/i>                    <\/a><div class=\"wpfd-container\">        <div class=\"wpfd-open-tree\"><\/div>    <div class=\"wpfd-container-table  \">        <div class=\"wpfd-categories hide\"><div class=\"wpfd-category-desc\"><\/div><\/div>        <table class=\"wpfd-search-result wpfd-table wpfd-table-bordered wpfd-table-striped wpfd-table-0 mediaTable wpfd-theme-rows\">            <thead>                <tr>                    <th class=\"essential persist file_title\">Titre<\/th><th class=\"optional file_created\">Date d&#039;ajout<\/th><th class=\"essential file_download file_download_tbl\">T\u00e9l\u00e9charger<\/th>                <\/tr>            <\/thead>            <tbody>                                            <tr class=\"file pdf\" data-id=\"20703\"                    data-catid=\"170\">                                        <input type=\"hidden\" class=\"wpfd_file_preview_link_download\" value=\"https:\/\/anpp.dz\/download\/170\/telechargement\/20703\/fr-depp02-d-v01-formulaire-de-demande-de-transfert.pdf\"                           data-filetitle=\"Fr-DEPP02-D V01 FORMULAIRE DE DEMANDE DE TRANSFERT\" data-fileicons=\"ext ext-pdf wpfd-icon-set-svg\" \/>                    <td class=\"file_title\"><label class=\"wpfd_checkbox\"><input class=\"cbox_file_download\" type=\"checkbox\" data-id=\"20703\" data-catid=\"170\" \/><span><\/span><\/label><a class=\"wpfd_downloadlink\" href=\"https:\/\/anpp.dz\/download\/170\/telechargement\/20703\/fr-depp02-d-v01-formulaire-de-demande-de-transfert.pdf\" title=\"Fr-DEPP02-D V01 FORMULAIRE DE DEMANDE DE TRANSFERT\" target=\"\"><span class=\"extcol\"><span class=\"ext ext-pdf wpfd-icon-set-svg\"><\/span>Fr-DEPP02-D V01 FORMULAIRE DE DEMANDE DE TRANSFERT<\/span><\/a><\/td><td class=\"file_created\">31-07-2025<\/td>                                            <td class=\"file_download_tbl col-download\">                            <a class=\"downloadlink wpfd_downloadlink\"  href=\"https:\/\/anpp.dz\/download\/170\/telechargement\/20703\/fr-depp02-d-v01-formulaire-de-demande-de-transfert.pdf\" style=\"background-color:rgba(16, 49, 120, 1);color:#ffffff;\" target=\"\">T\u00e9l\u00e9charger<i class=\"zmdi zmdi-cloud-download wpfd-download\"><\/i><\/a><a class=\"openlink wpfd_previewlink\" href=\"https:\/\/anpp.dz\/wp-admin\/admin-ajax.php?juwpfisadmin=false&#038;action=wpfd&#038;task=file.download&#038;wpfd_category_id=170&#038;wpfd_file_id=20703&#038;token=&#038;preview=1\" target=\"_blank\">Aper\u00e7u                            <i class=\"zmdi zmdi-filter-center-focus wpfd-preview\"><\/i>                        <\/a>                        <\/td>                                    <\/tr>                                                            <tr class=\"file pdf\" data-id=\"20702\"                    data-catid=\"170\">                                        <input type=\"hidden\" class=\"wpfd_file_preview_link_download\" value=\"https:\/\/anpp.dz\/download\/170\/telechargement\/20702\/fr-depp02-c-v01-formulaire-de-demande-de-renouvellement.pdf\"                           data-filetitle=\"Fr-DEPP02-C V01 FORMULAIRE DE DEMANDE DE RENOUVELLEMENT\" data-fileicons=\"ext ext-pdf wpfd-icon-set-svg\" \/>                    <td class=\"file_title\"><label class=\"wpfd_checkbox\"><input class=\"cbox_file_download\" type=\"checkbox\" data-id=\"20702\" data-catid=\"170\" \/><span><\/span><\/label><a class=\"wpfd_downloadlink\" href=\"https:\/\/anpp.dz\/download\/170\/telechargement\/20702\/fr-depp02-c-v01-formulaire-de-demande-de-renouvellement.pdf\" title=\"Fr-DEPP02-C V01 FORMULAIRE DE DEMANDE DE RENOUVELLEMENT\" target=\"\"><span class=\"extcol\"><span class=\"ext ext-pdf wpfd-icon-set-svg\"><\/span>Fr-DEPP02-C V01 FORMULAIRE DE DEMANDE DE RENOUVELLEMENT<\/span><\/a><\/td><td class=\"file_created\">31-07-2025<\/td>                                            <td class=\"file_download_tbl col-download\">                            <a class=\"downloadlink wpfd_downloadlink\"  href=\"https:\/\/anpp.dz\/download\/170\/telechargement\/20702\/fr-depp02-c-v01-formulaire-de-demande-de-renouvellement.pdf\" style=\"background-color:rgba(16, 49, 120, 1);color:#ffffff;\" target=\"\">T\u00e9l\u00e9charger<i class=\"zmdi zmdi-cloud-download wpfd-download\"><\/i><\/a><a class=\"openlink wpfd_previewlink\" href=\"https:\/\/anpp.dz\/wp-admin\/admin-ajax.php?juwpfisadmin=false&#038;action=wpfd&#038;task=file.download&#038;wpfd_category_id=170&#038;wpfd_file_id=20702&#038;token=&#038;preview=1\" target=\"_blank\">Aper\u00e7u                            <i class=\"zmdi zmdi-filter-center-focus wpfd-preview\"><\/i>                        <\/a>                        <\/td>                                    <\/tr>                                                            <tr class=\"file pdf\" data-id=\"20701\"                    data-catid=\"170\">                                        <input type=\"hidden\" class=\"wpfd_file_preview_link_download\" value=\"https:\/\/anpp.dz\/download\/170\/telechargement\/20701\/fr-depp02-b-v01-formulaire-de-demande-de-modification.pdf\"                           data-filetitle=\"Fr-DEPP02-B V01 FORMULAIRE DE DEMANDE DE MODIFICATION\" data-fileicons=\"ext ext-pdf wpfd-icon-set-svg\" \/>                    <td class=\"file_title\"><label class=\"wpfd_checkbox\"><input class=\"cbox_file_download\" type=\"checkbox\" data-id=\"20701\" data-catid=\"170\" \/><span><\/span><\/label><a class=\"wpfd_downloadlink\" href=\"https:\/\/anpp.dz\/download\/170\/telechargement\/20701\/fr-depp02-b-v01-formulaire-de-demande-de-modification.pdf\" title=\"Fr-DEPP02-B V01 FORMULAIRE DE DEMANDE DE MODIFICATION\" target=\"\"><span class=\"extcol\"><span class=\"ext ext-pdf wpfd-icon-set-svg\"><\/span>Fr-DEPP02-B V01 FORMULAIRE DE DEMANDE DE MODIFICATION<\/span><\/a><\/td><td class=\"file_created\">31-07-2025<\/td>                                            <td class=\"file_download_tbl col-download\">                            <a class=\"downloadlink wpfd_downloadlink\"  href=\"https:\/\/anpp.dz\/download\/170\/telechargement\/20701\/fr-depp02-b-v01-formulaire-de-demande-de-modification.pdf\" style=\"background-color:rgba(16, 49, 120, 1);color:#ffffff;\" target=\"\">T\u00e9l\u00e9charger<i class=\"zmdi zmdi-cloud-download wpfd-download\"><\/i><\/a><a class=\"openlink wpfd_previewlink\" href=\"https:\/\/anpp.dz\/wp-admin\/admin-ajax.php?juwpfisadmin=false&#038;action=wpfd&#038;task=file.download&#038;wpfd_category_id=170&#038;wpfd_file_id=20701&#038;token=&#038;preview=1\" target=\"_blank\">Aper\u00e7u                            <i class=\"zmdi zmdi-filter-center-focus wpfd-preview\"><\/i>                        <\/a>                        <\/td>                                    <\/tr>                                                            <tr class=\"file pdf\" data-id=\"20700\"                    data-catid=\"170\">                                        <input type=\"hidden\" class=\"wpfd_file_preview_link_download\" value=\"https:\/\/anpp.dz\/download\/170\/telechargement\/20700\/fr-depp02-a-v01-formulaire-de-demande-denregistrement.pdf\"                           data-filetitle=\"Fr-DEPP02-A V01 FORMULAIRE DE DEMANDE D&#039;ENREGISTREMENT\" data-fileicons=\"ext ext-pdf wpfd-icon-set-svg\" \/>                    <td class=\"file_title\"><label class=\"wpfd_checkbox\"><input class=\"cbox_file_download\" type=\"checkbox\" data-id=\"20700\" data-catid=\"170\" \/><span><\/span><\/label><a class=\"wpfd_downloadlink\" href=\"https:\/\/anpp.dz\/download\/170\/telechargement\/20700\/fr-depp02-a-v01-formulaire-de-demande-denregistrement.pdf\" title=\"Fr-DEPP02-A V01 FORMULAIRE DE DEMANDE D&#039;ENREGISTREMENT\" target=\"\"><span class=\"extcol\"><span class=\"ext ext-pdf wpfd-icon-set-svg\"><\/span>Fr-DEPP02-A V01 FORMULAIRE DE DEMANDE D&#039;ENREGISTREMENT<\/span><\/a><\/td><td class=\"file_created\">31-07-2025<\/td>                                            <td class=\"file_download_tbl col-download\">                            <a class=\"downloadlink wpfd_downloadlink\"  href=\"https:\/\/anpp.dz\/download\/170\/telechargement\/20700\/fr-depp02-a-v01-formulaire-de-demande-denregistrement.pdf\" style=\"background-color:rgba(16, 49, 120, 1);color:#ffffff;\" target=\"\">T\u00e9l\u00e9charger<i class=\"zmdi zmdi-cloud-download wpfd-download\"><\/i><\/a><a class=\"openlink wpfd_previewlink\" href=\"https:\/\/anpp.dz\/wp-admin\/admin-ajax.php?juwpfisadmin=false&#038;action=wpfd&#038;task=file.download&#038;wpfd_category_id=170&#038;wpfd_file_id=20700&#038;token=&#038;preview=1\" target=\"_blank\">Aper\u00e7u                            <i class=\"zmdi zmdi-filter-center-focus wpfd-preview\"><\/i>                        <\/a>                        <\/td>                                    <\/tr>                                                            <tr class=\"file pdf\" data-id=\"20415\"                    data-catid=\"170\">                                        <input type=\"hidden\" class=\"wpfd_file_preview_link_download\" value=\"https:\/\/anpp.dz\/download\/170\/telechargement\/20415\/table-dechantillonnage-des-pp.pdf\"                           data-filetitle=\"Table d&#039;\u00e9chantillonnage des PP\" data-fileicons=\"ext ext-pdf wpfd-icon-set-svg\" \/>                    <td class=\"file_title\"><label class=\"wpfd_checkbox\"><input class=\"cbox_file_download\" type=\"checkbox\" data-id=\"20415\" data-catid=\"170\" \/><span><\/span><\/label><a class=\"wpfd_downloadlink\" href=\"https:\/\/anpp.dz\/download\/170\/telechargement\/20415\/table-dechantillonnage-des-pp.pdf\" title=\"Table d&#039;\u00e9chantillonnage des PP\" target=\"\"><span class=\"extcol\"><span class=\"ext ext-pdf wpfd-icon-set-svg\"><\/span>Table d&#039;\u00e9chantillonnage des PP<\/span><\/a><\/td><td class=\"file_created\">26-05-2025<\/td>                                            <td class=\"file_download_tbl col-download\">                            <a class=\"downloadlink wpfd_downloadlink\"  href=\"https:\/\/anpp.dz\/download\/170\/telechargement\/20415\/table-dechantillonnage-des-pp.pdf\" style=\"background-color:rgba(16, 49, 120, 1);color:#ffffff;\" target=\"\">T\u00e9l\u00e9charger<i class=\"zmdi zmdi-cloud-download wpfd-download\"><\/i><\/a><a class=\"openlink wpfd_previewlink\" href=\"https:\/\/anpp.dz\/wp-admin\/admin-ajax.php?juwpfisadmin=false&#038;action=wpfd&#038;task=file.download&#038;wpfd_category_id=170&#038;wpfd_file_id=20415&#038;token=&#038;preview=1\" target=\"_blank\">Aper\u00e7u                            <i class=\"zmdi zmdi-filter-center-focus wpfd-preview\"><\/i>                        <\/a>                        <\/td>                                    <\/tr>                                                            <tr class=\"file docx\" data-id=\"18533\"                    data-catid=\"170\">                                        <input type=\"hidden\" class=\"wpfd_file_preview_link_download\" value=\"https:\/\/anpp.dz\/download\/170\/telechargement\/18533\/modele-de-la-structure.docx\"                           data-filetitle=\"mod\u00e9le de la structure\" data-fileicons=\"ext ext-docx wpfd-icon-set-svg\" \/>                    <td class=\"file_title\"><label class=\"wpfd_checkbox\"><input class=\"cbox_file_download\" type=\"checkbox\" data-id=\"18533\" data-catid=\"170\" \/><span><\/span><\/label><a class=\"wpfd_downloadlink\" href=\"https:\/\/anpp.dz\/download\/170\/telechargement\/18533\/modele-de-la-structure.docx\" title=\"mod\u00e9le de la structure\" target=\"\"><span class=\"extcol\"><span class=\"ext ext-docx wpfd-icon-set-svg\"><\/span>mod\u00e9le de la structure<\/span><\/a><\/td><td class=\"file_created\">15-08-2023<\/td>                                            <td class=\"file_download_tbl col-download\">                            <a class=\"downloadlink wpfd_downloadlink\"  href=\"https:\/\/anpp.dz\/download\/170\/telechargement\/18533\/modele-de-la-structure.docx\" style=\"background-color:rgba(16, 49, 120, 1);color:#ffffff;\" target=\"\">T\u00e9l\u00e9charger<i class=\"zmdi zmdi-cloud-download wpfd-download\"><\/i><\/a>                        <\/td>                                    <\/tr>                                                            <tr class=\"file docx\" data-id=\"18534\"                    data-catid=\"170\">                                        <input type=\"hidden\" class=\"wpfd_file_preview_link_download\" value=\"https:\/\/anpp.dz\/download\/170\/telechargement\/18534\/recepisse-de-depot-de-dossier-produit-pharmaceutique.docx\"                           data-filetitle=\"R\u00c9C\u00c9PISS\u00c9 DE D\u00c9P\u00d4T DE DOSSIER PRODUIT PHARMACEUTIQUE\" data-fileicons=\"ext ext-docx wpfd-icon-set-svg\" \/>                    <td class=\"file_title\"><label class=\"wpfd_checkbox\"><input class=\"cbox_file_download\" type=\"checkbox\" data-id=\"18534\" data-catid=\"170\" \/><span><\/span><\/label><a class=\"wpfd_downloadlink\" href=\"https:\/\/anpp.dz\/download\/170\/telechargement\/18534\/recepisse-de-depot-de-dossier-produit-pharmaceutique.docx\" title=\"R\u00c9C\u00c9PISS\u00c9 DE D\u00c9P\u00d4T DE DOSSIER PRODUIT PHARMACEUTIQUE\" target=\"\"><span class=\"extcol\"><span class=\"ext ext-docx wpfd-icon-set-svg\"><\/span>R\u00c9C\u00c9PISS\u00c9 DE D\u00c9P\u00d4T DE DOSSIER PRODUIT PHARMACEUTIQUE<\/span><\/a><\/td><td class=\"file_created\">15-08-2023<\/td>                                            <td class=\"file_download_tbl col-download\">                            <a class=\"downloadlink wpfd_downloadlink\"  href=\"https:\/\/anpp.dz\/download\/170\/telechargement\/18534\/recepisse-de-depot-de-dossier-produit-pharmaceutique.docx\" style=\"background-color:rgba(16, 49, 120, 1);color:#ffffff;\" target=\"\">T\u00e9l\u00e9charger<i class=\"zmdi zmdi-cloud-download wpfd-download\"><\/i><\/a>                        <\/td>                                    <\/tr>                                                            <tr class=\"file docx\" data-id=\"18531\"                    data-catid=\"170\">                                        <input type=\"hidden\" class=\"wpfd_file_preview_link_download\" value=\"https:\/\/anpp.dz\/download\/170\/telechargement\/18531\/formulaire-de-pre-soumission.docx\"                           data-filetitle=\"formulaire de pr\u00e9-soumission\" data-fileicons=\"ext ext-docx wpfd-icon-set-svg\" \/>                    <td class=\"file_title\"><label class=\"wpfd_checkbox\"><input class=\"cbox_file_download\" type=\"checkbox\" data-id=\"18531\" data-catid=\"170\" \/><span><\/span><\/label><a class=\"wpfd_downloadlink\" href=\"https:\/\/anpp.dz\/download\/170\/telechargement\/18531\/formulaire-de-pre-soumission.docx\" title=\"formulaire de pr\u00e9-soumission\" target=\"\"><span class=\"extcol\"><span class=\"ext ext-docx wpfd-icon-set-svg\"><\/span>formulaire de pr\u00e9-soumission<\/span><\/a><\/td><td class=\"file_created\">15-08-2023<\/td>                                            <td class=\"file_download_tbl col-download\">                            <a class=\"downloadlink wpfd_downloadlink\"  href=\"https:\/\/anpp.dz\/download\/170\/telechargement\/18531\/formulaire-de-pre-soumission.docx\" style=\"background-color:rgba(16, 49, 120, 1);color:#ffffff;\" target=\"\">T\u00e9l\u00e9charger<i class=\"zmdi zmdi-cloud-download wpfd-download\"><\/i><\/a>                        <\/td>                                    <\/tr>                                                            <tr class=\"file docx\" data-id=\"18526\"                    data-catid=\"170\">                                        <input type=\"hidden\" class=\"wpfd_file_preview_link_download\" value=\"https:\/\/anpp.dz\/download\/170\/telechargement\/18526\/fiche-de-depot-des-echantillons.docx\"                           data-filetitle=\"Fiche de d\u00e9pot des \u00e9chantillons\" data-fileicons=\"ext ext-docx wpfd-icon-set-svg\" \/>                    <td class=\"file_title\"><label class=\"wpfd_checkbox\"><input class=\"cbox_file_download\" type=\"checkbox\" data-id=\"18526\" data-catid=\"170\" \/><span><\/span><\/label><a class=\"wpfd_downloadlink\" href=\"https:\/\/anpp.dz\/download\/170\/telechargement\/18526\/fiche-de-depot-des-echantillons.docx\" title=\"Fiche de d\u00e9pot des \u00e9chantillons\" target=\"\"><span class=\"extcol\"><span class=\"ext ext-docx wpfd-icon-set-svg\"><\/span>Fiche de d\u00e9pot des \u00e9chantillons<\/span><\/a><\/td><td class=\"file_created\">15-08-2023<\/td>                                            <td class=\"file_download_tbl col-download\">                            <a class=\"downloadlink wpfd_downloadlink\"  href=\"https:\/\/anpp.dz\/download\/170\/telechargement\/18526\/fiche-de-depot-des-echantillons.docx\" style=\"background-color:rgba(16, 49, 120, 1);color:#ffffff;\" target=\"\">T\u00e9l\u00e9charger<i class=\"zmdi zmdi-cloud-download wpfd-download\"><\/i><\/a>                        <\/td>                                    <\/tr>                                        <\/tbody>        <\/table>            <\/div><\/div><\/div><\/div>\r\n","protected":false},"excerpt":{"rendered":"Tout t\u00e9l\u00e9charger TitreDate d&#039;ajoutT\u00e9l\u00e9charger Fr-DEPP02-D V01 FORMULAIRE DE DEMANDE DE TRANSFERT31-07-2025 T\u00e9l\u00e9chargerAper\u00e7u Fr-DEPP02-C V01 FORMULAIRE DE DEMANDE DE RENOUVELLEMENT31-07-2025 T\u00e9l\u00e9chargerAper\u00e7u Fr-DEPP02-B V01 FORMULAIRE DE DEMANDE DE MODIFICATION31-07-2025 T\u00e9l\u00e9chargerAper\u00e7u Fr-DEPP02-A V01 FORMULAIRE DE DEMANDE D&#039;ENREGISTREMENT31-07-2025 T\u00e9l\u00e9chargerAper\u00e7u Table d&#039;\u00e9chantillonnage des PP26-05-2025 T\u00e9l\u00e9chargerAper\u00e7u mod\u00e9le de la structure15-08-2023 T\u00e9l\u00e9charger R\u00c9C\u00c9PISS\u00c9 DE D\u00c9P\u00d4T DE DOSSIER PRODUIT PHARMACEUTIQUE15-08-2023 T\u00e9l\u00e9charger formulaire de [...]","protected":false},"author":1,"featured_media":0,"parent":0,"menu_order":0,"comment_status":"closed","ping_status":"closed","template":"","meta":{"footnotes":""},"class_list":["post-18535","page","type-page","status-publish","hentry"],"_links":{"self":[{"href":"https:\/\/anpp.dz\/fr\/wp-json\/wp\/v2\/pages\/18535","targetHints":{"allow":["GET"]}}],"collection":[{"href":"https:\/\/anpp.dz\/fr\/wp-json\/wp\/v2\/pages"}],"about":[{"href":"https:\/\/anpp.dz\/fr\/wp-json\/wp\/v2\/types\/page"}],"author":[{"embeddable":true,"href":"https:\/\/anpp.dz\/fr\/wp-json\/wp\/v2\/users\/1"}],"replies":[{"embeddable":true,"href":"https:\/\/anpp.dz\/fr\/wp-json\/wp\/v2\/comments?post=18535"}],"version-history":[{"count":3,"href":"https:\/\/anpp.dz\/fr\/wp-json\/wp\/v2\/pages\/18535\/revisions"}],"predecessor-version":[{"id":18750,"href":"https:\/\/anpp.dz\/fr\/wp-json\/wp\/v2\/pages\/18535\/revisions\/18750"}],"wp:attachment":[{"href":"https:\/\/anpp.dz\/fr\/wp-json\/wp\/v2\/media?parent=18535"}],"curies":[{"name":"wp","href":"https:\/\/api.w.org\/{rel}","templated":true}]}}