{"id":18301,"date":"2023-06-01T11:34:17","date_gmt":"2023-06-01T10:34:17","guid":{"rendered":"https:\/\/anpp.dz\/?page_id=18301"},"modified":"2025-07-28T18:47:08","modified_gmt":"2025-07-28T17:47:08","slug":"visa-de-publicite","status":"publish","type":"page","link":"https:\/\/anpp.dz\/fr\/visa-de-publicite\/","title":{"rendered":"Visa de publicit\u00e9"},"content":{"rendered":"\n<div class=\"wp-block-columns is-layout-flex wp-container-core-columns-is-layout-9d6595d7 wp-block-columns-is-layout-flex\">\n<div class=\"wp-block-column is-layout-flow wp-block-column-is-layout-flow\">\n<div class=\"wp-block-wpfd-wpfd-file\"><div class=\"wpfd-single-file docx\" data-id=\"18318\" data-catid=\"150\">\n    <input type=\"hidden\" class=\"wpfd_file_preview_link_download\" value=\"https:\/\/anpp.dz\/download\/150\/formulaires-visa-de-publicite\/18318\/bordereau-de-versement-promotion-pp.docx\" data-filetitle=\"Bordereau de Versement Promotion PP\" data-fileicons=\"ext ext-docx wpfd-icon-set-svg\" \/>\n    <div class=\"wpfd-single-file--icon\">\n            <a href=\"\" alt=\"Bordereau de Versement Promotion PP\" class=\"wpfdlightbox\" data-file-type=\"docx\" data-id=\"18318\" data-catid=\"150\">\n            <div class=\"wpfd-icon-placeholder\" style=\"background-image: url(&quot;https:\/\/anpp.dz\/wp-content\/plugins\/wp-file-download\/app\/site\/assets\/icons\/svg\/docx.svg&quot;);border-radius: 4%;box-shadow: 0px 0px 0px 0px transparent;background-color: #004faf;border: 0px solid ;background-size: 100%;\"><\/div>\n        <\/a>\n    <\/div>\n\n    <div class=\"wpfd-single-file--details wpfd-file-content\">\n                        <h3 class=\"wpfd-file-content--title\"><a href=\"https:\/\/anpp.dz\/download\/150\/formulaires-visa-de-publicite\/18318\/bordereau-de-versement-promotion-pp.docx\" style=\"text-decoration: none\">Bordereau de Versement Promotion PP<\/a><\/h3>\n        <div class=\"wpfd-file-content--meta\">\n                    <div>File size: 31.44 KB<\/div>\n                    <div>Created: 01-06-2023<\/div>\n                    <div>Updated: 12-02-2025<\/div>\n                    <div>Hits: 2770<\/div>\n        <\/div>\n    <\/div>\n    <div class=\"wpfd-single-file--buttons\">\n                                <a href=\"https:\/\/anpp.dz\/download\/150\/formulaires-visa-de-publicite\/18318\/bordereau-de-versement-promotion-pp.docx\"  data-id=\"18318\" title=\"Bordereau de Versement Promotion PP\" class=\"noLightbox wpfd_downloadlink wpfd-single-file-button wpfd-button-download\">\n                    <svg xmlns=\"http:\/\/www.w3.org\/2000\/svg\" width=\"38\" height=\"38\" viewBox=\"0 0 400 400\"><g fill=\"#ffffff\"><path d=\"M178 234v-7V24c0-13 8-23 20-24 13-1 24 9 24 23v212l5-5 44-44c10-9 23-10 32-1s9 23-1 33l-85 85c-10 11-23 11-34 0l-85-86a22 22 0 0123-37 28 28 0 018 6l44 44a31 31 0 013 5zM200 400H24c-17 0-28-14-23-29 3-10 12-15 23-16h351c12 0 21 6 24 16 5 15-6 29-22 29H200z\"\/><\/g><\/svg>\n                    <span>Download<\/span>\n                <\/a>\n    <\/div>\n<\/div>\n<\/div>\n<\/div>\n\n\n\n<div class=\"wp-block-column is-layout-flow wp-block-column-is-layout-flow\">\n<div class=\"wp-block-wpfd-wpfd-file\"><div class=\"wpfd-single-file pdf\" data-id=\"18996\" data-catid=\"150\">\n    <input type=\"hidden\" class=\"wpfd_file_preview_link_download\" value=\"https:\/\/anpp.dz\/download\/150\/formulaires-visa-de-publicite\/18996\/formulaire-de-demande-de-visa.pdf\" data-filetitle=\"Formulaire de demande de visa\" data-fileicons=\"ext ext-pdf wpfd-icon-set-svg\" \/>\n    <div class=\"wpfd-single-file--icon\">\n            <a href=\"https:\/\/anpp.dz\/wp-admin\/admin-ajax.php?juwpfisadmin&#x3D;false&amp;action&#x3D;wpfd&amp;task&#x3D;file.download&amp;wpfd_category_id&#x3D;150&amp;wpfd_file_id&#x3D;18996&amp;token&#x3D;&amp;preview&#x3D;1\" alt=\"Formulaire de demande de visa\" class=\"wpfdlightbox\" data-file-type=\"pdf\" data-id=\"18996\" data-catid=\"150\">\n            <div class=\"wpfd-icon-placeholder\" style=\"background-image: url(&quot;https:\/\/anpp.dz\/wp-content\/plugins\/wp-file-download\/app\/site\/assets\/icons\/svg\/pdf.svg&quot;);border-radius: 4%;box-shadow: 0px 0px 0px 0px transparent;background-color: #CB0606;border: 0px solid ;background-size: 100%;\"><\/div>\n        <\/a>\n    <\/div>\n\n    <div class=\"wpfd-single-file--details wpfd-file-content\">\n                        <h3 class=\"wpfd-file-content--title\"><a href=\"https:\/\/anpp.dz\/download\/150\/formulaires-visa-de-publicite\/18996\/formulaire-de-demande-de-visa.pdf\" style=\"text-decoration: none\">Formulaire de demande de visa<\/a><\/h3>\n        <div class=\"wpfd-file-content--meta\">\n                    <div>File size: 3.61 Mo<\/div>\n                    <div>Created: 24-04-2024<\/div>\n                    <div>Updated: 01-03-2026<\/div>\n                    <div>Hits: 3054<\/div>\n        <\/div>\n    <\/div>\n    <div class=\"wpfd-single-file--buttons\">\n                                <a href=\"https:\/\/anpp.dz\/download\/150\/formulaires-visa-de-publicite\/18996\/formulaire-de-demande-de-visa.pdf\"  data-id=\"18996\" title=\"Formulaire de demande de visa\" class=\"noLightbox wpfd_downloadlink wpfd-single-file-button wpfd-button-download\">\n                    <svg xmlns=\"http:\/\/www.w3.org\/2000\/svg\" width=\"38\" height=\"38\" viewBox=\"0 0 400 400\"><g fill=\"#ffffff\"><path d=\"M178 234v-7V24c0-13 8-23 20-24 13-1 24 9 24 23v212l5-5 44-44c10-9 23-10 32-1s9 23-1 33l-85 85c-10 11-23 11-34 0l-85-86a22 22 0 0123-37 28 28 0 018 6l44 44a31 31 0 013 5zM200 400H24c-17 0-28-14-23-29 3-10 12-15 23-16h351c12 0 21 6 24 16 5 15-6 29-22 29H200z\"\/><\/g><\/svg>\n                    <span>Download<\/span>\n                <\/a>\n                    <a href=\"https:\/\/anpp.dz\/wp-admin\/admin-ajax.php?juwpfisadmin&#x3D;false&amp;action&#x3D;wpfd&amp;task&#x3D;file.download&amp;wpfd_category_id&#x3D;150&amp;wpfd_file_id&#x3D;18996&amp;token&#x3D;&amp;preview&#x3D;1\" class=\"wpfd-single-file-button wpfd-button-preview\" target=\"_blank\">\n                        <svg xmlns=\"http:\/\/www.w3.org\/2000\/svg\" width=\"38\" height=\"38\" viewBox=\"0 0 400 400\"><g fill=\"#ffffff\"><path d=\"M0 200V55C0 28 16 8 41 2a63 63 0 0115-2h289c32 0 55 23 55 54v248c0 10-6 16-15 16-8 0-14-6-14-16V56c0-16-11-27-28-27H57c-18 0-28 9-28 28v286c0 19 10 28 28 28h243c11 0 18 6 18 15s-7 14-18 14H56c-28 0-49-16-55-41a67 67 0 01-1-15V200z\"\/><path d=\"M314 302l15 15 52 51c7 7 7 14 2 20-6 6-13 5-20-2l-67-65a11 11 0 00-1-1 104 104 0 01-149-26c-29-43-20-99 20-133 39-33 99-31 137 4 38 34 45 93 11 137zm-159-64c-1 42 34 77 77 77 42 1 78-33 78-75 1-42-34-77-75-77-44-1-79 32-80 75z\"\/><\/g><\/svg>\n                        <span>Preview<\/span>\n                    <\/a>\n    <\/div>\n<\/div>\n<\/div>\n<\/div>\n<\/div>\n\n\n\n<p>La publicit\u00e9 pour les produits pharmaceutiques en direction des professionnels de sant\u00e9 consiste en toute activit\u00e9 de promotion de la prescription et de la d\u00e9livrance des produits pharmaceutiques. Elle est soumise \u00e0 l\u2019<strong>autorisation pr\u00e9alable <\/strong>de l&#8217;agence nationale des produits pharmaceutiques et ne peut \u00eatre effectu\u00e9e que pour les produits pharmaceutiques r\u00e9guli\u00e8rement enregistr\u00e9s.<\/p>\n\n\n\n<p>La publicit\u00e9 ne doit pas \u00eatre <strong>trompeuse<\/strong> ni porter atteinte \u00e0 la protection de la sant\u00e9 publique. Elle doit pr\u00e9senter le m\u00e9dicament ou produit de fa\u00e7on <strong>objective<\/strong> et favoriser son bon usage. Elle doit respecter les dispositions de la d\u00e9cision d\u2019enregistrement ainsi que les strat\u00e9gies th\u00e9rapeutiques recommand\u00e9es par le minist\u00e8re de la sant\u00e9. &nbsp;<\/p>\n\n\n\n<p>La publicit\u00e9 pour un m\u00e9dicament est interdite lorsque le m\u00e9dicament fait l&#8217;objet d&#8217;une r\u00e9\u00e9valuation du rapport entre les b\u00e9n\u00e9fices et les risques.<\/p>\n\n\n\n<p>La publicit\u00e9 pour les produits pharmaceutiques et la promotion en direction du public sont interdites quels que soient les moyens d\u2019information utilis\u00e9s.<\/p>\n\n\n\n<h2 class=\"wp-block-heading\"><strong>Dossier \u00e0 fournir pour une demande de visa de publicit\u00e9<\/strong><\/h2>\n\n\n\n<p>La demande d\u2019un visa de publicit\u00e9 se fait aupr\u00e8s de l\u2019agence des produits pharmaceutique en deux temps&nbsp;:<\/p>\n\n\n\n<ol class=\"wp-block-list\">\n<li><strong>Paiement de la redevance<\/strong><ul> <li>Une lettre adress\u00e9e au directeur g\u00e9n\u00e9ral de l\u2019agence nationale des produits pharmaceutiques pr\u00e9cisant le nom et le type de l\u2019\u00e9tablissement pharmaceutique demandeur (fabricant, importateur, distributeur, exploitant, soci\u00e9t\u00e9 de promotion m\u00e9dicale), le cas \u00e9ch\u00e9ant, le mandant, le nom du produit, sa d\u00e9nomination commune internationale, son dosage et sa ou ses pr\u00e9sentations. Elle est sign\u00e9e par le pharmacien responsable de l\u2019information m\u00e9dicale.<\/li>   <li>Bordereau de versement de la redevance d\u00fbment renseign\u00e9. Le montant de la redevance pour le visa de publicit\u00e9 est de 60&nbsp;000 DA par produit, par dosage et par pr\u00e9sentation. (\u00e0 t\u00e9l\u00e9charger ici)<\/li>   <li>S\u2019il s\u2019agit de la premi\u00e8re demande de visa, une copie de l\u2019agr\u00e9ment de promotion (pour les \u00e9tablissements pharmaceutiques d\u2019importation, de distribution, d\u2019exploitation et les soci\u00e9t\u00e9s sp\u00e9cialis\u00e9es dans la promotion m\u00e9dicale), et le cas \u00e9ch\u00e9ant, du contrat d\u2019exploitation.<\/li><\/ul>\n<p>Le bordereau de versement cosign\u00e9 par le directeur des finances et de la comptabilit\u00e9 et celui et des contr\u00f4les et de l\u2019expertise est retir\u00e9 par le demandeur au niveau du bureau d\u2019ordre moyennant accus\u00e9 de r\u00e9ception. Le paiement de la redevance s\u2019effectue par virement au profit de l\u2019agence nationale des produits pharmaceutiques au RIB indiqu\u00e9 sur le bordereau de versement.<\/p>\n<\/li>\n\n\n\n<li><strong>D\u00e9p\u00f4t du dossier de demande de visa<\/strong><p>Une fois acquitt\u00e9 des frais de la redevance ; le demandeur d\u00e9pose le dossier de demande de visa de publicit\u00e9 au niveau du bureau d\u2019ordre de l\u2019agence nationale des produits pharmaceutiques. Le dossier comporte les pi\u00e8ces suivantes :<\/p>\n<ul class=\"wp-block-list\">\n<li>La lettre de pr\u00e9sentation adress\u00e9e au directeur g\u00e9n\u00e9ral de l\u2019agence nationale des produits pharmaceutiques indiquant les destinataires de la publicit\u00e9 et le mode de diffusion. Elle pr\u00e9cise en outre, le ou les produit(s) pharmaceutique(s)&nbsp;concern\u00e9(s). Elle est sign\u00e9e par le pharmacien responsable de l\u2019information m\u00e9dicale.<\/li>\n\n\n\n<li>Le formulaire de visa de publicit\u00e9 d\u00fbment renseign\u00e9<\/li>\n\n\n\n<li>Une copie de la preuve de paiement<\/li>\n\n\n\n<li>Une copie de la d\u00e9cision d\u2019enregistrement en cours de validit\u00e9. Dans le cas o\u00f9 la d\u00e9cision d\u2019enregistrement a expir\u00e9, un r\u00e9c\u00e9piss\u00e9 de d\u00e9p\u00f4t de renouvellement est joint.<\/li>\n\n\n\n<li>La maquette de la publicit\u00e9 en couleur, elle doit \u00eatre visible et claire.<\/li>\n\n\n\n<li>Un CD-ROM contenant une version num\u00e9ris\u00e9e des pi\u00e8ces susmentionn\u00e9es (1, 2, 3, 4, 5).<\/li>\n\n\n\n<li>Le cas \u00e9ch\u00e9ant, une copie en version num\u00e9rique des r\u00e9f\u00e9rences bibliographiques&nbsp;: les \u00e9tudes venant \u00e9tayer un r\u00e9sultat, une propri\u00e9t\u00e9 ou une all\u00e9gation li\u00e9e au produit, quelle qu&#8217;en soit la m\u00e9thodologie (\u00e9tude clinique, pr\u00e9clinique, de pharmacocin\u00e9tique, etc.) doivent \u00eatre fournies, en fran\u00e7ais ou en anglais, dans leur version originales ou traduites, avec surlignage en jaune des \u00e9l\u00e9ments mentionn\u00e9s dans le projet de publicit\u00e9. <\/li>\n<\/ul>\n<\/li>\n<\/ol>\n\n\n\n<h2 class=\"wp-block-heading\"><strong>Les \u00e9chantillons gratuits<\/strong><\/h2>\n\n\n\n<p>L\u2019\u00e9chantillon m\u00e9dical pour la publicit\u00e9 et la promotion est interdit (article 237 la loi relative \u00e0 la sant\u00e9 de 2018).<\/p>\n\n\n\n<h2 class=\"wp-block-heading\"><strong>Cadre r\u00e9glementaire<\/strong><\/h2>\n\n\n\n<ul class=\"wp-block-list\">\n<li><a href=\"https:\/\/www.joradp.dz\/FTP\/JO-FRANCAIS\/2018\/F2018046.pdf?znjo=46#page=19\" target=\"_blank\" rel=\"noreferrer noopener\">Loi n\u00b0 18-11 relative \u00e0 la sant\u00e9 2018 (Chapitre 6, titre V)<\/a><\/li>\n\n\n\n<li><a href=\"https:\/\/anpp.dz\/download\/147\/decrets\/18320\/decret-executif-relatif-a-linformation-medicale-et-scientifique.pdf\" target=\"_blank\" rel=\"noopener\">D\u00e9cret ex\u00e9cutif n\u00b0 92-286 relatif \u00e0 l&#8217;information m\u00e9dicale et scientifique sur les produits pharmaceutiques \u00e0 usage de la m\u00e9decine humaine<\/a><\/li>\n<\/ul>\n","protected":false},"excerpt":{"rendered":"<p>La publicit\u00e9 pour les produits pharmaceutiques en direction des professionnels de sant\u00e9 consiste en toute activit\u00e9 de promotion de la prescription et de la d\u00e9livrance des produits pharmaceutiques. Elle est soumise \u00e0 l\u2019autorisation pr\u00e9alable de l&#8217;agence nationale des produits pharmaceutiques et ne peut \u00eatre effectu\u00e9e que pour les produits pharmaceutiques r\u00e9guli\u00e8rement enregistr\u00e9s. La publicit\u00e9 ne [&hellip;]<\/p>\n","protected":false},"author":1,"featured_media":0,"parent":0,"menu_order":0,"comment_status":"closed","ping_status":"closed","template":"","meta":{"footnotes":""},"class_list":["post-18301","page","type-page","status-publish","hentry"],"_links":{"self":[{"href":"https:\/\/anpp.dz\/fr\/wp-json\/wp\/v2\/pages\/18301","targetHints":{"allow":["GET"]}}],"collection":[{"href":"https:\/\/anpp.dz\/fr\/wp-json\/wp\/v2\/pages"}],"about":[{"href":"https:\/\/anpp.dz\/fr\/wp-json\/wp\/v2\/types\/page"}],"author":[{"embeddable":true,"href":"https:\/\/anpp.dz\/fr\/wp-json\/wp\/v2\/users\/1"}],"replies":[{"embeddable":true,"href":"https:\/\/anpp.dz\/fr\/wp-json\/wp\/v2\/comments?post=18301"}],"version-history":[{"count":21,"href":"https:\/\/anpp.dz\/fr\/wp-json\/wp\/v2\/pages\/18301\/revisions"}],"predecessor-version":[{"id":20655,"href":"https:\/\/anpp.dz\/fr\/wp-json\/wp\/v2\/pages\/18301\/revisions\/20655"}],"wp:attachment":[{"href":"https:\/\/anpp.dz\/fr\/wp-json\/wp\/v2\/media?parent=18301"}],"curies":[{"name":"wp","href":"https:\/\/api.w.org\/{rel}","templated":true}]}}