{"id":18137,"date":"2023-05-25T16:07:51","date_gmt":"2023-05-25T15:07:51","guid":{"rendered":"https:\/\/anpp.dz\/?page_id=18137"},"modified":"2025-06-12T10:02:36","modified_gmt":"2025-06-12T09:02:36","slug":"rdv-dossiers-pp","status":"publish","type":"page","link":"https:\/\/anpp.dz\/fr\/rdv-dossiers-pp\/","title":{"rendered":"Formulaire de RDV : r\u00e9ception des dossiers des produits pharmaceutiques."},"content":{"rendered":"\n<h2 class=\"wp-block-heading\">Formulaire de RDV : r\u00e9ception des dossiers des produits pharmaceutiques.<\/h2>\n\n\n\n<div style=\"height:55px\" aria-hidden=\"true\" class=\"wp-block-spacer\"><\/div>\n\n\n\n<h2 class=\"wp-block-heading has-text-align-center\">  Le formulaire de prise de rendez-vous est accessible chaque mercredi \u00e0 10h, jusqu&#8217;au Jeudi \u00e0 10h. <br>Merci<\/h2>\n\n\n\n\n\n<p class=\"has-text-align-center\">RDV pour d\u00e9p\u00f4t des dossiers de L&#8217;importation .<\/p>\n\n\n\n\n\n<p class=\"has-text-align-center\">Le champ Motif est obligatoire le cas de <strong>Modification <\/strong>et <strong>Transfert<\/strong>.<\/p>\n\n\n\n\n\n<p><\/p>\n","protected":false},"excerpt":{"rendered":"<p>Formulaire de RDV : r\u00e9ception des dossiers des produits pharmaceutiques. Le formulaire de prise de rendez-vous est accessible chaque mercredi \u00e0 10h, jusqu&#8217;au Jeudi \u00e0 10h. Merci RDV pour d\u00e9p\u00f4t des dossiers de L&#8217;importation . Le champ Motif est obligatoire le cas de Modification et Transfert.<\/p>\n","protected":false},"author":1,"featured_media":0,"parent":0,"menu_order":0,"comment_status":"closed","ping_status":"closed","template":"","meta":{"footnotes":""},"class_list":["post-18137","page","type-page","status-publish","hentry"],"_links":{"self":[{"href":"https:\/\/anpp.dz\/fr\/wp-json\/wp\/v2\/pages\/18137","targetHints":{"allow":["GET"]}}],"collection":[{"href":"https:\/\/anpp.dz\/fr\/wp-json\/wp\/v2\/pages"}],"about":[{"href":"https:\/\/anpp.dz\/fr\/wp-json\/wp\/v2\/types\/page"}],"author":[{"embeddable":true,"href":"https:\/\/anpp.dz\/fr\/wp-json\/wp\/v2\/users\/1"}],"replies":[{"embeddable":true,"href":"https:\/\/anpp.dz\/fr\/wp-json\/wp\/v2\/comments?post=18137"}],"version-history":[{"count":445,"href":"https:\/\/anpp.dz\/fr\/wp-json\/wp\/v2\/pages\/18137\/revisions"}],"predecessor-version":[{"id":20487,"href":"https:\/\/anpp.dz\/fr\/wp-json\/wp\/v2\/pages\/18137\/revisions\/20487"}],"wp:attachment":[{"href":"https:\/\/anpp.dz\/fr\/wp-json\/wp\/v2\/media?parent=18137"}],"curies":[{"name":"wp","href":"https:\/\/api.w.org\/{rel}","templated":true}]}}