{"id":18108,"date":"2023-02-25T10:47:01","date_gmt":"2023-02-25T09:47:01","guid":{"rendered":"https:\/\/anpp.dz\/?page_id=18108"},"modified":"2023-02-25T10:47:51","modified_gmt":"2023-02-25T09:47:51","slug":"decisions","status":"publish","type":"page","link":"https:\/\/anpp.dz\/fr\/decisions\/","title":{"rendered":"D\u00e9cisions"},"content":{"rendered":"\n<h2 class=\"has-text-align-center wp-block-heading\">D\u00e9cisions<\/h2>\n\n\n\n<div class=\"wp-block-wpfd-wpfd-category\"><script type=\"text\/x-handlebars-template\"        id=\"wpfd-template-table-categories-149\">    <div class=\"wpfd-categories hide\">{{#if category}}{{#with category}}{{#if parent}}<a class=\"catlink backcategory\" href=\"#\" data-idcat=\"{{parent}}\">                        <i class=\"zmdi zmdi-chevron-left\"><\/i><span>Retour<\/span><\/a>{{\/if}}{{\/with}}{{\/if}}{{#if category.desc}}<div class=\"wpfd-category-desc\">{{category.desc}}<\/div>{{\/if}}<\/div><\/script><script type=\"text\/x-handlebars-template\" id=\"wpfd-template-table-149\">    {{#if files}}    {{#each files}}    <tr class=\"file {{class}} {{ext}}\" data-id=\"{{ID}}\" data-catid=\"{{catid}}\">        <input type=\"hidden\" class=\"wpfd_file_preview_link_download\" value=\"{{linkdownload}}\" data-filetitle=\"{{post_title}}\" data-fileicons=\"ext ext-{{ext}} wpfd-icon-set-svg\" \/>    <td class=\"file_title\"><label class=\"wpfd_checkbox\"><input class=\"cbox_file_download\" type=\"checkbox\" data-id=\"{{ID}}\" \/><span><\/span><\/label><a class=\"wpfd_downloadlink\" href=\"{{linkdownload}}\" title=\"{{post_title}}\" target=\"{{#if remote_file}}_blank{{\/if}}\"><span class=\"extcol\">{{#if file_custom_icon}}<span class=\"icon-custom\"><img decoding=\"async\" src=\"{{file_custom_icon}}\"><\/span>{{else}}<span class=\"ext ext-{{ext}} wpfd-icon-set-svg\"><\/span>{{\/if}}<\/span>{{{crop_title}}}<\/a><\/td><td class=\"file_created\">{{created}}<\/td>                    <td class=\"col-download\">                <a class=\"downloadlink wpfd_downloadlink\"  href=\"{{linkdownload}}\" style=\"background-color:rgba(16, 49, 120, 1);color:#ffffff;\" target=\"{{#if remote_file}}_blank{{\/if}}\">T\u00e9l\u00e9charger<i class=\"zmdi zmdi-cloud-download wpfd-download\"><\/i><\/a>{{#if openpdflink}}<a class=\"openlink wpfd_previewlink\" href=\"{{openpdflink}}\" target=\"_blank\">Aper\u00e7u                            <i class=\"zmdi zmdi-filter-center-focus wpfd-preview\"><\/i>                        <\/a>{{else}}{{#if viewerlink}}<a                            href=\"{{viewerlink}}\"                            class=\"openlink wpfd_previewlink\"                            target=\"_blank\"                            data-id=\"{{ID}}\"                            data-catid=\"{{catid}}\"                            data-file-type=\"{{ext}}\">Aper\u00e7u<i class=\"zmdi zmdi-filter-center-focus wpfd-preview\"><\/i>                        <\/a>{{\/if}}{{\/if}}            <\/td>            <\/tr>    {{\/each}}    {{\/if}}<\/script><div class=\"wpfd-content wpfd-content-table wpfd-content-multi colstyle-hide\" data-category=\"149\"              style=\"background-color: rgba(255, 255, 255, 0);\"><input type=\"hidden\" id=\"current_category_149\" value=\"149\" \/>                    <input type=\"hidden\" id=\"current_category_slug_149\" value=\"decisions\" \/>                    <input type=\"hidden\" id=\"current_ordering_149\" value=\"created_time\" \/>                    <input type=\"hidden\" id=\"current_ordering_direction_149\" value=\"desc\" \/>                    <input type=\"hidden\" id=\"page_limit_149\" value=\"50\" \/><input type=\"hidden\" id=\"wpfd_display_empty_category_message\" value=\"0\" \/><input type=\"hidden\" id=\"wpfd_empty_category_message_val\" value=\"This file category has no files to display\" \/><input type=\"hidden\" id=\"wpfd_display_empty_folder\" value=\"0\" \/><input type=\"hidden\" id=\"wpfd_is_empty_subcategories\" value=\"1\" \/><input type=\"hidden\" id=\"wpfd_is_empty_files\" value=\"1\" \/><input type=\"hidden\" id=\"wpfd_root_category_id\" class=\"wpfd_root_category_id\" value=\"149\" \/><input type=\"hidden\" id=\"wpfd_root_category_theme\" class=\"wpfd_root_category_theme\" value=\"table\" \/><input type=\"hidden\" id=\"wpfd_root_category_clone_theme_type\" class=\"wpfd_root_category_clone_theme_type\" value=\"none\" \/><input type=\"hidden\" id=\"wpfd_root_category_type\" class=\"wpfd_root_category_type\" value=\"149\" \/><a data-catid=\"\"                       class=\"table-download-category \"                       href=\"https:\/\/anpp.dz\/download\/wpfdcat\/149\/decisions\">Tout t\u00e9l\u00e9charger                        <i class=\"zmdi zmdi-check-all wpfd-download-category\"><\/i>                    <\/a><div class=\"wpfd-container\">        <div class=\"wpfd-open-tree\"><\/div>    <div class=\"wpfd-container-table  \">        <div class=\"wpfd-categories hide\"><div class=\"wpfd-category-desc\"><\/div><\/div>        <table class=\"wpfd-search-result wpfd-table wpfd-table-bordered wpfd-table-striped wpfd-table-0 mediaTable wpfd-theme-rows\">            <thead>                <tr>                    <th class=\"essential persist file_title\">Titre<\/th><th class=\"optional file_created\">Date d&#039;ajout<\/th><th class=\"essential file_download file_download_tbl\">T\u00e9l\u00e9charger<\/th>                <\/tr>            <\/thead>            <tbody>                                            <tr class=\"file pdf\" data-id=\"18105\"                    data-catid=\"149\">                                        <input type=\"hidden\" class=\"wpfd_file_preview_link_download\" value=\"https:\/\/anpp.dz\/download\/149\/decisions\/18105\/decision-n249-du-18-07-2022-completee-et-modifiee-fixant-la-liste-des-autorites-pharmaceutiques-strictes-et-celles-reconnues-par-lanpp.pdf\"                           data-filetitle=\"D\u00e9cision N\u00b0249 du 18-07-2022, compl\u00e9t\u00e9e et modifi\u00e9e fixant la liste des autorit\u00e9s pharmaceutiques strictes et celles reconnues par l&#039;ANPP\" data-fileicons=\"ext ext-pdf wpfd-icon-set-svg\" \/>                    <td class=\"file_title\"><label class=\"wpfd_checkbox\"><input class=\"cbox_file_download\" type=\"checkbox\" data-id=\"18105\" data-catid=\"149\" \/><span><\/span><\/label><a class=\"wpfd_downloadlink\" href=\"https:\/\/anpp.dz\/download\/149\/decisions\/18105\/decision-n249-du-18-07-2022-completee-et-modifiee-fixant-la-liste-des-autorites-pharmaceutiques-strictes-et-celles-reconnues-par-lanpp.pdf\" title=\"D\u00e9cision N\u00b0249 du 18-07-2022, compl\u00e9t\u00e9e et modifi\u00e9e fixant la liste des autorit\u00e9s pharmaceutiques strictes et celles reconnues par l&#039;ANPP\" target=\"\"><span class=\"extcol\"><span class=\"ext ext-pdf wpfd-icon-set-svg\"><\/span>D\u00e9cision N\u00b0249 du 18-07-2022, compl\u00e9t\u00e9e et modifi\u00e9e fixant la liste des autorit\u00e9s pharmaceutiques strictes et celles reconnues par l&#039;ANPP<\/span><\/a><\/td><td class=\"file_created\">24-02-2023<\/td>                                            <td class=\"file_download_tbl col-download\">                            <a class=\"downloadlink wpfd_downloadlink\"  href=\"https:\/\/anpp.dz\/download\/149\/decisions\/18105\/decision-n249-du-18-07-2022-completee-et-modifiee-fixant-la-liste-des-autorites-pharmaceutiques-strictes-et-celles-reconnues-par-lanpp.pdf\" style=\"background-color:rgba(16, 49, 120, 1);color:#ffffff;\" target=\"\">T\u00e9l\u00e9charger<i class=\"zmdi zmdi-cloud-download wpfd-download\"><\/i><\/a><a class=\"openlink wpfd_previewlink\" href=\"https:\/\/anpp.dz\/wp-admin\/admin-ajax.php?juwpfisadmin=false&#038;action=wpfd&#038;task=file.download&#038;wpfd_category_id=149&#038;wpfd_file_id=18105&#038;token=&#038;preview=1\" target=\"_blank\">Aper\u00e7u                            <i class=\"zmdi zmdi-filter-center-focus wpfd-preview\"><\/i>                        <\/a>                        <\/td>                                    <\/tr>                                        <\/tbody>        <\/table>            <\/div><\/div><\/div><\/div>\n","protected":false},"excerpt":{"rendered":"<p>D\u00e9cisions<\/p>\n","protected":false},"author":1,"featured_media":0,"parent":0,"menu_order":0,"comment_status":"closed","ping_status":"closed","template":"","meta":{"footnotes":""},"class_list":["post-18108","page","type-page","status-publish","hentry"],"_links":{"self":[{"href":"https:\/\/anpp.dz\/fr\/wp-json\/wp\/v2\/pages\/18108","targetHints":{"allow":["GET"]}}],"collection":[{"href":"https:\/\/anpp.dz\/fr\/wp-json\/wp\/v2\/pages"}],"about":[{"href":"https:\/\/anpp.dz\/fr\/wp-json\/wp\/v2\/types\/page"}],"author":[{"embeddable":true,"href":"https:\/\/anpp.dz\/fr\/wp-json\/wp\/v2\/users\/1"}],"replies":[{"embeddable":true,"href":"https:\/\/anpp.dz\/fr\/wp-json\/wp\/v2\/comments?post=18108"}],"version-history":[{"count":2,"href":"https:\/\/anpp.dz\/fr\/wp-json\/wp\/v2\/pages\/18108\/revisions"}],"predecessor-version":[{"id":18110,"href":"https:\/\/anpp.dz\/fr\/wp-json\/wp\/v2\/pages\/18108\/revisions\/18110"}],"wp:attachment":[{"href":"https:\/\/anpp.dz\/fr\/wp-json\/wp\/v2\/media?parent=18108"}],"curies":[{"name":"wp","href":"https:\/\/api.w.org\/{rel}","templated":true}]}}