{"id":17953,"date":"2022-11-08T11:19:22","date_gmt":"2022-11-08T10:19:22","guid":{"rendered":"http:\/\/anpp.dz\/?page_id=17953"},"modified":"2025-12-25T01:21:33","modified_gmt":"2025-12-25T00:21:33","slug":"textes-reglementaires-dm","status":"publish","type":"page","link":"https:\/\/anpp.dz\/fr\/textes-reglementaires-dm\/","title":{"rendered":"Textes R\u00e9glementaires relatifs aux Dispositifs M\u00e9dicaux"},"content":{"rendered":"<div class=\"wpb-content-wrapper\"><p>[vc_row css=&#8221;.vc_custom_1667903313557{background-color: #fdf6ed !important;}&#8221;][vc_column width=&#8221;5\/6&#8243;][vc_column_text]<\/p>\n<h6><a href=\"https:\/\/www.joradp.dz\/FTP\/JO-francais\/2021\/F2021062.pdf?znjo=62#page=24\" target=\"_blank\" rel=\"noopener\"><i class=\"fa fa-file-pdf-o\" aria-hidden=\"true\"><\/i>\u00a0Arr\u00eat\u00e9 du 12 Dhou El Ka\u00e2da 1442 correspondant au 23 juin 2021 fixant les modalit\u00e9s d\u2019homologation des dispositifs m\u00e9dicaux fabriqu\u00e9s localement et destin\u00e9s exclusivement \u00e0 l\u2019exportation.<\/a><\/h6>\n<p>[\/vc_column_text][\/vc_column][vc_column width=&#8221;1\/6&#8243;][vc_single_image image=&#8221;17930&#8243; onclick=&#8221;custom_link&#8221; img_link_target=&#8221;_blank&#8221; link=&#8221;https:\/\/www.joradp.dz\/FTP\/JO-francais\/2021\/F2021062.pdf?znjo=62#page=24&#8243;][\/vc_column][\/vc_row][vc_row css=&#8221;.vc_custom_1667903644778{margin-top: 20px !important;margin-bottom: 20px !important;background-color: #fdf6ed !important;}&#8221;][vc_column width=&#8221;5\/6&#8243;][vc_column_text]<\/p>\n<h6><a href=\"https:\/\/www.joradp.dz\/FTP\/JO-francais\/2021\/F2021062.pdf?znjo=62#page=22\" target=\"_blank\" rel=\"noopener\"><i class=\"fa fa-file-pdf-o\" aria-hidden=\"true\"><\/i>\u00a0Arr\u00eat\u00e9 du 12 Dhou El Ka\u00e2da 1442 correspondant au 23 juin 2021 fixant les modalit\u00e9s de modification de la d\u00e9cision d\u2019homologation des dispositifs m\u00e9dicaux \u00e0 usage de la m\u00e9decine humaine.<\/a><\/h6>\n<p>[\/vc_column_text][\/vc_column][vc_column width=&#8221;1\/6&#8243;][vc_single_image image=&#8221;17930&#8243; onclick=&#8221;custom_link&#8221; img_link_target=&#8221;_blank&#8221; link=&#8221;https:\/\/www.joradp.dz\/FTP\/JO-francais\/2021\/F2021062.pdf?znjo=62#page=22&#8243;][\/vc_column][\/vc_row][vc_row css=&#8221;.vc_custom_1667903644778{margin-top: 20px !important;margin-bottom: 20px !important;background-color: #fdf6ed !important;}&#8221;][vc_column width=&#8221;5\/6&#8243;][vc_column_text]<\/p>\n<h6><a href=\"https:\/\/www.joradp.dz\/FTP\/jo-francais\/2021\/F2021055.pdf?fbclid=IwAR1LF0xnmRrzrE4WMjv19MQs3iUI4DtNO0_HmmRB_eAXm6iIAvz-sMLrRqM#page=22\" target=\"_blank\" rel=\"noopener\"><i class=\"fa fa-file-pdf-o\" aria-hidden=\"true\"><\/i>\u00a0Arr\u00eat\u00e9 du 28 Ramadhan 1442 correspondant au 10 mai 2021 fixant la composition du dossier d\u2019homologation et du dossier de renouvellement de la d\u00e9cision d\u2019homologation des dispositifs m\u00e9dicaux \u00e0 usage de la m\u00e9decine humaine.<\/a><\/h6>\n<p>[\/vc_column_text][\/vc_column][vc_column width=&#8221;1\/6&#8243;][vc_single_image image=&#8221;17930&#8243; onclick=&#8221;custom_link&#8221; img_link_target=&#8221;_blank&#8221; link=&#8221;&#8220;https:\/\/www.joradp.dz\/FTP\/jo-francais\/2021\/F2021055.pdf?fbclid=IwAR1LF0xnmRrzrE4WMjv19MQs3iUI4DtNO0_HmmRB_eAXm6iIAvz-sMLrRqM#page=22&#8243;][\/vc_column][\/vc_row][vc_row css=&#8221;.vc_custom_1667903644778{margin-top: 20px !important;margin-bottom: 20px !important;background-color: #fdf6ed !important;}&#8221;][vc_column width=&#8221;5\/6&#8243;][vc_column_text]<\/p>\n<h6><a href=\"https:\/\/www.joradp.dz\/FTP\/jo-francais\/2021\/F2021055.pdf?fbclid=IwAR0vEkjjM6Ycbb6PWoEh3aAc3oTEUv5MdUApOWSKYhCdzHMC5yVqxJK4980#page=25\" target=\"_blank\" rel=\"noopener\"><i class=\"fa fa-file-pdf-o\" aria-hidden=\"true\"><\/i>\u00a0Arr\u00eat\u00e9 du 28 Ramadhan 1442 correspondant au 10 mai 2021 fixant les modalit\u00e9s de r\u00e9gularisation du dossier d\u2019homologation des dispositifs m\u00e9dicaux \u00e0 usage de la m\u00e9decine humaine<\/a><\/h6>\n<p>[\/vc_column_text][\/vc_column][vc_column width=&#8221;1\/6&#8243;][vc_single_image image=&#8221;17930&#8243; onclick=&#8221;custom_link&#8221; img_link_target=&#8221;_blank&#8221; link=&#8221;https:\/\/www.joradp.dz\/FTP\/jo-francais\/2021\/F2021055.pdf?fbclid=IwAR0vEkjjM6Ycbb6PWoEh3aAc3oTEUv5MdUApOWSKYhCdzHMC5yVqxJK4980#page=25&#8243;][\/vc_column][\/vc_row][vc_row css=&#8221;.vc_custom_1667903644778{margin-top: 20px !important;margin-bottom: 20px !important;background-color: #fdf6ed !important;}&#8221;][vc_column width=&#8221;5\/6&#8243;][vc_column_text]<\/p>\n<h6><a href=\"https:\/\/www.joradp.dz\/FTP\/JO-francais\/2021\/F2021055.pdf?znjo=55#page=29\" target=\"_blank\" rel=\"noopener\"><i class=\"fa fa-file-pdf-o\" aria-hidden=\"true\"><\/i>\u00a0Arr\u00eat\u00e9 du 28 Ramadhan 1442 correspondant au 10 mai 2021 modifiant l\u2019arr\u00eat\u00e9 du 12 Joumada El Oula 1442 correspondant au 27 d\u00e9cembre 2020 portant d\u00e9signation du pr\u00e9sident et des membres de la commission d\u2019homologation des dispositifs m\u00e9dicaux \u00e0 usage de m\u00e9decine humaine.<\/a><\/h6>\n<p>[\/vc_column_text][\/vc_column][vc_column width=&#8221;1\/6&#8243;][vc_single_image image=&#8221;17930&#8243; onclick=&#8221;custom_link&#8221; img_link_target=&#8221;_blank&#8221; link=&#8221;https:\/\/www.joradp.dz\/FTP\/JO-francais\/2021\/F2021055.pdf?znjo=55#page=29&#8243;][\/vc_column][\/vc_row]<\/p>\n<\/div>","protected":false},"excerpt":{"rendered":"<p>[vc_row css=&#8221;.vc_custom_1667903313557{background-color: #fdf6ed !important;}&#8221;][vc_column width=&#8221;5\/6&#8243;][vc_column_text] \u00a0Arr\u00eat\u00e9 du 12 Dhou El Ka\u00e2da 1442 correspondant au 23 juin 2021 fixant les modalit\u00e9s d\u2019homologation des dispositifs m\u00e9dicaux fabriqu\u00e9s localement et destin\u00e9s exclusivement \u00e0 l\u2019exportation. [\/vc_column_text][\/vc_column][vc_column width=&#8221;1\/6&#8243;][vc_single_image image=&#8221;17930&#8243; onclick=&#8221;custom_link&#8221; img_link_target=&#8221;_blank&#8221; link=&#8221;https:\/\/www.joradp.dz\/FTP\/JO-francais\/2021\/F2021062.pdf?znjo=62#page=24&#8243;][\/vc_column][\/vc_row][vc_row css=&#8221;.vc_custom_1667903644778{margin-top: 20px !important;margin-bottom: 20px !important;background-color: #fdf6ed !important;}&#8221;][vc_column width=&#8221;5\/6&#8243;][vc_column_text] \u00a0Arr\u00eat\u00e9 du 12 Dhou El Ka\u00e2da 1442 correspondant au 23 [&hellip;]<\/p>\n","protected":false},"author":1,"featured_media":0,"parent":0,"menu_order":0,"comment_status":"closed","ping_status":"closed","template":"","meta":{"footnotes":""},"class_list":["post-17953","page","type-page","status-publish","hentry"],"_links":{"self":[{"href":"https:\/\/anpp.dz\/fr\/wp-json\/wp\/v2\/pages\/17953","targetHints":{"allow":["GET"]}}],"collection":[{"href":"https:\/\/anpp.dz\/fr\/wp-json\/wp\/v2\/pages"}],"about":[{"href":"https:\/\/anpp.dz\/fr\/wp-json\/wp\/v2\/types\/page"}],"author":[{"embeddable":true,"href":"https:\/\/anpp.dz\/fr\/wp-json\/wp\/v2\/users\/1"}],"replies":[{"embeddable":true,"href":"https:\/\/anpp.dz\/fr\/wp-json\/wp\/v2\/comments?post=17953"}],"version-history":[{"count":6,"href":"https:\/\/anpp.dz\/fr\/wp-json\/wp\/v2\/pages\/17953\/revisions"}],"predecessor-version":[{"id":20898,"href":"https:\/\/anpp.dz\/fr\/wp-json\/wp\/v2\/pages\/17953\/revisions\/20898"}],"wp:attachment":[{"href":"https:\/\/anpp.dz\/fr\/wp-json\/wp\/v2\/media?parent=17953"}],"curies":[{"name":"wp","href":"https:\/\/api.w.org\/{rel}","templated":true}]}}