{"id":17950,"date":"2022-11-08T10:46:05","date_gmt":"2022-11-08T09:46:05","guid":{"rendered":"http:\/\/anpp.dz\/?page_id=17950"},"modified":"2025-12-25T01:21:16","modified_gmt":"2025-12-25T00:21:16","slug":"textes-reglementaires-pp","status":"publish","type":"page","link":"https:\/\/anpp.dz\/fr\/textes-reglementaires-pp\/","title":{"rendered":"Textes R\u00e9glementaires relatifs aux Produits Pharmaceutiques"},"content":{"rendered":"<div class=\"wpb-content-wrapper\"><p>[vc_row css=&#8221;.vc_custom_1667901183045{background-color: #fdf6ed !important;}&#8221;][vc_column width=&#8221;5\/6&#8243;][vc_column_text]<\/p>\n<h6><a href=\"https:\/\/www.joradp.dz\/FTP\/jo-francais\/2022\/F2022008.pdf#page=38\" target=\"_blank\" rel=\"noopener\"><i class=\"fa fa-file-pdf-o\" aria-hidden=\"true\"><\/i>\u00a0Arr\u00eat\u00e9 du 16 Joumada El Oula 1443 correspondant au 21 d\u00e9cembre 2021 modifiant l&#8217;arr\u00eat\u00e9 du 11 Joumada El Oula 1442 correspondant au 26 d\u00e9cembre 2020 portant d\u00e9signation du pr\u00e9sident et des membres de la commission d\u2019enregistrement des produits pharmaceutiques \u00e0 usage de la m\u00e9decine humaine.<\/a><\/h6>\n<p>[\/vc_column_text][\/vc_column][vc_column width=&#8221;1\/6&#8243;][vc_single_image image=&#8221;17930&#8243;][\/vc_column][\/vc_row][vc_row css=&#8221;.vc_custom_1667901209296{margin-top: 20px !important;margin-bottom: 20px !important;background-color: #fdf6ed !important;}&#8221;][vc_column width=&#8221;5\/6&#8243;][vc_column_text]<\/p>\n<h6><a href=\"https:\/\/www.joradp.dz\/FTP\/jo-francais\/2022\/F2022008.pdf#page=38\" target=\"_blank\" rel=\"noopener\">\u00a0Arr\u00eat\u00e9 du 17 Joumada El Oula 1443 correspondant au 22 d\u00e9cembre 2021 modifiant l\u2019arr\u00eat\u00e9 du 11 Joumada El Oula 1442 correspondant au 26 d\u00e9cembre 2020 portant d\u00e9signation du pr\u00e9sident et des membres du comit\u00e9 \u00e9conomique intersectoriel des m\u00e9dicaments.<\/a><\/h6>\n<p>[\/vc_column_text][\/vc_column][vc_column width=&#8221;1\/6&#8243;][vc_single_image image=&#8221;17930&#8243; onclick=&#8221;custom_link&#8221; img_link_target=&#8221;_blank&#8221; link=&#8221;https:\/\/www.joradp.dz\/FTP\/jo-francais\/2022\/F2022008.pdf#page=38&#8243;][\/vc_column][\/vc_row][vc_row css=&#8221;.vc_custom_1667901209296{margin-top: 20px !important;margin-bottom: 20px !important;background-color: #fdf6ed !important;}&#8221;][vc_column width=&#8221;5\/6&#8243;][vc_column_text]<\/p>\n<h6><a href=\"https:\/\/www.joradp.dz\/FTP\/JO-francais\/2021\/F2021083.pdf?znjo=83#page=27\" target=\"_blank\" rel=\"noopener\"><i class=\"fa fa-file-pdf-o\" aria-hidden=\"true\"><\/i>\u00a0Arr\u00eat\u00e9 du 27 Safar 1443 correspondant au 4 octobre 2021 fixant les modalit\u00e9s d\u2019enregistrement des produits pharmaceutiques fabriqu\u00e9s localement et destin\u00e9s exclusivement \u00e0 l\u2019exportation.<\/a><\/h6>\n<p>[\/vc_column_text][\/vc_column][vc_column width=&#8221;1\/6&#8243;][vc_single_image image=&#8221;17930&#8243; onclick=&#8221;custom_link&#8221; img_link_target=&#8221;_blank&#8221; link=&#8221;https:\/\/www.joradp.dz\/FTP\/JO-francais\/2021\/F2021083.pdf?znjo=83#page=27&#8243;][\/vc_column][\/vc_row][vc_row css=&#8221;.vc_custom_1667901209296{margin-top: 20px !important;margin-bottom: 20px !important;background-color: #fdf6ed !important;}&#8221;][vc_column width=&#8221;5\/6&#8243;][vc_column_text]<\/p>\n<h6><a href=\"https:\/\/www.joradp.dz\/FTP\/JO-francais\/2021\/F2021087.pdf#page=22\" target=\"_blank\" rel=\"noopener\"><i class=\"fa fa-file-pdf-o\" aria-hidden=\"true\"><\/i>\u00a0Arr\u00eat\u00e9 du 27 Safar 1443 correspondant au 4 octobre 2021 fixant les crit\u00e8res d\u2019exon\u00e9ration des m\u00e9dicaments g\u00e9n\u00e9riques et bioth\u00e9rapeutiques similaires de l\u2019\u00e9tude de bio\u00e9quivalence et de tout autre essai d\u2019\u00e9quivalence th\u00e9rapeutique ainsi que la liste de ces m\u00e9dicaments.<\/a><\/h6>\n<p>[\/vc_column_text][\/vc_column][vc_column width=&#8221;1\/6&#8243;][vc_single_image image=&#8221;17930&#8243; onclick=&#8221;custom_link&#8221; img_link_target=&#8221;_blank&#8221; link=&#8221;https:\/\/www.joradp.dz\/FTP\/JO-francais\/2021\/F2021087.pdf#page=22&#8243;][\/vc_column][\/vc_row][vc_row css=&#8221;.vc_custom_1667901209296{margin-top: 20px !important;margin-bottom: 20px !important;background-color: #fdf6ed !important;}&#8221;][vc_column width=&#8221;5\/6&#8243;][vc_column_text]<\/p>\n<h6><a href=\"https:\/\/www.joradp.dz\/FTP\/JO-francais\/2021\/F2021085.pdf?znjo=85#page=25\" target=\"_blank\" rel=\"noopener\"><i class=\"fa fa-file-pdf-o\" aria-hidden=\"true\"><\/i>\u00a0Arr\u00eat\u00e9 du 26 Safar 1443 correspondant au 3 octobre 2021 fixant les modalit\u00e9s de modification de la d\u00e9cision d\u2019enregistrement des produits pharmaceutiques \u00e0 usage de la m\u00e9decine humaine<\/a><\/h6>\n<p>[\/vc_column_text][\/vc_column][vc_column width=&#8221;1\/6&#8243;][vc_single_image image=&#8221;17930&#8243; onclick=&#8221;custom_link&#8221; img_link_target=&#8221;_blank&#8221; link=&#8221;https:\/\/www.joradp.dz\/FTP\/JO-francais\/2021\/F2021087.pdf#page=22&#8243;][\/vc_column][\/vc_row][vc_row css=&#8221;.vc_custom_1667901209296{margin-top: 20px !important;margin-bottom: 20px !important;background-color: #fdf6ed !important;}&#8221;][vc_column width=&#8221;5\/6&#8243;][vc_column_text]<\/p>\n<h6><a href=\"https:\/\/www.joradp.dz\/FTP\/JO-francais\/2021\/F2021087.pdf#page=22\" target=\"_blank\" rel=\"noopener\"><i class=\"fa fa-file-pdf-o\" aria-hidden=\"true\"><\/i>\u00a0Arr\u00eat\u00e9 du 26 Safar 1443 correspondant au 3 octobre 2021 fixant les modalit\u00e9s d\u2019\u00e9tude de la demande et le mod\u00e8le du formulaire de pr\u00e9-soumission des produits pharmaceutiques \u00e0 l\u2019enregistrement.<\/a><\/h6>\n<p>[\/vc_column_text][\/vc_column][vc_column width=&#8221;1\/6&#8243;][vc_single_image image=&#8221;17930&#8243; onclick=&#8221;custom_link&#8221; img_link_target=&#8221;_blank&#8221; link=&#8221;https:\/\/www.joradp.dz\/FTP\/JO-francais\/2021\/F2021087.pdf#page=22&#8243;][\/vc_column][\/vc_row][vc_row css=&#8221;.vc_custom_1667901209296{margin-top: 20px !important;margin-bottom: 20px !important;background-color: #fdf6ed !important;}&#8221;][vc_column width=&#8221;5\/6&#8243;][vc_column_text]<\/p>\n<h6><a href=\"https:\/\/www.joradp.dz\/FTP\/JO-francais\/2021\/F2021068.pdf?znjo=68#page=34\" target=\"_blank\" rel=\"noopener\"><i class=\"fa fa-file-pdf-o\" aria-hidden=\"true\"><\/i>\u00a0Arr\u00eat\u00e9 du 12 Dhou El Hidja 1442 correspondant au 22 juillet 2021 fixant les modalit\u00e9s d\u2019enregistrement des produits pharmaceutiques import\u00e9s, enregistr\u00e9s et non commercialis\u00e9s dans le pays d\u2019origine.<\/a><\/h6>\n<p>[\/vc_column_text][\/vc_column][vc_column width=&#8221;1\/6&#8243;][vc_single_image image=&#8221;17930&#8243; onclick=&#8221;custom_link&#8221; img_link_target=&#8221;_blank&#8221; link=&#8221;https:\/\/www.joradp.dz\/FTP\/JO-francais\/2021\/F2021087.pdf#page=22&#8243;][\/vc_column][\/vc_row][vc_row css=&#8221;.vc_custom_1667901209296{margin-top: 20px !important;margin-bottom: 20px !important;background-color: #fdf6ed !important;}&#8221;][vc_column width=&#8221;5\/6&#8243;][vc_column_text]<\/p>\n<h6><a href=\"https:\/\/www.joradp.dz\/FTP\/jo-francais\/2021\/F2021055.pdf?fbclid=IwAR0eAY_osOTih1LxX69yCEd5_sg2JOef639usErj4MIZztNmmfmxbBhduOo#page=27\" target=\"_blank\" rel=\"noopener\"><i class=\"fa fa-file-pdf-o\" aria-hidden=\"true\"><\/i>\u00a0Arr\u00eat\u00e9 du 28 Ramadhan 1442 correspondant au 10 mai 2021 fixant la composition du dossier d\u2019enregistrement et du dossier de renouvellement de la d\u00e9cision d\u2019enregistrement<\/a><\/h6>\n<p>[\/vc_column_text][\/vc_column][vc_column width=&#8221;1\/6&#8243;][vc_single_image image=&#8221;17930&#8243; onclick=&#8221;custom_link&#8221; img_link_target=&#8221;_blank&#8221; link=&#8221;https:\/\/www.joradp.dz\/FTP\/jo-francais\/2021\/F2021055.pdf?fbclid=IwAR0eAY_osOTih1LxX69yCEd5_sg2JOef639usErj4MIZztNmmfmxbBhduOo#page=27&#8243;][\/vc_column][\/vc_row][vc_row css=&#8221;.vc_custom_1667901209296{margin-top: 20px !important;margin-bottom: 20px !important;background-color: #fdf6ed !important;}&#8221;][vc_column width=&#8221;5\/6&#8243;][vc_column_text]<\/p>\n<h6><a href=\"https:\/\/www.joradp.dz\/FTP\/JO-francais\/2021\/F2021015.pdf?znjo=15#page=17\" target=\"_blank\" rel=\"noopener\"><i class=\"fa fa-file-pdf-o\" aria-hidden=\"true\"><\/i>\u00a0Arr\u00eat\u00e9 du 2 Rajab 1442 correspondant au 14 f\u00e9vrier 2021 fixant le cahier des conditions techniques \u00e0 l\u2019importation des produits pharmaceutiques et des dispositifs m\u00e9dicaux \u00e0 usage de la m\u00e9decine humaine.<\/a><\/h6>\n<p>[\/vc_column_text][\/vc_column][vc_column width=&#8221;1\/6&#8243;][vc_single_image image=&#8221;17930&#8243; onclick=&#8221;custom_link&#8221; img_link_target=&#8221;_blank&#8221; link=&#8221;https:\/\/www.joradp.dz\/FTP\/JO-francais\/2021\/F2021015.pdf?znjo=15#page=17&#8243;][\/vc_column][\/vc_row][vc_row css=&#8221;.vc_custom_1667901209296{margin-top: 20px !important;margin-bottom: 20px !important;background-color: #fdf6ed !important;}&#8221;][vc_column width=&#8221;5\/6&#8243;][vc_column_text]<\/p>\n<h6><a href=\"https:\/\/www.joradp.dz\/FTP\/JO-francais\/2021\/F2021011.pdf?znjo=11#page=35\" target=\"_blank\" rel=\"noopener\"><i class=\"fa fa-file-pdf-o\" aria-hidden=\"true\"><\/i>\u00a0Arr\u00eat\u00e9 du 23 Joumada El Oula 1442 correspondant au 7 janvier 2021 modifiant l\u2019arr\u00eat\u00e9 du 11 Joumada El Oula 1442 correspondant au 26 d\u00e9cembre 2020 portant d\u00e9signation du pr\u00e9sident et des membres de la commission d\u2019enregistrement des produits pharmaceutiques \u00e0 usage de la m\u00e9decine humaine.<\/a><\/h6>\n<p>[\/vc_column_text][\/vc_column][vc_column width=&#8221;1\/6&#8243;][vc_single_image image=&#8221;17930&#8243; onclick=&#8221;custom_link&#8221; img_link_target=&#8221;_blank&#8221; link=&#8221;https:\/\/www.joradp.dz\/FTP\/JO-francais\/2021\/F2021011.pdf?znjo=11#page=35&#8243;][\/vc_column][\/vc_row][vc_row css=&#8221;.vc_custom_1667901209296{margin-top: 20px !important;margin-bottom: 20px !important;background-color: #fdf6ed !important;}&#8221;][vc_column width=&#8221;5\/6&#8243;][vc_column_text]<\/p>\n<div class=\"row\">\n<div class=\"col-lg-12\">\n<div class=\"title-box\">\n<h6><a style=\"font-size: 16px;\" href=\"https:\/\/www.joradp.dz\/FTP\/JO-francais\/2020\/F2020078.pdf#page=27?znjo=78\" target=\"_blank\" rel=\"noopener\"><i class=\"fa fa-file-pdf-o\" aria-hidden=\"true\"><\/i>\u00a0Arr\u00eat\u00e9 du 11 Joumada El Oula 1442 correspondant au 26 d\u00e9cembre 2020 portant d\u00e9signation du pr\u00e9sident et des membres de la commission d&#8217;enregistrement des produits pharmaceutiques \u00e0 usage de la m\u00e9decine humaine<\/a><\/h6>\n<\/div>\n<\/div>\n<\/div>\n<div class=\"row\">\n<div class=\"col-lg-12 \">\n<div class=\"row align-items-center about-main-info\">\n<div class=\"col-lg-12 \">\n<p>&nbsp;<\/p>\n<\/div>\n<\/div>\n<\/div>\n<\/div>\n<p>[\/vc_column_text][\/vc_column][vc_column width=&#8221;1\/6&#8243;][vc_single_image image=&#8221;17930&#8243; onclick=&#8221;custom_link&#8221; img_link_target=&#8221;_blank&#8221; link=&#8221;https:\/\/www.joradp.dz\/FTP\/JO-francais\/2020\/F2020078.pdf#page=27?znjo=78&#8243;][\/vc_column][\/vc_row][vc_row css=&#8221;.vc_custom_1667901209296{margin-top: 20px !important;margin-bottom: 20px !important;background-color: #fdf6ed !important;}&#8221;][vc_column width=&#8221;5\/6&#8243;][vc_column_text]<\/p>\n<div class=\"row\">\n<div class=\"col-lg-12\">\n<div class=\"title-box\">\n<h6><a href=\"https:\/\/www.joradp.dz\/FTP\/JO-francais\/2020\/F2020078.pdf#page=27?znjo=78\" target=\"_blank\" rel=\"noopener\"><i class=\"fa fa-file-pdf-o\" aria-hidden=\"true\"><\/i>\u00a0Arr\u00eat\u00e9 du 11 Joumada El Oula 1442 correspondant au 26 d\u00e9cembre 2020 fixant le mod\u00e8le du formulaire de la demande de pr\u00e9-soumission des produits pharmaceutiques \u00e0 l\u2019enregistrement<\/a><\/h6>\n<\/div>\n<\/div>\n<\/div>\n<div class=\"row\">\n<div class=\"col-lg-12 \">\n<div class=\"row align-items-center about-main-info\">\n<div class=\"col-lg-12 \">\n<p>&nbsp;<\/p>\n<\/div>\n<\/div>\n<\/div>\n<\/div>\n<p>[\/vc_column_text][\/vc_column][vc_column width=&#8221;1\/6&#8243;][vc_single_image image=&#8221;17930&#8243; onclick=&#8221;custom_link&#8221; img_link_target=&#8221;_blank&#8221; link=&#8221;https:\/\/www.joradp.dz\/FTP\/JO-francais\/2020\/F2020078.pdf#page=27?znjo=78&#8243;][\/vc_column][\/vc_row][vc_row css=&#8221;.vc_custom_1667901209296{margin-top: 20px !important;margin-bottom: 20px !important;background-color: #fdf6ed !important;}&#8221;][vc_column width=&#8221;5\/6&#8243;][vc_column_text]<\/p>\n<div class=\"row\">\n<div class=\"col-lg-12\">\n<div class=\"title-box\">\n<h6><a href=\"https:\/\/www.joradp.dz\/FTP\/JO-francais\/2020\/F2020078.pdf#page=29?znjo=78\" target=\"_blank\" rel=\"noopener\">Arr\u00eat\u00e9 du 12 Joumada El Oula 1442 correspondant au 27 d\u00e9cembre 2020 fixant la composition du dossier d\u2019enregistrement des m\u00e9dicaments \u00e0 usage de la m\u00e9decine humaine<\/a><\/h6>\n<\/div>\n<\/div>\n<\/div>\n<div class=\"row\">\n<div class=\"col-lg-12 \">\n<div class=\"row align-items-center about-main-info\">\n<div class=\"col-lg-12 \">\n<p>&nbsp;<\/p>\n<\/div>\n<\/div>\n<\/div>\n<\/div>\n<p>[\/vc_column_text][\/vc_column][vc_column width=&#8221;1\/6&#8243;][vc_single_image image=&#8221;17930&#8243; onclick=&#8221;custom_link&#8221; img_link_target=&#8221;_blank&#8221; link=&#8221;https:\/\/www.joradp.dz\/FTP\/JO-francais\/2020\/F2020078.pdf#page=29?znjo=78&#8243;][\/vc_column][\/vc_row][vc_row css=&#8221;.vc_custom_1667901209296{margin-top: 20px !important;margin-bottom: 20px !important;background-color: #fdf6ed !important;}&#8221;][vc_column width=&#8221;5\/6&#8243;][vc_column_text]<\/p>\n<div class=\"row\">\n<div class=\"col-lg-12\">\n<div class=\"title-box\">\n<h6><a href=\"https:\/\/www.joradp.dz\/FTP\/JO-francais\/2020\/F2020078.pdf#page=30?znjo=78\" target=\"_blank\" rel=\"noopener\"><i class=\"fa fa-file-pdf-o\" aria-hidden=\"true\"><\/i>\u00a0Arr\u00eat\u00e9 du 12 Joumada El Oula 1442 correspondant au 27 d\u00e9cembre 2020 portant missions, composition, organisation et fonctionnement du comit\u00e9 d\u2019experts cliniciens<\/a><\/h6>\n<\/div>\n<\/div>\n<\/div>\n<div class=\"row\">\n<div class=\"col-lg-12 \">\n<div class=\"row align-items-center about-main-info\">\n<div class=\"col-lg-12 \">\n<p>&nbsp;<\/p>\n<\/div>\n<\/div>\n<\/div>\n<\/div>\n<p>[\/vc_column_text][\/vc_column][vc_column width=&#8221;1\/6&#8243;][vc_single_image image=&#8221;17930&#8243; onclick=&#8221;custom_link&#8221; img_link_target=&#8221;_blank&#8221; link=&#8221;https:\/\/www.joradp.dz\/FTP\/JO-francais\/2020\/F2020078.pdf#page=30?znjo=78&#8243;][\/vc_column][\/vc_row][vc_row css=&#8221;.vc_custom_1667901209296{margin-top: 20px !important;margin-bottom: 20px !important;background-color: #fdf6ed !important;}&#8221;][vc_column width=&#8221;5\/6&#8243;][vc_column_text]<\/p>\n<div class=\"row\">\n<div class=\"col-lg-12\">\n<div class=\"title-box\">\n<h6><a href=\"https:\/\/www.joradp.dz\/FTP\/JO-francais\/2020\/F2020078.pdf#page=31?znjo=78\" target=\"_blank\" rel=\"noopener\"><i class=\"fa fa-file-pdf-o\" aria-hidden=\"true\"><\/i>\u00a0Arr\u00eat\u00e9 du 11 Joumada El Oula 1442 correspondant au 26 d\u00e9cembre 2020 fixant la proc\u00e9dure de l&#8217;\u00e9valuation documentaire et\/ou technique du dossier d&#8217;enregistrementet et la liste des m\u00e9dicaments concern\u00e9s<\/a><\/h6>\n<\/div>\n<\/div>\n<\/div>\n<div class=\"row\">\n<div class=\"col-lg-12 \">\n<div class=\"row align-items-center about-main-info\">\n<div class=\"col-lg-12 \">\n<p>&nbsp;<\/p>\n<\/div>\n<\/div>\n<\/div>\n<\/div>\n<p>[\/vc_column_text][\/vc_column][vc_column width=&#8221;1\/6&#8243;][vc_single_image image=&#8221;17930&#8243; onclick=&#8221;custom_link&#8221; img_link_target=&#8221;_blank&#8221; link=&#8221;https:\/\/www.joradp.dz\/FTP\/JO-francais\/2020\/F2020078.pdf#page=31?znjo=78&#8243;][\/vc_column][\/vc_row][vc_row css=&#8221;.vc_custom_1667901209296{margin-top: 20px !important;margin-bottom: 20px !important;background-color: #fdf6ed !important;}&#8221;][vc_column width=&#8221;5\/6&#8243;][vc_column_text]<\/p>\n<h6><a href=\"https:\/\/www.joradp.dz\/FTP\/JO-francais\/2020\/F2020078.pdf#page=33?znjo=78\" target=\"_blank\" rel=\"noopener\"><i class=\"fa fa-file-pdf-o\" aria-hidden=\"true\"><\/i>\u00a0Arr\u00eat\u00e9 du 11 Joumada El Oula 1442 correspondant au 26 d\u00e9cembre 2020 portant d\u00e9signation du pr\u00e9sident et des membres du comit\u00e9 \u00e9conomique intersectoriel des m\u00e9dicaments<\/a><\/h6>\n<p>[\/vc_column_text][\/vc_column][vc_column width=&#8221;1\/6&#8243;][vc_single_image image=&#8221;17930&#8243; onclick=&#8221;custom_link&#8221; img_link_target=&#8221;_blank&#8221; link=&#8221;https:\/\/www.joradp.dz\/FTP\/JO-francais\/2020\/F2020078.pdf#page=33?znjo=78&#8243;][\/vc_column][\/vc_row][vc_row css=&#8221;.vc_custom_1667901209296{margin-top: 20px !important;margin-bottom: 20px !important;background-color: #fdf6ed !important;}&#8221;][vc_column width=&#8221;5\/6&#8243;][vc_column_text]<\/p>\n<h6><a href=\"https:\/\/www.joradp.dz\/FTP\/JO-francais\/2020\/F2020078.pdf#page=33?znjo=78\" target=\"_blank\" rel=\"noopener\"><i class=\"fa fa-file-pdf-o\" aria-hidden=\"true\"><\/i>\u00a0Arr\u00eat\u00e9 du 11 Joumada El Oula 1442 correspondant au 26 d\u00e9cembre 2020 fixant la proc\u00e9dure de fixation des prix des m\u00e9dicaments par le comit\u00e9 \u00e9conomique intersectoriel des m\u00e9dicaments<\/a><\/h6>\n<p>[\/vc_column_text][\/vc_column][vc_column width=&#8221;1\/6&#8243;][vc_single_image image=&#8221;17930&#8243; onclick=&#8221;custom_link&#8221; img_link_target=&#8221;_blank&#8221; link=&#8221;https:\/\/www.joradp.dz\/FTP\/JO-francais\/2020\/F2020078.pdf#page=33?znjo=78&#8243;][\/vc_column][\/vc_row]<\/p>\n<\/div>","protected":false},"excerpt":{"rendered":"<p>[vc_row css=&#8221;.vc_custom_1667901183045{background-color: #fdf6ed !important;}&#8221;][vc_column width=&#8221;5\/6&#8243;][vc_column_text] \u00a0Arr\u00eat\u00e9 du 16 Joumada El Oula 1443 correspondant au 21 d\u00e9cembre 2021 modifiant l&#8217;arr\u00eat\u00e9 du 11 Joumada El Oula 1442 correspondant au 26 d\u00e9cembre 2020 portant d\u00e9signation du pr\u00e9sident et des membres de la commission d\u2019enregistrement des produits pharmaceutiques \u00e0 usage de la m\u00e9decine humaine. [\/vc_column_text][\/vc_column][vc_column width=&#8221;1\/6&#8243;][vc_single_image image=&#8221;17930&#8243;][\/vc_column][\/vc_row][vc_row css=&#8221;.vc_custom_1667901209296{margin-top: 20px [&hellip;]<\/p>\n","protected":false},"author":1,"featured_media":0,"parent":0,"menu_order":0,"comment_status":"closed","ping_status":"closed","template":"","meta":{"footnotes":""},"class_list":["post-17950","page","type-page","status-publish","hentry"],"_links":{"self":[{"href":"https:\/\/anpp.dz\/fr\/wp-json\/wp\/v2\/pages\/17950","targetHints":{"allow":["GET"]}}],"collection":[{"href":"https:\/\/anpp.dz\/fr\/wp-json\/wp\/v2\/pages"}],"about":[{"href":"https:\/\/anpp.dz\/fr\/wp-json\/wp\/v2\/types\/page"}],"author":[{"embeddable":true,"href":"https:\/\/anpp.dz\/fr\/wp-json\/wp\/v2\/users\/1"}],"replies":[{"embeddable":true,"href":"https:\/\/anpp.dz\/fr\/wp-json\/wp\/v2\/comments?post=17950"}],"version-history":[{"count":5,"href":"https:\/\/anpp.dz\/fr\/wp-json\/wp\/v2\/pages\/17950\/revisions"}],"predecessor-version":[{"id":20897,"href":"https:\/\/anpp.dz\/fr\/wp-json\/wp\/v2\/pages\/17950\/revisions\/20897"}],"wp:attachment":[{"href":"https:\/\/anpp.dz\/fr\/wp-json\/wp\/v2\/media?parent=17950"}],"curies":[{"name":"wp","href":"https:\/\/api.w.org\/{rel}","templated":true}]}}