{"id":17947,"date":"2022-11-07T15:57:56","date_gmt":"2022-11-07T14:57:56","guid":{"rendered":"http:\/\/anpp.dz\/?page_id=17947"},"modified":"2025-12-25T01:02:04","modified_gmt":"2025-12-25T00:02:04","slug":"lois","status":"publish","type":"page","link":"https:\/\/anpp.dz\/fr\/lois\/","title":{"rendered":"Lois"},"content":{"rendered":"<div class=\"wpb-content-wrapper\"><p>[vc_row css=&#8221;.vc_custom_1667833657401{margin-bottom: 20px !important;background-color: #fdf6ed !important;}&#8221;][vc_column width=&#8221;5\/6&#8243;][vc_column_text]<\/p>\n<div class=\"row\">\n<div class=\"col-lg-12\">\n<h6 class=\"title-box\"><a href=\"http:\/\/anpp.dz\/download\/Loi%20n%C2%B001-21%20du%2022%20decembre%202021%20portant%20loi%20de%20finances%20pour%202002.pdf\" target=\"_blank\" rel=\"noopener\"><i class=\"fa fa-file-pdf-o\" aria-hidden=\"true\"><\/i>\u00a0Loi n\u00b001-21 du 22 d\u00e9cembre 2001, modifi\u00e9e et compl\u00e9t\u00e9e portant loi de finances pour 2020<\/a><\/h6>\n<\/div>\n<\/div>\n<p>[\/vc_column_text][\/vc_column][vc_column width=&#8221;1\/6&#8243;][vc_single_image image=&#8221;17930&#8243; onclick=&#8221;custom_link&#8221; img_link_target=&#8221;_blank&#8221; link=&#8221;http:\/\/anpp.dz\/download\/Loi%20n%C2%B001-21%20du%2022%20decembre%202021%20portant%20loi%20de%20finances%20pour%202002.pdf&#8220;&#8221;][\/vc_column][\/vc_row][vc_row css=&#8221;.vc_custom_1667833675775{margin-bottom: 20px !important;background-color: #fdf6ed !important;}&#8221;][vc_column width=&#8221;5\/6&#8243;][vc_column_text]<\/p>\n<h6><a href=\"https:\/\/www.joradp.dz\/FTP\/JO-FRANCAIS\/2018\/F2018046.pdf?znjo=46#page=19\" target=\"_blank\" rel=\"noopener\"><i class=\"fa fa-file-pdf-o\" aria-hidden=\"true\"><\/i>\u00a0Loi n\u00b0 18-11 du 18 Chaoual 1439 correspondant au 2 juillet 2018 relative \u00e0 la sant\u00e9<\/a><\/h6>\n<p>[\/vc_column_text][\/vc_column][vc_column width=&#8221;1\/6&#8243;][vc_single_image image=&#8221;17930&#8243; onclick=&#8221;custom_link&#8221; img_link_target=&#8221;_blank&#8221; link=&#8221;http:\/\/https:\/\/www.joradp.dz\/FTP\/JO-FRANCAIS\/2018\/F2018046.pdf?znjo=46#page=19&#8243;][\/vc_column][\/vc_row]<\/p>\n<\/div>","protected":false},"excerpt":{"rendered":"<p>[vc_row css=&#8221;.vc_custom_1667833657401{margin-bottom: 20px !important;background-color: #fdf6ed !important;}&#8221;][vc_column width=&#8221;5\/6&#8243;][vc_column_text] \u00a0Loi n\u00b001-21 du 22 d\u00e9cembre 2001, modifi\u00e9e et compl\u00e9t\u00e9e portant loi de finances pour 2020 [\/vc_column_text][\/vc_column][vc_column width=&#8221;1\/6&#8243;][vc_single_image image=&#8221;17930&#8243; onclick=&#8221;custom_link&#8221; img_link_target=&#8221;_blank&#8221; link=&#8221;http:\/\/anpp.dz\/download\/Loi%20n%C2%B001-21%20du%2022%20decembre%202021%20portant%20loi%20de%20finances%20pour%202002.pdf&#8220;&#8221;][\/vc_column][\/vc_row][vc_row css=&#8221;.vc_custom_1667833675775{margin-bottom: 20px !important;background-color: #fdf6ed !important;}&#8221;][vc_column width=&#8221;5\/6&#8243;][vc_column_text] \u00a0Loi n\u00b0 18-11 du 18 Chaoual 1439 correspondant au 2 juillet 2018 relative \u00e0 la sant\u00e9 [\/vc_column_text][\/vc_column][vc_column width=&#8221;1\/6&#8243;][vc_single_image image=&#8221;17930&#8243; onclick=&#8221;custom_link&#8221; img_link_target=&#8221;_blank&#8221; [&hellip;]<\/p>\n","protected":false},"author":1,"featured_media":0,"parent":0,"menu_order":0,"comment_status":"closed","ping_status":"closed","template":"","meta":{"footnotes":""},"class_list":["post-17947","page","type-page","status-publish","hentry"],"_links":{"self":[{"href":"https:\/\/anpp.dz\/fr\/wp-json\/wp\/v2\/pages\/17947","targetHints":{"allow":["GET"]}}],"collection":[{"href":"https:\/\/anpp.dz\/fr\/wp-json\/wp\/v2\/pages"}],"about":[{"href":"https:\/\/anpp.dz\/fr\/wp-json\/wp\/v2\/types\/page"}],"author":[{"embeddable":true,"href":"https:\/\/anpp.dz\/fr\/wp-json\/wp\/v2\/users\/1"}],"replies":[{"embeddable":true,"href":"https:\/\/anpp.dz\/fr\/wp-json\/wp\/v2\/comments?post=17947"}],"version-history":[{"count":3,"href":"https:\/\/anpp.dz\/fr\/wp-json\/wp\/v2\/pages\/17947\/revisions"}],"predecessor-version":[{"id":20889,"href":"https:\/\/anpp.dz\/fr\/wp-json\/wp\/v2\/pages\/17947\/revisions\/20889"}],"wp:attachment":[{"href":"https:\/\/anpp.dz\/fr\/wp-json\/wp\/v2\/media?parent=17947"}],"curies":[{"name":"wp","href":"https:\/\/api.w.org\/{rel}","templated":true}]}}