{"id":17943,"date":"2022-11-07T15:45:29","date_gmt":"2022-11-07T14:45:29","guid":{"rendered":"http:\/\/anpp.dz\/?page_id=17943"},"modified":"2025-12-25T01:08:54","modified_gmt":"2025-12-25T00:08:54","slug":"arretes","status":"publish","type":"page","link":"https:\/\/anpp.dz\/fr\/arretes\/","title":{"rendered":"Arr\u00eat\u00e9s"},"content":{"rendered":"<div class=\"wpb-content-wrapper\"><p>[vc_row css=&#8221;.vc_custom_1667833021083{margin-bottom: 20px !important;background-color: #fdf6ed !important;}&#8221;][vc_column width=&#8221;5\/6&#8243;][vc_column_text]<\/p>\n<h6><a href=\"https:\/\/www.joradp.dz\/FTP\/jo-francais\/2022\/F2022057.pdf#page=21\" target=\"_blank\" rel=\"noopener\"><i class=\"fa fa-file-pdf-o\" aria-hidden=\"true\"><\/i>\u00a0Arr\u00eat\u00e9 du 28 Dhou El Ka\u00e2da 1443 correspondant au 28 juin 2022 fixant l\u2019organisation interne de l\u2019agence nationale des produits pharmaceutiques.<\/a><\/h6>\n<p>[\/vc_column_text][\/vc_column][vc_column width=&#8221;1\/6&#8243;][vc_single_image image=&#8221;17930&#8243;][\/vc_column][\/vc_row][vc_row css=&#8221;.vc_custom_1667833021083{margin-bottom: 20px !important;background-color: #fdf6ed !important;}&#8221;][vc_column width=&#8221;5\/6&#8243;][vc_column_text]<\/p>\n<h6><a href=\"https:\/\/www.joradp.dz\/FTP\/jo-francais\/2022\/F2022057.pdf#page=21\" target=\"_blank\" rel=\"noopener\"><i class=\"fa fa-file-pdf-o\" aria-hidden=\"true\"><\/i>\u00a0Arr\u00eat\u00e9 du 28 Dhou El Ka\u00e2da 1443 correspondant au 28 juin 2022 fixant l\u2019organisation interne de l\u2019agence nationale des produits pharmaceutiques.<\/a><\/h6>\n<p>[\/vc_column_text][\/vc_column][vc_column width=&#8221;1\/6&#8243;][vc_single_image image=&#8221;17930&#8243;][\/vc_column][\/vc_row]<\/p>\n<\/div>","protected":false},"excerpt":{"rendered":"<p>[vc_row css=&#8221;.vc_custom_1667833021083{margin-bottom: 20px !important;background-color: #fdf6ed !important;}&#8221;][vc_column width=&#8221;5\/6&#8243;][vc_column_text] \u00a0Arr\u00eat\u00e9 du 28 Dhou El Ka\u00e2da 1443 correspondant au 28 juin 2022 fixant l\u2019organisation interne de l\u2019agence nationale des produits pharmaceutiques. [\/vc_column_text][\/vc_column][vc_column width=&#8221;1\/6&#8243;][vc_single_image image=&#8221;17930&#8243;][\/vc_column][\/vc_row][vc_row css=&#8221;.vc_custom_1667833021083{margin-bottom: 20px !important;background-color: #fdf6ed !important;}&#8221;][vc_column width=&#8221;5\/6&#8243;][vc_column_text] \u00a0Arr\u00eat\u00e9 du 28 Dhou El Ka\u00e2da 1443 correspondant au 28 juin 2022 fixant l\u2019organisation interne de l\u2019agence nationale [&hellip;]<\/p>\n","protected":false},"author":1,"featured_media":0,"parent":0,"menu_order":0,"comment_status":"closed","ping_status":"closed","template":"","meta":{"footnotes":""},"class_list":["post-17943","page","type-page","status-publish","hentry"],"_links":{"self":[{"href":"https:\/\/anpp.dz\/fr\/wp-json\/wp\/v2\/pages\/17943","targetHints":{"allow":["GET"]}}],"collection":[{"href":"https:\/\/anpp.dz\/fr\/wp-json\/wp\/v2\/pages"}],"about":[{"href":"https:\/\/anpp.dz\/fr\/wp-json\/wp\/v2\/types\/page"}],"author":[{"embeddable":true,"href":"https:\/\/anpp.dz\/fr\/wp-json\/wp\/v2\/users\/1"}],"replies":[{"embeddable":true,"href":"https:\/\/anpp.dz\/fr\/wp-json\/wp\/v2\/comments?post=17943"}],"version-history":[{"count":4,"href":"https:\/\/anpp.dz\/fr\/wp-json\/wp\/v2\/pages\/17943\/revisions"}],"predecessor-version":[{"id":20891,"href":"https:\/\/anpp.dz\/fr\/wp-json\/wp\/v2\/pages\/17943\/revisions\/20891"}],"wp:attachment":[{"href":"https:\/\/anpp.dz\/fr\/wp-json\/wp\/v2\/media?parent=17943"}],"curies":[{"name":"wp","href":"https:\/\/api.w.org\/{rel}","templated":true}]}}