{"id":1613,"date":"2015-02-03T14:49:09","date_gmt":"2015-02-03T13:49:09","guid":{"rendered":"http:\/\/anpp.wp\/?page_id=1613"},"modified":"2026-01-06T00:22:19","modified_gmt":"2026-01-05T23:22:19","slug":"contactez-nous","status":"publish","type":"page","link":"https:\/\/anpp.dz\/fr\/contactez-nous\/","title":{"rendered":"Contactez-nous"},"content":{"rendered":"<div class=\"wpb-content-wrapper\"><p>[vc_row][vc_column offset=&#8221;vc_hidden-md vc_hidden-sm vc_hidden-xs&#8221;][vc_empty_space height=&#8221;30px&#8221;][\/vc_column][vc_column][\/vc_column][\/vc_row][vc_row css=&#8221;.vc_custom_1597046980214{margin-bottom: 50px !important;}&#8221;][vc_column width=&#8221;1\/3&#8243; offset=&#8221;vc_col-lg-4 vc_col-md-4&#8243;][vc_custom_heading text=&#8221;Comment pouvons-nous vous aider?&#8221; use_theme_fonts=&#8221;yes&#8221; css=&#8221;&#8221; el_class=&#8221;h1-big&#8221;][vc_column_text css=&#8221;.vc_custom_1666175922236{margin-bottom: 25px !important;}&#8221;]N&#8217;h\u00e9sitez pas \u00e0 nous contacter pour vous renseigner sur tout ce que vous voulez.[\/vc_column_text][vc_separator color=&#8221;custom&#8221; align=&#8221;align_left&#8221; el_width=&#8221;90&#8243; accent_color=&#8221;#e7eaf1&#8243;][\/vc_column][vc_column width=&#8221;1\/3&#8243;][\/vc_column][vc_column width=&#8221;1\/3&#8243;][vc_column_text css=&#8221;.vc_custom_1747564727574{margin-top: 25px !important;margin-bottom: 30px !important;}&#8221;]<\/p>\n<h3><strong><i class=\"fas fa-phone\"><\/i> (+213) 23 36 75 22<\/strong><\/h3>\n<p><small>Dimanche- Jeudi : 8h30-16h30<\/small><\/p>\n<p><a class=\"button button-light\" href=\"mailto:direction_generale@anpp.dz \">direction_generale@anpp.dz<\/a><\/p>\n<p><a class=\"button button-light\" href=\"mailto:bureau_communication@anpp.dz\">bureau_communication@anpp.dz<\/a>[\/vc_column_text][\/vc_column][vc_column][vc_goo_maps location=&#8221;ANPP Lot G\u00e9raud Petit Staoueli Dely Ibrahim, Alger \u2013 Alg\u00e9rie&#8221; height=&#8221;400&#8243; zoom=&#8221;15&#8243; css=&#8221;&#8221;][\/vc_column][\/vc_row][vc_row][vc_column][vc_row_inner][vc_column_inner][vc_custom_heading text=&#8221;Foire Aux Questions (FAQ)&#8221; use_theme_fonts=&#8221;yes&#8221; css=&#8221;.vc_custom_1766623705141{margin-bottom: 30px !important;}&#8221;][vc_toggle title=&#8221;Qu&#8217;est-ce que l&#8217;ANPP?&#8221; css=&#8221;&#8221;]L&#8217;Agence Nationale des Produits Pharmaceutiques (ANPP) est une institution publique plac\u00e9e sous la tutelle du Minist\u00e8re de l&#8217;Industrie Pharmaceutique. Elle est charg\u00e9e de l&#8217;enregistrement, de l&#8217;homologation et du contr\u00f4le de la qualit\u00e9 des produits pharmaceutiques et des dispositifs m\u00e9dicaux en Alg\u00e9rie. Elle assure \u00e9galement une mission de vigilance et de veille r\u00e9glementaire.[\/vc_toggle][vc_toggle title=&#8221;O\u00f9 se situe le si\u00e8ge de l&#8217;ANPP?&#8221; css=&#8221;&#8221;]Le si\u00e8ge de l&#8217;agence est situ\u00e9 \u00e0 l&#8217;adresse suivante : <b data-path-to-node=\"6\" data-index-in-node=\"95\">Lot G\u00e9raud Petit Staoueli, Dely Ibrahim, Alger \u2013 Alg\u00e9rie<\/b>.<\/p>\n<p>Des annexes r\u00e9gionales existent \u00e9galement (ex: Oran, Constantine) pour certains d\u00e9p\u00f4ts de dossiers.[\/vc_toggle][vc_toggle title=&#8221;Comment prendre rendez-vous pour le d\u00e9p\u00f4t de dossiers de Produits Pharmaceutiques (PP) ?&#8221; css=&#8221;&#8221;]La prise de rendez-vous s&#8217;effectue <strong>exclusivement en ligne<\/strong> via la plateforme d\u00e9di\u00e9e : <b data-path-to-node=\"8\" data-index-in-node=\"182\"><a class=\"ng-star-inserted\" href=\"https:\/\/rdvpp.anpp.dz\/\" target=\"_blank\" rel=\"noopener\" data-hveid=\"0\" data-ved=\"0CAAQ_4QMahcKEwij5dayjNeRAxUAAAAAHQAAAAAQVA\">rdvpp.anpp.dz<\/a><\/b>.<\/p>\n<ul>\n<li data-path-to-node=\"9,0,0\"><b data-path-to-node=\"9,0,0\" data-index-in-node=\"0\">Ouverture du formulaire :<\/b> Chaque <b data-path-to-node=\"9,0,0\" data-index-in-node=\"33\">mercredi \u00e0 partir de 10h00<\/b> jusqu&#8217;au jeudi \u00e0 10h00.<\/li>\n<li data-path-to-node=\"9,1,0\"><b data-path-to-node=\"9,1,0\" data-index-in-node=\"0\">Lieux de d\u00e9p\u00f4t :<\/b> <strong>Alger<\/strong>, <strong>Oran<\/strong> ou <strong>Constantine<\/strong>.<\/li>\n<li data-path-to-node=\"9,2,0\"><b data-path-to-node=\"9,2,0\" data-index-in-node=\"0\">Note :<\/b> Toute demande incompl\u00e8te est automatiquement <strong>annul\u00e9e<\/strong>.<\/li>\n<\/ul>\n<p>[\/vc_toggle][vc_toggle title=&#8221;Comment prendre rendez-vous pour les Dispositifs M\u00e9dicaux (DM) ?&#8221; css=&#8221;&#8221;]<\/p>\n<p data-path-to-node=\"10\">Les rendez-vous pour les dispositifs m\u00e9dicaux se prennent sur la plateforme : <b data-path-to-node=\"10\" data-index-in-node=\"151\"><a class=\"ng-star-inserted\" href=\"https:\/\/rdvdm.anpp.dz\/\" target=\"_blank\" rel=\"noopener\" data-hveid=\"0\" data-ved=\"0CAAQ_4QMahcKEwij5dayjNeRAxUAAAAAHQAAAAAQVQ\">rdvdm.anpp.dz<\/a><\/b>.<\/p>\n<ul>\n<li data-path-to-node=\"11,0,0\"><b data-path-to-node=\"11,0,0\" data-index-in-node=\"0\">Ouverture du formulaire :<\/b> Chaque <b data-path-to-node=\"11,0,0\" data-index-in-node=\"33\">mardi \u00e0 partir de 10h00<\/b> jusqu&#8217;au jeudi \u00e0 10h00.<\/li>\n<li data-path-to-node=\"11,1,0\"><b data-path-to-node=\"11,1,0\" data-index-in-node=\"0\">Jours de r\u00e9ception des dossiers :<\/b> <strong>Dimanche<\/strong>, <strong>Lundi<\/strong> et <strong>Mercredi<\/strong>.<\/li>\n<\/ul>\n<p>[\/vc_toggle][vc_toggle title=&#8221;Qu&#8217;est-ce que la plateforme E-TASJIL ?&#8221; css=&#8221;&#8221;]E-TASJIL est la plateforme num\u00e9rique de l&#8217;ANPP d\u00e9di\u00e9e \u00e0 la gestion des proc\u00e9dures d&#8217;enregistrement. Une nouvelle version (V2) a \u00e9t\u00e9 d\u00e9ploy\u00e9e pour faciliter les d\u00e9marches des op\u00e9rateurs pharmaceutiques.[\/vc_toggle][vc_toggle title=&#8221;Quels sont les horaires d&#8217;ouverture de l&#8217;agence ?&#8221; css=&#8221;&#8221;]L&#8217;agence est ouverte du <b data-path-to-node=\"16\" data-index-in-node=\"82\">dimanche au jeudi, de 8h30 \u00e0 16h30<\/b>.[\/vc_toggle][vc_toggle title=&#8221;Comment contacter l&#8217;ANPP en cas de besoin ?&#8221; css=&#8221;&#8221;]<\/p>\n<p data-path-to-node=\"17\">Vous pouvez contacter l&#8217;agence via les canaux suivants :<\/p>\n<ul>\n<li data-path-to-node=\"18,0,0\"><b data-path-to-node=\"18,0,0\" data-index-in-node=\"0\">T\u00e9l\u00e9phone :<\/b> (+213) 23 36 75 22<\/li>\n<li data-path-to-node=\"18,1,0\"><b data-path-to-node=\"18,1,0\" data-index-in-node=\"0\">Email (Direction G\u00e9n\u00e9rale) :<\/b> direction_generale@anpp.dz<\/li>\n<li data-path-to-node=\"18,2,0\"><b data-path-to-node=\"18,2,0\" data-index-in-node=\"0\">Email (Communication) :<\/b> bureau_communication@anpp.dz<\/li>\n<\/ul>\n<p>[\/vc_toggle][\/vc_column_inner][\/vc_row_inner][\/vc_column][vc_column offset=&#8221;vc_hidden-md vc_hidden-sm vc_hidden-xs&#8221;][vc_empty_space height=&#8221;30px&#8221;][\/vc_column][\/vc_row][vc_row css=&#8221;.vc_custom_1597047084558{margin-bottom: 50px !important;}&#8221;][vc_column][vc_custom_heading text=&#8221;Remplissez le formulaire si vous avez des questions&#8221; use_theme_fonts=&#8221;yes&#8221; css=&#8221;.vc_custom_1666176887987{margin-bottom: 30px !important;}&#8221;]\n<div class=\"wpcf7 no-js\" id=\"wpcf7-f43-o1\" lang=\"en-US\" dir=\"ltr\" data-wpcf7-id=\"43\">\n<div class=\"screen-reader-response\"><p role=\"status\" aria-live=\"polite\" aria-atomic=\"true\"><\/p> <ul><\/ul><\/div>\n<form action=\"\/fr\/wp-json\/wp\/v2\/pages\/1613#wpcf7-f43-o1\" method=\"post\" class=\"wpcf7-form init\" aria-label=\"Contact form\" novalidate=\"novalidate\" data-status=\"init\">\n<fieldset class=\"hidden-fields-container\"><input type=\"hidden\" name=\"_wpcf7\" value=\"43\" \/><input type=\"hidden\" name=\"_wpcf7_version\" value=\"6.1.5\" \/><input type=\"hidden\" name=\"_wpcf7_locale\" value=\"en_US\" \/><input type=\"hidden\" name=\"_wpcf7_unit_tag\" value=\"wpcf7-f43-o1\" \/><input type=\"hidden\" name=\"_wpcf7_container_post\" value=\"0\" \/><input type=\"hidden\" name=\"_wpcf7_posted_data_hash\" value=\"\" \/><input type=\"hidden\" name=\"_wpcf7_recaptcha_response\" value=\"\" \/>\n<\/fieldset>\n<p><label> Nom & Pr\u00e9nom<br \/>\n<span class=\"wpcf7-form-control-wrap\" data-name=\"fname\"><input size=\"40\" maxlength=\"400\" class=\"wpcf7-form-control wpcf7-text wpcf7-validates-as-required\" aria-required=\"true\" aria-invalid=\"false\" value=\"\" type=\"text\" name=\"fname\" \/><\/span> <\/label><br \/>\n<label> Email<br \/>\n<span class=\"wpcf7-form-control-wrap\" data-name=\"email\"><input size=\"40\" maxlength=\"400\" class=\"wpcf7-form-control wpcf7-email wpcf7-validates-as-required wpcf7-text wpcf7-validates-as-email\" aria-required=\"true\" aria-invalid=\"false\" value=\"\" type=\"email\" name=\"email\" \/><\/span> <\/label>\n<\/p>\n<p><label> Objet<br \/>\n<span class=\"wpcf7-form-control-wrap\" data-name=\"subject\"><input size=\"40\" maxlength=\"400\" class=\"wpcf7-form-control wpcf7-text wpcf7-validates-as-required\" aria-required=\"true\" aria-invalid=\"false\" value=\"\" type=\"text\" name=\"subject\" \/><\/span> <\/label>\n<\/p>\n<p><label> Message (facultatif)<br \/>\n<span class=\"wpcf7-form-control-wrap\" data-name=\"message\"><textarea cols=\"40\" rows=\"10\" maxlength=\"2000\" class=\"wpcf7-form-control wpcf7-textarea\" aria-invalid=\"false\" name=\"message\"><\/textarea><\/span> <\/label>\n<\/p>\n<p><input class=\"wpcf7-form-control wpcf7-submit has-spinner\" type=\"submit\" value=\"Envoyer\" \/>\n<\/p><div class=\"wpcf7-response-output\" aria-hidden=\"true\"><\/div>\n<\/form>\n<\/div>\n[\/vc_column][\/vc_row][vc_row][vc_column offset=&#8221;vc_hidden-md vc_hidden-sm vc_hidden-xs&#8221;][vc_column_text css=&#8221;&#8221;]<strong>Nombre total de visites (tout le temps)<\/strong> : 147625[\/vc_column_text][vc_empty_space height=&#8221;30px&#8221;][\/vc_column][\/vc_row]<\/p>\n<\/div>","protected":false},"excerpt":{"rendered":"<p>[vc_row][vc_column offset=&#8221;vc_hidden-md vc_hidden-sm vc_hidden-xs&#8221;][vc_empty_space height=&#8221;30px&#8221;][\/vc_column][vc_column][\/vc_column][\/vc_row][vc_row css=&#8221;.vc_custom_1597046980214{margin-bottom: 50px !important;}&#8221;][vc_column width=&#8221;1\/3&#8243; offset=&#8221;vc_col-lg-4 vc_col-md-4&#8243;][vc_custom_heading text=&#8221;Comment pouvons-nous vous aider?&#8221; use_theme_fonts=&#8221;yes&#8221; css=&#8221;&#8221; el_class=&#8221;h1-big&#8221;][vc_column_text css=&#8221;.vc_custom_1666175922236{margin-bottom: 25px !important;}&#8221;]N&#8217;h\u00e9sitez pas \u00e0 nous contacter pour vous renseigner sur tout ce que vous voulez.[\/vc_column_text][vc_separator color=&#8221;custom&#8221; align=&#8221;align_left&#8221; el_width=&#8221;90&#8243; accent_color=&#8221;#e7eaf1&#8243;][\/vc_column][vc_column width=&#8221;1\/3&#8243;][\/vc_column][vc_column width=&#8221;1\/3&#8243;][vc_column_text css=&#8221;.vc_custom_1747564727574{margin-top: 25px !important;margin-bottom: 30px !important;}&#8221;] (+213) 23 36 75 22 Dimanche- Jeudi : 8h30-16h30 direction_generale@anpp.dz [&hellip;]<\/p>\n","protected":false},"author":1,"featured_media":0,"parent":0,"menu_order":0,"comment_status":"closed","ping_status":"closed","template":"","meta":{"footnotes":""},"class_list":["post-1613","page","type-page","status-publish","hentry"],"_links":{"self":[{"href":"https:\/\/anpp.dz\/fr\/wp-json\/wp\/v2\/pages\/1613","targetHints":{"allow":["GET"]}}],"collection":[{"href":"https:\/\/anpp.dz\/fr\/wp-json\/wp\/v2\/pages"}],"about":[{"href":"https:\/\/anpp.dz\/fr\/wp-json\/wp\/v2\/types\/page"}],"author":[{"embeddable":true,"href":"https:\/\/anpp.dz\/fr\/wp-json\/wp\/v2\/users\/1"}],"replies":[{"embeddable":true,"href":"https:\/\/anpp.dz\/fr\/wp-json\/wp\/v2\/comments?post=1613"}],"version-history":[{"count":34,"href":"https:\/\/anpp.dz\/fr\/wp-json\/wp\/v2\/pages\/1613\/revisions"}],"predecessor-version":[{"id":21426,"href":"https:\/\/anpp.dz\/fr\/wp-json\/wp\/v2\/pages\/1613\/revisions\/21426"}],"wp:attachment":[{"href":"https:\/\/anpp.dz\/fr\/wp-json\/wp\/v2\/media?parent=1613"}],"curies":[{"name":"wp","href":"https:\/\/api.w.org\/{rel}","templated":true}]}}