{"id":19562,"date":"2022-10-19T11:04:57","date_gmt":"2022-10-19T10:04:57","guid":{"rendered":"https:\/\/anpp.dz\/organization-chart\/"},"modified":"2026-03-13T16:55:41","modified_gmt":"2026-03-13T15:55:41","slug":"organization-chart","status":"publish","type":"page","link":"https:\/\/anpp.dz\/en\/organization-chart\/","title":{"rendered":"Organization chart"},"content":{"rendered":"<div class=\"wpb-content-wrapper\"><p>[vc_row][vc_column][vc_column_text]<\/p>\n<h1 style=\"text-align: center;\"><strong>Organization chart<\/strong><\/h1>\n<p>[\/vc_column_text]<div class=\"wpfd-wpbakery-category  \" id=\"\" ><script type=\"text\/x-handlebars-template\"        id=\"wpfd-template-table-categories-255\">    <div class=\"wpfd-categories hide\">{{#if category}}{{#with category}}{{#if parent}}<a class=\"catlink backcategory\" href=\"#\" data-idcat=\"{{parent}}\">                        <i class=\"zmdi zmdi-chevron-left\"><\/i><span>Back<\/span><\/a>{{\/if}}{{\/with}}{{\/if}}{{#if category.desc}}<div class=\"wpfd-category-desc\">{{category.desc}}<\/div>{{\/if}}<\/div><\/script><script type=\"text\/x-handlebars-template\" id=\"wpfd-template-table-255\">    {{#if files}}    {{#each files}}    <tr class=\"file {{class}} {{ext}}\" data-id=\"{{ID}}\" data-catid=\"{{catid}}\">        <input type=\"hidden\" class=\"wpfd_file_preview_link_download\" value=\"{{linkdownload}}\" data-filetitle=\"{{post_title}}\" data-fileicons=\"ext ext-{{ext}} wpfd-icon-set-svg\" \/>    <td class=\"file_title\"><label class=\"wpfd_checkbox\"><input class=\"cbox_file_download\" type=\"checkbox\" data-id=\"{{ID}}\" \/><span><\/span><\/label><a class=\"wpfd_downloadlink\" href=\"{{linkdownload}}\" title=\"{{post_title}}\" target=\"{{#if remote_file}}_blank{{\/if}}\"><span class=\"extcol\">{{#if file_custom_icon}}<span class=\"icon-custom\"><img decoding=\"async\" src=\"{{file_custom_icon}}\"><\/span>{{else}}<span class=\"ext ext-{{ext}} wpfd-icon-set-svg\"><\/span>{{\/if}}<\/span>{{{crop_title}}}<\/a><\/td><td class=\"file_created\">{{created}}<\/td>                    <td class=\"col-download\">                <a class=\"downloadlink wpfd_downloadlink\"  href=\"{{linkdownload}}\" style=\"background-color:rgba(16, 49, 120, 1);color:#ffffff;\" target=\"{{#if remote_file}}_blank{{\/if}}\">Download<i class=\"zmdi zmdi-cloud-download wpfd-download\"><\/i><\/a>{{#if openpdflink}}<a class=\"openlink wpfd_previewlink\" href=\"{{openpdflink}}\" target=\"_blank\">Preview                            <i class=\"zmdi zmdi-filter-center-focus wpfd-preview\"><\/i>                        <\/a>{{else}}{{#if viewerlink}}<a                            href=\"{{viewerlink}}\"                            class=\"openlink wpfd_previewlink\"                            target=\"_blank\"                            data-id=\"{{ID}}\"                            data-catid=\"{{catid}}\"                            data-file-type=\"{{ext}}\">Preview<i class=\"zmdi zmdi-filter-center-focus wpfd-preview\"><\/i>                        <\/a>{{\/if}}{{\/if}}            <\/td>            <\/tr>    {{\/each}}    {{\/if}}<\/script><div class=\"wpfd-content wpfd-content-table wpfd-content-multi colstyle-hide\" data-category=\"255\"              style=\"background-color: rgba(255, 255, 255, 0);\"><input type=\"hidden\" id=\"current_category_255\" value=\"255\" \/>                    <input type=\"hidden\" id=\"current_category_slug_255\" value=\"organigramme\" \/>                    <input type=\"hidden\" id=\"current_ordering_255\" value=\"created_time\" \/>                    <input type=\"hidden\" id=\"current_ordering_direction_255\" value=\"desc\" \/>                    <input type=\"hidden\" id=\"page_limit_255\" value=\"50\" \/><input type=\"hidden\" id=\"wpfd_display_empty_category_message\" value=\"0\" \/><input type=\"hidden\" id=\"wpfd_empty_category_message_val\" value=\"This file category has no files to display\" \/><input type=\"hidden\" id=\"wpfd_display_empty_folder\" value=\"0\" \/><input type=\"hidden\" id=\"wpfd_is_empty_subcategories\" value=\"1\" \/><input type=\"hidden\" id=\"wpfd_is_empty_files\" value=\"1\" \/><input type=\"hidden\" id=\"wpfd_root_category_id\" class=\"wpfd_root_category_id\" value=\"255\" \/><input type=\"hidden\" id=\"wpfd_root_category_theme\" class=\"wpfd_root_category_theme\" value=\"table\" \/><input type=\"hidden\" id=\"wpfd_root_category_clone_theme_type\" class=\"wpfd_root_category_clone_theme_type\" value=\"none\" \/><input type=\"hidden\" id=\"wpfd_root_category_type\" class=\"wpfd_root_category_type\" value=\"255\" \/><a data-catid=\"\"                       class=\"table-download-category \"                       href=\"https:\/\/anpp.dz\/download\/wpfdcat\/255\/organigramme\">Download all                         <i class=\"zmdi zmdi-check-all wpfd-download-category\"><\/i>                    <\/a><div class=\"wpfd-container\">        <div class=\"wpfd-open-tree\"><\/div>    <div class=\"wpfd-container-table  \">        <div class=\"wpfd-categories hide\"><div class=\"wpfd-category-desc\"><\/div><\/div>        <table class=\"wpfd-search-result wpfd-table wpfd-table-bordered wpfd-table-striped wpfd-table-0 mediaTable wpfd-theme-rows\">            <thead>                <tr>                    <th class=\"essential persist file_title\">Title<\/th><th class=\"optional file_created\">Date added<\/th><th class=\"essential file_download file_download_tbl\">Download<\/th>                <\/tr>            <\/thead>            <tbody>                                            <tr class=\"file pdf\" data-id=\"20455\"                    data-catid=\"255\">                                        <input type=\"hidden\" class=\"wpfd_file_preview_link_download\" value=\"https:\/\/anpp.dz\/download\/255\/organigramme\/20455\/organigramme.pdf\"                           data-filetitle=\"Organigramme\" data-fileicons=\"ext ext-pdf wpfd-icon-set-svg\" \/>                    <td class=\"file_title\"><label class=\"wpfd_checkbox\"><input class=\"cbox_file_download\" type=\"checkbox\" data-id=\"20455\" data-catid=\"255\" \/><span><\/span><\/label><a class=\"wpfd_downloadlink\" href=\"https:\/\/anpp.dz\/download\/255\/organigramme\/20455\/organigramme.pdf\" title=\"Organigramme\" target=\"\"><span class=\"extcol\"><span class=\"ext ext-pdf wpfd-icon-set-svg\"><\/span>Organigramme<\/span><\/a><\/td><td class=\"file_created\">03-06-2025<\/td>                                            <td class=\"file_download_tbl col-download\">                            <a class=\"downloadlink wpfd_downloadlink\"  href=\"https:\/\/anpp.dz\/download\/255\/organigramme\/20455\/organigramme.pdf\" style=\"background-color:rgba(16, 49, 120, 1);color:#ffffff;\" target=\"\">Download<i class=\"zmdi zmdi-cloud-download wpfd-download\"><\/i><\/a><a class=\"openlink wpfd_previewlink\" href=\"https:\/\/anpp.dz\/wp-admin\/admin-ajax.php?juwpfisadmin=false&#038;action=wpfd&#038;task=file.download&#038;wpfd_category_id=255&#038;wpfd_file_id=20455&#038;token=&#038;preview=1\" target=\"_blank\">Preview                            <i class=\"zmdi zmdi-filter-center-focus wpfd-preview\"><\/i>                        <\/a>                        <\/td>                                    <\/tr>                                                            <tr class=\"file pdf\" data-id=\"20336\"                    data-catid=\"255\">                                        <input type=\"hidden\" class=\"wpfd_file_preview_link_download\" value=\"https:\/\/anpp.dz\/download\/255\/organigramme\/20336\/arrete-du-28-juin-2022-fixant-lorganisation-interne-de-lagence-nationale-des-produits-pharmaceutiques.pdf\"                           data-filetitle=\"Arr\u00eat\u00e9 du 28 Juin 2022 Fixant l\u2019Organisation Interne de l\u2019Agence Nationale des Produits Pharmaceutiques\" data-fileicons=\"ext ext-pdf wpfd-icon-set-svg\" \/>                    <td class=\"file_title\"><label class=\"wpfd_checkbox\"><input class=\"cbox_file_download\" type=\"checkbox\" data-id=\"20336\" data-catid=\"255\" \/><span><\/span><\/label><a class=\"wpfd_downloadlink\" href=\"https:\/\/anpp.dz\/download\/255\/organigramme\/20336\/arrete-du-28-juin-2022-fixant-lorganisation-interne-de-lagence-nationale-des-produits-pharmaceutiques.pdf\" title=\"Arr\u00eat\u00e9 du 28 Juin 2022 Fixant l\u2019Organisation Interne de l\u2019Agence Nationale des Produits Pharmaceutiques\" target=\"\"><span class=\"extcol\"><span class=\"ext ext-pdf wpfd-icon-set-svg\"><\/span>Arr\u00eat\u00e9 du 28 Juin 2022 Fixant l\u2019Organisation Interne de l\u2019Agence Nationale des Produits Pharmaceutiques<\/span><\/a><\/td><td class=\"file_created\">12-05-2025<\/td>                                            <td class=\"file_download_tbl col-download\">                            <a class=\"downloadlink wpfd_downloadlink\"  href=\"https:\/\/anpp.dz\/download\/255\/organigramme\/20336\/arrete-du-28-juin-2022-fixant-lorganisation-interne-de-lagence-nationale-des-produits-pharmaceutiques.pdf\" style=\"background-color:rgba(16, 49, 120, 1);color:#ffffff;\" target=\"\">Download<i class=\"zmdi zmdi-cloud-download wpfd-download\"><\/i><\/a><a class=\"openlink wpfd_previewlink\" href=\"https:\/\/anpp.dz\/wp-admin\/admin-ajax.php?juwpfisadmin=false&#038;action=wpfd&#038;task=file.download&#038;wpfd_category_id=255&#038;wpfd_file_id=20336&#038;token=&#038;preview=1\" target=\"_blank\">Preview                            <i class=\"zmdi zmdi-filter-center-focus wpfd-preview\"><\/i>                        <\/a>                        <\/td>                                    <\/tr>                                                            <tr class=\"file pdf\" data-id=\"20337\"                    data-catid=\"255\">                                        <input type=\"hidden\" class=\"wpfd_file_preview_link_download\" value=\"https:\/\/anpp.dz\/download\/255\/organigramme\/20337\/decret-executif-n-19-190-du-03-juillet-2019-modifie-et-complete-fixant-les-missions-lorganisation-et-le-fonctionnement-de-lanpp.pdf\"                           data-filetitle=\"D\u00e9cret Ex\u00e9cutif N\u00b0 19-190 du 03 Juillet 2019, Modifi\u00e9 et Compl\u00e9t\u00e9, Fixant les Missions, l\u2019Organisation et le Fonctionnement de l\u2019ANPP\" data-fileicons=\"ext ext-pdf wpfd-icon-set-svg\" \/>                    <td class=\"file_title\"><label class=\"wpfd_checkbox\"><input class=\"cbox_file_download\" type=\"checkbox\" data-id=\"20337\" data-catid=\"255\" \/><span><\/span><\/label><a class=\"wpfd_downloadlink\" href=\"https:\/\/anpp.dz\/download\/255\/organigramme\/20337\/decret-executif-n-19-190-du-03-juillet-2019-modifie-et-complete-fixant-les-missions-lorganisation-et-le-fonctionnement-de-lanpp.pdf\" title=\"D\u00e9cret Ex\u00e9cutif N\u00b0 19-190 du 03 Juillet 2019, Modifi\u00e9 et Compl\u00e9t\u00e9, Fixant les Missions, l\u2019Organisation et le Fonctionnement de l\u2019ANPP\" target=\"\"><span class=\"extcol\"><span class=\"ext ext-pdf wpfd-icon-set-svg\"><\/span>D\u00e9cret Ex\u00e9cutif N\u00b0 19-190 du 03 Juillet 2019, Modifi\u00e9 et Compl\u00e9t\u00e9, Fixant les Missions, l\u2019Organisation et le Fonctionnement de l\u2019ANPP<\/span><\/a><\/td><td class=\"file_created\">12-05-2025<\/td>                                            <td class=\"file_download_tbl col-download\">                            <a class=\"downloadlink wpfd_downloadlink\"  href=\"https:\/\/anpp.dz\/download\/255\/organigramme\/20337\/decret-executif-n-19-190-du-03-juillet-2019-modifie-et-complete-fixant-les-missions-lorganisation-et-le-fonctionnement-de-lanpp.pdf\" style=\"background-color:rgba(16, 49, 120, 1);color:#ffffff;\" target=\"\">Download<i class=\"zmdi zmdi-cloud-download wpfd-download\"><\/i><\/a><a class=\"openlink wpfd_previewlink\" href=\"https:\/\/anpp.dz\/wp-admin\/admin-ajax.php?juwpfisadmin=false&#038;action=wpfd&#038;task=file.download&#038;wpfd_category_id=255&#038;wpfd_file_id=20337&#038;token=&#038;preview=1\" target=\"_blank\">Preview                            <i class=\"zmdi zmdi-filter-center-focus wpfd-preview\"><\/i>                        <\/a>                        <\/td>                                    <\/tr>                                        <\/tbody>        <\/table>            <\/div><\/div><\/div><\/div>[vc_column_text]<embed src=\"https:\/\/anpp.dz\/wp-content\/uploads\/2025\/06\/Organigramme-1.pdf#toolbar=0&amp;navpanes=0&amp;scrollbar=0\" type=\"application\/pdf\" width=\"100%\" height=\"600px\"><\/embed>[\/vc_column_text][\/vc_column][\/vc_row]<\/p>\n<\/div>","protected":false},"excerpt":{"rendered":"<p>[vc_row][vc_column][vc_column_text] Organization chart [\/vc_column_text][vc_column_text][\/vc_column_text][\/vc_column][\/vc_row]<\/p>\n","protected":false},"author":1,"featured_media":0,"parent":0,"menu_order":0,"comment_status":"closed","ping_status":"closed","template":"","meta":{"footnotes":""},"class_list":["post-19562","page","type-page","status-publish","hentry"],"_links":{"self":[{"href":"https:\/\/anpp.dz\/en\/wp-json\/wp\/v2\/pages\/19562","targetHints":{"allow":["GET"]}}],"collection":[{"href":"https:\/\/anpp.dz\/en\/wp-json\/wp\/v2\/pages"}],"about":[{"href":"https:\/\/anpp.dz\/en\/wp-json\/wp\/v2\/types\/page"}],"author":[{"embeddable":true,"href":"https:\/\/anpp.dz\/en\/wp-json\/wp\/v2\/users\/1"}],"replies":[{"embeddable":true,"href":"https:\/\/anpp.dz\/en\/wp-json\/wp\/v2\/comments?post=19562"}],"version-history":[{"count":2,"href":"https:\/\/anpp.dz\/en\/wp-json\/wp\/v2\/pages\/19562\/revisions"}],"predecessor-version":[{"id":22070,"href":"https:\/\/anpp.dz\/en\/wp-json\/wp\/v2\/pages\/19562\/revisions\/22070"}],"wp:attachment":[{"href":"https:\/\/anpp.dz\/en\/wp-json\/wp\/v2\/media?parent=19562"}],"curies":[{"name":"wp","href":"https:\/\/api.w.org\/{rel}","templated":true}]}}