{"id":19539,"date":"2022-11-06T15:38:01","date_gmt":"2022-11-06T14:38:01","guid":{"rendered":"https:\/\/anpp.dz\/decrees\/"},"modified":"2025-05-18T14:34:27","modified_gmt":"2025-05-18T13:34:27","slug":"decrees","status":"publish","type":"page","link":"https:\/\/anpp.dz\/en\/decrees\/","title":{"rendered":"Decrees"},"content":{"rendered":"<div class=\"wpb-content-wrapper\"><p>[vc_row content_placement=&#8221;middle&#8221; css=&#8221;.vc_custom_1667917026426{margin-bottom: 15px !important;padding-top: 10px !important;padding-right: 10px !important;padding-bottom: 10px !important;padding-left: 10px !important;background-color: #fdf6ed !important;border-radius: 20px !important;}&#8221;][vc_column width=&#8221;5\/6&#8243; css=&#8221;.vc_custom_1667916047985{padding-top: 10px !important;}&#8221;][vc_column_text]<\/p>\n<div class=\"row\">\n<div class=\"col-lg-12\">\n<h6 class=\"title-box\"><a href=\"https:\/\/www.joradp.dz\/FTP\/jo-francais\/2021\/F2021097.pdf?znjo=97#page=19\" target=\"_blank\" rel=\"noopener\">D\u00e9cret ex\u00e9cutif n\u00b0 21-525 du 21 Joumada El Oula 1443 correspondant au 26 d\u00e9cembre 2021 compl\u00e9tant le d\u00e9cret ex\u00e9cutif n\u00b0 19-190 du 30 Chaoual 1440 correspondant au 3 juillet 2019 fixant les missions, l&#8217;organisation et le fonctionnement de l&#8217;agence nationale des produits pharmaceutiques.<\/a><\/h6>\n<\/div>\n<\/div>\n<p>[\/vc_column_text][\/vc_column][vc_column width=&#8221;1\/6&#8243;][vc_single_image image=&#8221;17930&#8243; alignment=&#8221;center&#8221; onclick=&#8221;custom_link&#8221; img_link_target=&#8221;_blank&#8221; link=&#8221;https:\/\/www.joradp.dz\/FTP\/jo-francais\/2021\/F2021097.pdf?znjo=97#page=19&#8243;][\/vc_column][\/vc_row][vc_row content_placement=&#8221;middle&#8221; css=&#8221;.vc_custom_1667917026426{margin-bottom: 15px !important;padding-top: 10px !important;padding-right: 10px !important;padding-bottom: 10px !important;padding-left: 10px !important;background-color: #fdf6ed !important;border-radius: 20px !important;}&#8221;][vc_column width=&#8221;5\/6&#8243;][vc_column_text]<\/p>\n<h6> <a href=\"https:\/\/www.joradp.dz\/FTP\/jo-francais\/2022\/F2022002.pdf?znjo=02#page=15\" target=\"_blank\" rel=\"noopener\"><i class=\"fa fa-file-pdf-o\" aria-hidden=\"true\"><\/i> D\u00e9cret ex\u00e9cutif n\u00b0 21-552 du 25 Joumada El Oula 1443 correspondant au 30 d\u00e9cembre 2021 fixant les modalit\u00e9s d\u2019acquittement et d\u2019affectation du produit de la taxe de contr\u00f4le et expertise de lot de produit pharmaceutique et- ou de dispositif m\u00e9dical<\/a>.<\/h6>\n<p>[\/vc_column_text][\/vc_column][vc_column width=&#8221;1\/6&#8243;][vc_single_image image=&#8221;17930&#8243; alignment=&#8221;center&#8221; onclick=&#8221;custom_link&#8221; img_link_target=&#8221;_blank&#8221; link=&#8221;https:\/\/www.joradp.dz\/FTP\/jo-francais\/2022\/F2022002.pdf?znjo=02#page=15&#8243;][\/vc_column][\/vc_row][vc_row content_placement=&#8221;middle&#8221; css=&#8221;.vc_custom_1667917026426{margin-bottom: 15px !important;padding-top: 10px !important;padding-right: 10px !important;padding-bottom: 10px !important;padding-left: 10px !important;background-color: #fdf6ed !important;border-radius: 20px !important;}&#8221;][vc_column width=&#8221;5\/6&#8243; css=&#8221;.vc_custom_1667916047985{padding-top: 10px !important;}&#8221;][vc_column_text]<\/p>\n<h6><i class=\"fa fa-file-pdf-o\" aria-hidden=\"true\"><\/i><a href=\"https:\/\/www.joradp.dz\/FTP\/jo-francais\/2022\/F2022002.pdf?znjo=02#page=14\" target=\"_blank\" rel=\"noopener\"> D\u00e9cret ex\u00e9cutif n\u00b0 21-551 du 25 Joumada El Oula 1443 correspondant au 30 d\u00e9cembre 2021 fixant les modalit\u00e9s de recouvrement et d\u2019affectation du produit de la redevance des produits pharmaceutiques et des dispositifs m\u00e9dicaux.<\/a><\/h6>\n<p>[\/vc_column_text][\/vc_column][vc_column width=&#8221;1\/6&#8243;][vc_single_image image=&#8221;17930&#8243; alignment=&#8221;center&#8221; onclick=&#8221;custom_link&#8221; img_link_target=&#8221;_blank&#8221; link=&#8221;https:\/\/www.joradp.dz\/FTP\/jo-francais\/2022\/F2022002.pdf?znjo=02#page=14&#8243;][\/vc_column][\/vc_row][vc_row content_placement=&#8221;middle&#8221; css=&#8221;.vc_custom_1667917026426{margin-bottom: 15px !important;padding-top: 10px !important;padding-right: 10px !important;padding-bottom: 10px !important;padding-left: 10px !important;background-color: #fdf6ed !important;border-radius: 20px !important;}&#8221;][vc_column width=&#8221;5\/6&#8243;][vc_column_text]<\/p>\n<h6><i class=\"fa fa-file-pdf-o\" aria-hidden=\"true\"><\/i><a href=\"https:\/\/www.joradp.dz\/FTP\/jo-francais\/2021\/F2021054.pdf#page=12\" target=\"_blank\" rel=\"noopener\">D\u00e9cret pr\u00e9sidentiel du 10 Dhou El Ka\u00e2da 1442 correspondant au 21 juin 2021 portant nomination du directeur g\u00e9n\u00e9ral de l&#8217;agence nationale des produits pharmaceutiques.<\/a><\/h6>\n<p>[\/vc_column_text][\/vc_column][vc_column width=&#8221;1\/6&#8243;][vc_single_image image=&#8221;17930&#8243; alignment=&#8221;center&#8221; onclick=&#8221;custom_link&#8221; img_link_target=&#8221;_blank&#8221; link=&#8221;https:\/\/www.joradp.dz\/FTP\/jo-francais\/2021\/F2021054.pdf#page=12&#8243;][\/vc_column][\/vc_row][vc_row content_placement=&#8221;middle&#8221; css=&#8221;.vc_custom_1667917026426{margin-bottom: 15px !important;padding-top: 10px !important;padding-right: 10px !important;padding-bottom: 10px !important;padding-left: 10px !important;background-color: #fdf6ed !important;border-radius: 20px !important;}&#8221;][vc_column width=&#8221;5\/6&#8243;][vc_column_text]<\/p>\n<h6><a href=\"https:\/\/www.joradp.dz\/FTP\/jo-francais\/2021\/F2021007.pdf#page=11\" target=\"_blank\" rel=\"noopener\"><i class=\"fa fa-file-pdf-o\" aria-hidden=\"true\"><\/i> D\u00e9cret ex\u00e9cutif n\u00b0 21-53 du 17 Joumada Ethania 1442 correspondant au 31 janvier 2021 relatif aux modalit\u00e9s de d\u00e9livrance de l\u2019autorisation temporaire d\u2019utilisation de m\u00e9dicaments non enregistr\u00e9s.<\/a><\/h6>\n<p>[\/vc_column_text][\/vc_column][vc_column width=&#8221;1\/6&#8243;][vc_single_image image=&#8221;17930&#8243; alignment=&#8221;center&#8221; onclick=&#8221;custom_link&#8221; img_link_target=&#8221;_blank&#8221; link=&#8221;https:\/\/www.joradp.dz\/FTP\/jo-francais\/2021\/F2021007.pdf#page=11&#8243;][\/vc_column][\/vc_row][vc_row content_placement=&#8221;middle&#8221; css=&#8221;.vc_custom_1667917026426{margin-bottom: 15px !important;padding-top: 10px !important;padding-right: 10px !important;padding-bottom: 10px !important;padding-left: 10px !important;background-color: #fdf6ed !important;border-radius: 20px !important;}&#8221;][vc_column width=&#8221;5\/6&#8243;][vc_column_text css=&#8221;.vc_custom_1667830665824{background-color: #fdf6ed !important;}&#8221;]<\/p>\n<h6><a href=\"http:\/\/www.joradp.dz\/FTP\/JO-francais\/2020\/F2020078.pdf#page=18?znjo=78\">D\u00e9cret ex\u00e9cutif n\u00b0 20-391 du 4 Joumada El Oula 1442 correspondant au 19 d\u00e9cembre 2020 modifiant et compl\u00e9tant le d\u00e9cret ex\u00e9cutif n\u00b0 19-190 du 30 Chaoual 1440 correspondant au 3 juillet 2019 fixant les missions, l&#8217;organisation et le fonctionnement de l&#8217;agence nationale des produits pharmaceutiques.<\/a><\/h6>\n<h6><\/h6>\n<p>[\/vc_column_text][\/vc_column][vc_column width=&#8221;1\/6&#8243;][vc_single_image image=&#8221;17930&#8243; alignment=&#8221;center&#8221; onclick=&#8221;custom_link&#8221; img_link_target=&#8221;_blank&#8221; link=&#8221;http:\/\/www.joradp.dz\/FTP\/JO-francais\/2020\/F2020078.pdf#page=18?znjo=78&#8243;][\/vc_column][\/vc_row][vc_row content_placement=&#8221;middle&#8221; css=&#8221;.vc_custom_1667917026426{margin-bottom: 15px !important;padding-top: 10px !important;padding-right: 10px !important;padding-bottom: 10px !important;padding-left: 10px !important;background-color: #fdf6ed !important;border-radius: 20px !important;}&#8221;][vc_column width=&#8221;5\/6&#8243;][vc_column_text css=&#8221;.vc_custom_1667830757752{background-color: #fdf6ed !important;}&#8221;]<\/p>\n<h6><a href=\"http:\/\/www.joradp.dz\/FTP\/JO-francais\/2020\/F2020069.pdf#page=10?znjo=69\" target=\"_blank\" rel=\"noopener\"><i class=\"fa fa-file-pdf-o\" aria-hidden=\"true\"><\/i> D\u00e9cret ex\u00e9cutif n\u00b0 20-324 du 6 Rabie Ethani 1442 correspondant au 22 novembre 2020 relatif aux modalit\u00e9s d\u2019homologation des dispositifs m\u00e9dicaux.<\/a><\/h6>\n<h6><\/h6>\n<p>[\/vc_column_text][\/vc_column][vc_column width=&#8221;1\/6&#8243;][vc_single_image image=&#8221;17930&#8243; alignment=&#8221;center&#8221; onclick=&#8221;custom_link&#8221; img_link_target=&#8221;_blank&#8221; link=&#8221;http:\/\/www.joradp.dz\/FTP\/JO-francais\/2020\/F2020069.pdf#page=10?znjo=69&#8243;][\/vc_column][\/vc_row][vc_row content_placement=&#8221;middle&#8221; css=&#8221;.vc_custom_1667917026426{margin-bottom: 15px !important;padding-top: 10px !important;padding-right: 10px !important;padding-bottom: 10px !important;padding-left: 10px !important;background-color: #fdf6ed !important;border-radius: 20px !important;}&#8221;][vc_column width=&#8221;5\/6&#8243;][vc_column_text css=&#8221;.vc_custom_1667918899776{background-color: #fdf6ed !important;}&#8221;]<\/p>\n<h6> <a href=\"http:\/\/www.joradp.dz\/FTP\/JO-francais\/2020\/F2020069.pdf#page=15?znjo=69\" target=\"_blank\" rel=\"noopener\"><i class=\"fa fa-file-pdf-o\" aria-hidden=\"true\"><\/i> D\u00e9cret ex\u00e9cutif n\u00b0 20-325 du 6 Rabie Ethani 1442 correspondant au 22 novembre 2020 relatif aux modalit\u00e9s d\u2019enregistrement des produits pharmaceutiques<\/a>.<\/h6>\n<p>[\/vc_column_text][\/vc_column][vc_column width=&#8221;1\/6&#8243;][vc_single_image image=&#8221;17930&#8243; alignment=&#8221;center&#8221; onclick=&#8221;custom_link&#8221; img_link_target=&#8221;_blank&#8221; link=&#8221;http:\/\/www.joradp.dz\/FTP\/JO-francais\/2020\/F2020069.pdf#page=15?znjo=69&#8243;][\/vc_column][\/vc_row][vc_row content_placement=&#8221;middle&#8221; css=&#8221;.vc_custom_1667917026426{margin-bottom: 15px !important;padding-top: 10px !important;padding-right: 10px !important;padding-bottom: 10px !important;padding-left: 10px !important;background-color: #fdf6ed !important;border-radius: 20px !important;}&#8221;][vc_column width=&#8221;5\/6&#8243;][vc_column_text css=&#8221;.vc_custom_1667831040094{background-color: #fdf6ed !important;}&#8221;]<\/p>\n<h6><a href=\"https:\/\/www.joradp.dz\/FTP\/JO-FRANCAIS\/2019\/F2019043.pdf#page=5\" target=\"_blank\" rel=\"noopener\"><i class=\"fa fa-file-pdf-o\" aria-hidden=\"true\"><\/i> D\u00e9cret ex\u00e9cutif n\u00b0 19-190 du 30 Chaoual 1440 correspondant au 3 juillet 2019 fixant les missions, l&#8217;organisation et le fonctionnement de l&#8217;agence nationale des produits pharmaceutiques.<\/a><\/h6>\n<p>[\/vc_column_text][\/vc_column][vc_column width=&#8221;1\/6&#8243;][vc_single_image image=&#8221;17930&#8243; alignment=&#8221;center&#8221; onclick=&#8221;custom_link&#8221; img_link_target=&#8221;_blank&#8221; link=&#8221;https:\/\/www.joradp.dz\/FTP\/JO-FRANCAIS\/2019\/F2019043.pdf#page=5&#8243;][\/vc_column][\/vc_row][vc_row content_placement=&#8221;middle&#8221; css=&#8221;.vc_custom_1667917026426{margin-bottom: 15px !important;padding-top: 10px !important;padding-right: 10px !important;padding-bottom: 10px !important;padding-left: 10px !important;background-color: #fdf6ed !important;border-radius: 20px !important;}&#8221;][vc_column width=&#8221;5\/6&#8243;][vc_column_text css=&#8221;.vc_custom_1685616642276{background-color: #fdf6ed !important;}&#8221;]<\/p>\n<h6><a href=\"https:\/\/anpp.dz\/download\/147\/decrets\/18320\/decret-executif-relatif-a-linformation-medicale-et-scientifique.pdf\">D\u00e9cret ex\u00e9cutif n\u00b0 92-286 du 6 juillet 1992 relatif \u00e0 l&#8217;information m\u00e9dicale et scientifique sur les produits pharmaceutiques \u00e0 usage de la m\u00e9decine humaine.<\/a><\/h6>\n<p>[\/vc_column_text][\/vc_column][vc_column width=&#8221;1\/6&#8243;][vc_single_image image=&#8221;17930&#8243; alignment=&#8221;center&#8221; onclick=&#8221;custom_link&#8221; img_link_target=&#8221;_blank&#8221; link=&#8221;https:\/\/anpp.dz\/download\/147\/decrets\/18320\/decret-executif-relatif-a-linformation-medicale-et-scientifique.pdf&#8221;][\/vc_column][\/vc_row][vc_row][vc_column][vc_empty_space][\/vc_column][\/vc_row]<\/p>\n<\/div>","protected":false},"excerpt":{"rendered":"<p>[vc_row content_placement=&#8221;middle&#8221; css=&#8221;.vc_custom_1667917026426{margin-bottom: 15px !important;padding-top: 10px !important;padding-right: 10px !important;padding-bottom: 10px !important;padding-left: 10px !important;background-color: #fdf6ed !important;border-radius: 20px !important;}&#8221;][vc_column width=&#8221;5\/6&#8243; css=&#8221;.vc_custom_1667916047985{padding-top: 10px !important;}&#8221;][vc_column_text] D\u00e9cret ex\u00e9cutif n\u00b0 21-525 du 21 Joumada El Oula 1443 correspondant au 26 d\u00e9cembre 2021 compl\u00e9tant le d\u00e9cret ex\u00e9cutif n\u00b0 19-190 du 30 Chaoual 1440 correspondant au 3 juillet 2019 fixant les missions, l&#8217;organisation [&hellip;]<\/p>\n","protected":false},"author":1,"featured_media":0,"parent":0,"menu_order":0,"comment_status":"closed","ping_status":"closed","template":"","meta":{"footnotes":""},"class_list":["post-19539","page","type-page","status-publish","hentry"],"_links":{"self":[{"href":"https:\/\/anpp.dz\/en\/wp-json\/wp\/v2\/pages\/19539","targetHints":{"allow":["GET"]}}],"collection":[{"href":"https:\/\/anpp.dz\/en\/wp-json\/wp\/v2\/pages"}],"about":[{"href":"https:\/\/anpp.dz\/en\/wp-json\/wp\/v2\/types\/page"}],"author":[{"embeddable":true,"href":"https:\/\/anpp.dz\/en\/wp-json\/wp\/v2\/users\/1"}],"replies":[{"embeddable":true,"href":"https:\/\/anpp.dz\/en\/wp-json\/wp\/v2\/comments?post=19539"}],"version-history":[{"count":1,"href":"https:\/\/anpp.dz\/en\/wp-json\/wp\/v2\/pages\/19539\/revisions"}],"predecessor-version":[{"id":20387,"href":"https:\/\/anpp.dz\/en\/wp-json\/wp\/v2\/pages\/19539\/revisions\/20387"}],"wp:attachment":[{"href":"https:\/\/anpp.dz\/en\/wp-json\/wp\/v2\/media?parent=19539"}],"curies":[{"name":"wp","href":"https:\/\/api.w.org\/{rel}","templated":true}]}}